{"id":31608,"date":"2023-02-01T21:25:32","date_gmt":"2023-02-01T13:25:32","guid":{"rendered":"https:\/\/gretasexylingerie.com\/?post_type=product&#038;p=31608"},"modified":"2023-09-05T20:50:56","modified_gmt":"2023-09-05T12:50:56","slug":"gennemsigtig-mesh-slojfe-blondetrusse","status":"publish","type":"product","link":"https:\/\/gretasexylingerie.com\/da\/products\/transparent-mesh-bow-lace-panty\/","title":{"rendered":"Gennemsigtig mesh sl\u00f8jfe blondetrusse"},"content":{"rendered":"<p>Funktioner:<\/p>\n\n\n\n<p>1. Uds\u00f8gt dekoration. Forside og bagside Cross Design, Bowknot In The Play, Frisk Og Elegant, Uds\u00f8gt Udsmykning, Enkel Stil Ganske Feminint Og Elegant Temperament.<br>2. Ingen sporkant. Tv\u00e6rtaljen er tynd og t\u00e6t p\u00e5 kroppen, og syprocessen er stringent, s\u00e5 det er ikke nemt at tage tr\u00e5den af og rive, og stoffet er glat og bl\u00f8dt at r\u00f8re ved.<br>3. \u00c5ndbart skridt. Materialet er fint og glat, skridtet er behageligt at have p\u00e5, let og \u00e5ndbart.<br>4. Sexet \u00e5bent skridt. Videnskabeligt designet, adskilt p\u00e5 det rigtige sted, skjult mysterium sexet, lad din elsker ikke stoppe.<\/p>","protected":false},"excerpt":{"rendered":"<p>Denne gennemsigtige mesh-sl\u00f8jfetrusse er den perfekte kombination af s\u00f8d og sexet. Den er lavet af et bl\u00f8dt og str\u00e6kbart stof og er designet til at give en behagelig og sikker pasform. Med sit feminine og romantiske design er denne trusse den perfekte tilf\u00f8jelse til enhver lingerikollektion.<\/p>","protected":false},"featured_media":31619,"template":"","meta":[],"product_brand":[],"product_cat":[402,401,399],"product_tag":[512,516,446],"class_list":{"0":"post-31608","1":"product","2":"type-product","3":"status-publish","4":"has-post-thumbnail","6":"product_cat-lace-panties","7":"product_cat-crotchless-panties","8":"product_cat-sexy-panty","9":"product_tag-bow-lingerie","10":"product_tag-lace-lingerie","11":"product_tag-wholesale-sexy-see-through-lingerie","12":"pa_color-black","13":"pa_color-pink-women-sexy-lingerie","14":"pa_color-red-women-sexy-lingerie","15":"pa_color-white","16":"pa_size-free","18":"first","19":"instock","20":"taxable","21":"shipping-taxable","22":"purchasable","23":"product-type-variable"},"tiered_pricing_type":"fixed","tiered_pricing_fixed_rules":[],"tiered_pricing_product_settings":{"layout":"default","base_unit_name":{"singular":null,"plural":null},"default_variation":null},"tiered_pricing_minimum_quantity":null,"tiered_pricing_roles_data":{"default_wholesaler":{"product_id":31608,"role":"default_wholesaler","pricing_type":"flat","regular_price":null,"sale_price":null,"discount":null,"discount_type":"sale_price","tiered_pricing_type":"fixed","percentage_rules":[],"fixed_rules":{"2":"1.39","100":"0.99","800":"0.69"},"minimum":null},"dropshippinger":{"product_id":31608,"role":"dropshippinger","pricing_type":"flat","regular_price":null,"sale_price":null,"discount":null,"discount_type":"sale_price","tiered_pricing_type":"fixed","percentage_rules":[],"fixed_rules":{"1":"1.89","30":"1.09","100":"0.99"},"minimum":null}},"tiered_pricing_percentage_rules":[],"tiered_pricing_maximum_quantity":null,"tiered_pricing_quantity_step":null,"_links":{"self":[{"href":"https:\/\/gretasexylingerie.com\/da\/wp-json\/wp\/v2\/product\/31608","targetHints":{"allow":["GET"]}}],"collection":[{"href":"https:\/\/gretasexylingerie.com\/da\/wp-json\/wp\/v2\/product"}],"about":[{"href":"https:\/\/gretasexylingerie.com\/da\/wp-json\/wp\/v2\/types\/product"}],"wp:featuredmedia":[{"embeddable":true,"href":"https:\/\/gretasexylingerie.com\/da\/wp-json\/wp\/v2\/media\/31619"}],"wp:attachment":[{"href":"https:\/\/gretasexylingerie.com\/da\/wp-json\/wp\/v2\/media?parent=31608"}],"wp:term":[{"taxonomy":"product_brand","embeddable":true,"href":"https:\/\/gretasexylingerie.com\/da\/wp-json\/wp\/v2\/product_brand?post=31608"},{"taxonomy":"product_cat","embeddable":true,"href":"https:\/\/gretasexylingerie.com\/da\/wp-json\/wp\/v2\/product_cat?post=31608"},{"taxonomy":"product_tag","embeddable":true,"href":"https:\/\/gretasexylingerie.com\/da\/wp-json\/wp\/v2\/product_tag?post=31608"}],"curies":[{"name":"wp","href":"https:\/\/api.w.org\/{rel}","templated":true}]}}