{"id":31426,"date":"2023-01-31T22:07:15","date_gmt":"2023-01-31T14:07:15","guid":{"rendered":"https:\/\/gretasexylingerie.com\/?post_type=product&#038;p=31426"},"modified":"2023-09-05T20:50:50","modified_gmt":"2023-09-05T12:50:50","slug":"blomster-fiskenet-glitter-strompebukser","status":"publish","type":"product","link":"https:\/\/gretasexylingerie.com\/da\/products\/flowers-fishing-net-glitter-pantyhose\/","title":{"rendered":"Blomster Fiskenet Glitter Str\u00f8mpebukser"},"content":{"rendered":"<p>Funktioner:<\/p>\n<p>1. D\u00e6kket med skinnende rhinsten. Den avancerede varmboreproces er vedtaget, s\u00e5 hver rhinsten sidder godt fast p\u00e5 str\u00f8mpebuksen, og det er ikke nemt at falde af.<br \/>\n2. Brug af h\u00f8jkvalitets nylonstof, h\u00f8j elasticitet og mesh-struktur kan lettere tilpasse sig forskellige kroppe.<br \/>\n3. Designet af str\u00f8mpeb\u00e5ndsb\u00e6lte i \u00e9t stykke og meshb\u00e6ltet kan nemt matches perfekt med ethvert t\u00f8j.<br \/>\n4. Sokkerne er dekoreret med uds\u00f8gte m\u00f8nstre for at g\u00f8re kundernes ben mere sexede.<br \/>\n5. Let at reng\u00f8re: Dameundert\u00f8j skal vaskes inden det b\u00e6res, bare h\u00e5ndvaskes i koldt vand og derefter dryppet\u00f8rres; M\u00e5 ikke stryges.<\/p>","protected":false},"excerpt":{"rendered":"<p>Pift dine aftener op med blomsterfiskenet Glitter str\u00f8mpebukser! Den sarte mesh-struktur er lavet af h\u00f8j-stretch-stof og kan tilpasse sig mere af kroppen. Et stykke str\u00f8mpeb\u00e5ndsb\u00e6lte med meshkonstruktion i taljen og smukt m\u00f8nstrede ben. Det hele er d\u00e6kket med funklende rhinsten.<\/p>","protected":false},"featured_media":31430,"template":"","meta":[],"product_brand":[],"product_cat":[415,411,404,416],"product_tag":[532,525,504],"class_list":{"0":"post-31426","1":"product","2":"type-product","3":"status-publish","4":"has-post-thumbnail","6":"product_cat-wholeale-shiny-pantyhose","7":"product_cat-sexy-pantyhose","8":"product_cat-sexy-stocking","9":"product_cat-wholesale-suspender-pantyhose","10":"product_tag-lingerie-suspender-set","11":"product_tag-rhinestone-lingerie","12":"product_tag-ultra-sexy","13":"pa_color-bisque-women-sexy-lingerie","14":"pa_color-black","15":"pa_color-deep-pink-women-sexy-lingerie","17":"first","18":"instock","19":"taxable","20":"shipping-taxable","21":"purchasable","22":"product-type-variable"},"tiered_pricing_type":"fixed","tiered_pricing_fixed_rules":[],"tiered_pricing_product_settings":{"layout":"default","base_unit_name":{"singular":null,"plural":null},"default_variation":null},"tiered_pricing_minimum_quantity":null,"tiered_pricing_roles_data":{"default_wholesaler":{"product_id":31426,"role":"default_wholesaler","pricing_type":"flat","regular_price":null,"sale_price":null,"discount":null,"discount_type":"sale_price","tiered_pricing_type":"fixed","percentage_rules":[],"fixed_rules":{"2":"3.39","50":"2.69","800":"1.99"},"minimum":null},"dropshippinger":{"product_id":31426,"role":"dropshippinger","pricing_type":"flat","regular_price":null,"sale_price":null,"discount":null,"discount_type":"sale_price","tiered_pricing_type":"fixed","percentage_rules":[],"fixed_rules":{"1":"3.79","10":"3.39","50":"2.69"},"minimum":null}},"tiered_pricing_percentage_rules":[],"tiered_pricing_maximum_quantity":null,"tiered_pricing_quantity_step":null,"_links":{"self":[{"href":"https:\/\/gretasexylingerie.com\/da\/wp-json\/wp\/v2\/product\/31426","targetHints":{"allow":["GET"]}}],"collection":[{"href":"https:\/\/gretasexylingerie.com\/da\/wp-json\/wp\/v2\/product"}],"about":[{"href":"https:\/\/gretasexylingerie.com\/da\/wp-json\/wp\/v2\/types\/product"}],"wp:featuredmedia":[{"embeddable":true,"href":"https:\/\/gretasexylingerie.com\/da\/wp-json\/wp\/v2\/media\/31430"}],"wp:attachment":[{"href":"https:\/\/gretasexylingerie.com\/da\/wp-json\/wp\/v2\/media?parent=31426"}],"wp:term":[{"taxonomy":"product_brand","embeddable":true,"href":"https:\/\/gretasexylingerie.com\/da\/wp-json\/wp\/v2\/product_brand?post=31426"},{"taxonomy":"product_cat","embeddable":true,"href":"https:\/\/gretasexylingerie.com\/da\/wp-json\/wp\/v2\/product_cat?post=31426"},{"taxonomy":"product_tag","embeddable":true,"href":"https:\/\/gretasexylingerie.com\/da\/wp-json\/wp\/v2\/product_tag?post=31426"}],"curies":[{"name":"wp","href":"https:\/\/api.w.org\/{rel}","templated":true}]}}