{"id":31415,"date":"2023-01-31T21:53:43","date_gmt":"2023-01-31T13:53:43","guid":{"rendered":"https:\/\/gretasexylingerie.com\/?post_type=product&#038;p=31415"},"modified":"2023-09-05T20:50:48","modified_gmt":"2023-09-05T12:50:48","slug":"sommerfugl-gennemsigtige-skridtfri-strompebukser","status":"publish","type":"product","link":"https:\/\/gretasexylingerie.com\/da\/products\/butterfly-transparent-crotchless-pantyhose\/","title":{"rendered":"Butterfly gennemsigtig skridtl\u00f8s str\u00f8mpebukser"},"content":{"rendered":"<p>Funktioner:<\/p>\n\n\n\n<p>1. Passioneret \u00e5bent skridtdesign, s\u00e5 du kan forl\u00f8se dit \u00f8nske til enhver tid.<br>2. H\u00f8jelastisk kernespundet silke, gennemsigtigt design, g\u00f8r dine l\u00e5r mere slanke og sexede. Siderne er s\u00f8ml\u00f8se og aflange. Hudvenlig og behagelig, let ber\u00f8ring er ikke stram, t\u00e6t p\u00e5 den charmerende kurve, viser slanke l\u00e5r.<br>3. Skridtet er designet med et sommerfuglem\u00f8nster for at g\u00f8re din hemmelige have smukkere. Det skridtfrie design chokerede hans optiske nerver og hans lille hjerte.<\/p>","protected":false},"excerpt":{"rendered":"<p>Lad dine k\u00e6re slappe af i Sommerfuglen gennemsigtige skridtl\u00f8se str\u00f8mpebukser. Lavet af h\u00f8jelastisk kernespundet silke, gennemsigtigt h\u00f8jelastisk stof, dekoreret med sommerfuglevinger p\u00e5 skridtet, det \u00e5bne skridtdesign giver dig mulighed for at forl\u00f8se din passion.<\/p>","protected":false},"featured_media":31419,"template":"","meta":[],"product_brand":[],"product_cat":[412,414,411,404],"product_tag":[448,518,451,446,449],"class_list":{"0":"post-31415","1":"product","2":"type-product","3":"status-publish","4":"has-post-thumbnail","6":"product_cat-wholesale-crotchless-pantyhose","7":"product_cat-wholesale-sexy-nylon-pantyhose","8":"product_cat-sexy-pantyhose","9":"product_cat-sexy-stocking","10":"product_tag-wholesale-elegant-sexy-lingerie","11":"product_tag-mesh-lingerie","12":"product_tag-wholesale-revealing-lingerie","13":"product_tag-wholesale-sexy-see-through-lingerie","14":"product_tag-wholesale-sexy-crotchless-lingerie","15":"pa_color-bisque-women-sexy-lingerie","16":"pa_color-black","18":"first","19":"instock","20":"taxable","21":"shipping-taxable","22":"purchasable","23":"product-type-variable"},"tiered_pricing_type":"fixed","tiered_pricing_fixed_rules":[],"tiered_pricing_product_settings":{"layout":"default","base_unit_name":{"singular":null,"plural":null},"default_variation":null},"tiered_pricing_minimum_quantity":null,"tiered_pricing_roles_data":{"default_wholesaler":{"product_id":31415,"role":"default_wholesaler","pricing_type":"flat","regular_price":null,"sale_price":null,"discount":null,"discount_type":"sale_price","tiered_pricing_type":"fixed","percentage_rules":[],"fixed_rules":{"2":"2.19","50":"1.79","800":"1.29"},"minimum":null},"dropshippinger":{"product_id":31415,"role":"dropshippinger","pricing_type":"flat","regular_price":null,"sale_price":null,"discount":null,"discount_type":"sale_price","tiered_pricing_type":"fixed","percentage_rules":[],"fixed_rules":{"1":"2.49","10":"2.19","50":"1.79"},"minimum":null}},"tiered_pricing_percentage_rules":[],"tiered_pricing_maximum_quantity":null,"tiered_pricing_quantity_step":null,"_links":{"self":[{"href":"https:\/\/gretasexylingerie.com\/da\/wp-json\/wp\/v2\/product\/31415","targetHints":{"allow":["GET"]}}],"collection":[{"href":"https:\/\/gretasexylingerie.com\/da\/wp-json\/wp\/v2\/product"}],"about":[{"href":"https:\/\/gretasexylingerie.com\/da\/wp-json\/wp\/v2\/types\/product"}],"wp:featuredmedia":[{"embeddable":true,"href":"https:\/\/gretasexylingerie.com\/da\/wp-json\/wp\/v2\/media\/31419"}],"wp:attachment":[{"href":"https:\/\/gretasexylingerie.com\/da\/wp-json\/wp\/v2\/media?parent=31415"}],"wp:term":[{"taxonomy":"product_brand","embeddable":true,"href":"https:\/\/gretasexylingerie.com\/da\/wp-json\/wp\/v2\/product_brand?post=31415"},{"taxonomy":"product_cat","embeddable":true,"href":"https:\/\/gretasexylingerie.com\/da\/wp-json\/wp\/v2\/product_cat?post=31415"},{"taxonomy":"product_tag","embeddable":true,"href":"https:\/\/gretasexylingerie.com\/da\/wp-json\/wp\/v2\/product_tag?post=31415"}],"curies":[{"name":"wp","href":"https:\/\/api.w.org\/{rel}","templated":true}]}}