{"id":31285,"date":"2023-01-29T20:08:18","date_gmt":"2023-01-29T12:08:18","guid":{"rendered":"https:\/\/gretasexylingerie.com\/?post_type=product&#038;p=31285"},"modified":"2023-09-05T20:50:45","modified_gmt":"2023-09-05T12:50:45","slug":"hul-strompeband-jacquard-sexet-strompebukser","status":"publish","type":"product","link":"https:\/\/gretasexylingerie.com\/da\/products\/hollow-garter-jacquard-sexy-pantyhose\/","title":{"rendered":"Hul str\u00f8mpeb\u00e5nd Jacquard Sexet str\u00f8mpebukser"},"content":{"rendered":"<p>Funktioner:<\/p>\n\n\n\n<p>1. Ved at bruge nylonmateriale af h\u00f8j kvalitet har den fremragende elasticitet og kan bruges p\u00e5 de fleste kroppe.<br>2. Absolut popul\u00e6re m\u00f8nstre og stilarter er de mest popul\u00e6re og bedst s\u00e6lgende stilarter p\u00e5 markedet, og er blevet verificeret fra hele verden.<br>3. Perfekt tilbeh\u00f8r til tryllekunstnere, sorte feer, hekse eller bare almindelige mennesker. S\u00e6t disse fiskenetleggings sammen med rippede jeans, denimshorts, hotpants, toppe, nederdele, nederdele, espadriller, h\u00e6le og mere.<br>4, egnet til klubber, karnevaler, udkl\u00e6dningsfester, Halloween, forestillinger, karnevaler, h\u00e5ndkl\u00e6deklubber osv. Disse skinnende leggings er ogs\u00e5 en favorit blandt dansekunstnere.<\/p>","protected":false},"excerpt":{"rendered":"<p>Stor samling af popul\u00e6re hule str\u00f8mpeb\u00e5nd Jacquard sexede str\u00f8mpebukser, der er altid en der passer til dig. Brug h\u00f8jelastisk nylonstof, brug af Jacquard-teknikken til at anvende de mest fashionable og popul\u00e6re m\u00f8nstre p\u00e5 str\u00f8mpebukserne, s\u00e5 du skal ikke bekymre dig om at matche.<\/p>","protected":false},"featured_media":31286,"template":"","meta":[],"product_brand":[],"product_cat":[416,414,411,404],"product_tag":[528,518,504],"class_list":{"0":"post-31285","1":"product","2":"type-product","3":"status-publish","4":"has-post-thumbnail","6":"product_cat-wholesale-suspender-pantyhose","7":"product_cat-wholesale-sexy-nylon-pantyhose","8":"product_cat-sexy-pantyhose","9":"product_cat-sexy-stocking","10":"product_tag-halter-lingerie","11":"product_tag-mesh-lingerie","12":"product_tag-ultra-sexy","13":"pa_size-free","15":"first","16":"instock","17":"taxable","18":"shipping-taxable","19":"purchasable","20":"product-type-variable"},"tiered_pricing_type":"fixed","tiered_pricing_fixed_rules":[],"tiered_pricing_product_settings":{"layout":"default","base_unit_name":{"singular":null,"plural":null},"default_variation":null},"tiered_pricing_minimum_quantity":null,"tiered_pricing_roles_data":{"default_wholesaler":{"product_id":31285,"role":"default_wholesaler","pricing_type":"flat","regular_price":null,"sale_price":null,"discount":null,"discount_type":"sale_price","tiered_pricing_type":"fixed","percentage_rules":[],"fixed_rules":{"2":"1.59","50":"1.29","800":"0.89"},"minimum":null},"dropshippinger":{"product_id":31285,"role":"dropshippinger","pricing_type":"flat","regular_price":null,"sale_price":null,"discount":null,"discount_type":"sale_price","tiered_pricing_type":"fixed","percentage_rules":[],"fixed_rules":{"1":"1.79","10":"1.59","50":"1.29"},"minimum":null}},"tiered_pricing_percentage_rules":[],"tiered_pricing_maximum_quantity":null,"tiered_pricing_quantity_step":null,"_links":{"self":[{"href":"https:\/\/gretasexylingerie.com\/da\/wp-json\/wp\/v2\/product\/31285","targetHints":{"allow":["GET"]}}],"collection":[{"href":"https:\/\/gretasexylingerie.com\/da\/wp-json\/wp\/v2\/product"}],"about":[{"href":"https:\/\/gretasexylingerie.com\/da\/wp-json\/wp\/v2\/types\/product"}],"wp:featuredmedia":[{"embeddable":true,"href":"https:\/\/gretasexylingerie.com\/da\/wp-json\/wp\/v2\/media\/31286"}],"wp:attachment":[{"href":"https:\/\/gretasexylingerie.com\/da\/wp-json\/wp\/v2\/media?parent=31285"}],"wp:term":[{"taxonomy":"product_brand","embeddable":true,"href":"https:\/\/gretasexylingerie.com\/da\/wp-json\/wp\/v2\/product_brand?post=31285"},{"taxonomy":"product_cat","embeddable":true,"href":"https:\/\/gretasexylingerie.com\/da\/wp-json\/wp\/v2\/product_cat?post=31285"},{"taxonomy":"product_tag","embeddable":true,"href":"https:\/\/gretasexylingerie.com\/da\/wp-json\/wp\/v2\/product_tag?post=31285"}],"curies":[{"name":"wp","href":"https:\/\/api.w.org\/{rel}","templated":true}]}}