{"id":31203,"date":"2023-01-29T19:43:06","date_gmt":"2023-01-29T11:43:06","guid":{"rendered":"https:\/\/gretasexylingerie.com\/?post_type=product&#038;p=31203"},"modified":"2023-09-05T20:50:44","modified_gmt":"2023-09-05T12:50:44","slug":"sexede-hule-fristelse-netstromper","status":"publish","type":"product","link":"https:\/\/gretasexylingerie.com\/da\/products\/sexy-hollow-temptation-fishnet-stockings\/","title":{"rendered":"Sexede hule fristelse netstr\u00f8mper"},"content":{"rendered":"<p>Funktioner:<\/p>\n\n\n\n<p>1. Mode-mesh-tights: Ud over at forme perfekte ben, kan kvinders medium mesh-tights ogs\u00e5 tilf\u00f8je en ungdommelig og moderigtig atmosf\u00e6re til dit outfit. De reagerer fantastisk med andet t\u00f8j, is\u00e6r jeans, for en i\u00f8jnefaldende streetstyle, der er popul\u00e6r blandt unge kvinder.<br>2, perfekt modetilbeh\u00f8r: Klassiske sorte fiskenetleggings vil give stilfuld stil til enhver kvindes garderobe, perfekt match med dine yndlingskjoler, skjorter, shorts, h\u00f8je h\u00e6le, ankelst\u00f8vler, l\u00e5rst\u00f8vler, flade spidser eller endda espadriller, to er begge velegnede Til b\u00e5de afslappede og officielle lejligheder, s\u00e5som dagligt slid, cosplay, fester, rejser, festivaler og helligdage, is\u00e6r Halloween og jul.<br>3. Unikt design: Den sexede stramme elastiske h\u00f8jtaljelinje passer perfekt, hvilket g\u00f8r damer mere sexede og charmerende.<br>4. Funktioner: Smukke blomsterblonde og sexede blondestr\u00f8mpeb\u00e5ndsdetaljer er perfekt parret med dristige fiskenet for et fantastisk look!<\/p>","protected":false},"excerpt":{"rendered":"<p>Super sexet sexet hule fristelse netstr\u00f8mper-serie, hver stil kan g\u00f8re dig mere sexet. Den er lavet af h\u00f8j-stretch nylonmateriale og bruger en Jacquard-teknik til at sprede et sexet m\u00f8nster over hele kroppen.<\/p>","protected":false},"featured_media":31213,"template":"","meta":[],"product_brand":[],"product_cat":[414,413,411,404],"product_tag":[452,446,504],"class_list":{"0":"post-31203","1":"product","2":"type-product","3":"status-publish","4":"has-post-thumbnail","6":"product_cat-wholesale-sexy-nylon-pantyhose","7":"product_cat-wholesale-fishnet-pantyhose","8":"product_cat-sexy-pantyhose","9":"product_cat-sexy-stocking","10":"product_tag-wholesale-boudoir-lingerie","11":"product_tag-wholesale-sexy-see-through-lingerie","12":"product_tag-ultra-sexy","13":"pa_size-free","15":"first","16":"instock","17":"taxable","18":"shipping-taxable","19":"purchasable","20":"product-type-variable"},"tiered_pricing_type":"fixed","tiered_pricing_fixed_rules":[],"tiered_pricing_product_settings":{"layout":"default","base_unit_name":{"singular":null,"plural":null},"default_variation":null},"tiered_pricing_minimum_quantity":null,"tiered_pricing_roles_data":{"default_wholesaler":{"product_id":31203,"role":"default_wholesaler","pricing_type":"flat","regular_price":null,"sale_price":null,"discount":null,"discount_type":"sale_price","tiered_pricing_type":"fixed","percentage_rules":[],"fixed_rules":{"2":"1.99","50":"1.59","800":"1.19"},"minimum":null},"dropshippinger":{"product_id":31203,"role":"dropshippinger","pricing_type":"flat","regular_price":null,"sale_price":null,"discount":null,"discount_type":"sale_price","tiered_pricing_type":"fixed","percentage_rules":[],"fixed_rules":{"1":"2.29","10":"1.99","50":"1.59"},"minimum":null}},"tiered_pricing_percentage_rules":[],"tiered_pricing_maximum_quantity":null,"tiered_pricing_quantity_step":null,"_links":{"self":[{"href":"https:\/\/gretasexylingerie.com\/da\/wp-json\/wp\/v2\/product\/31203","targetHints":{"allow":["GET"]}}],"collection":[{"href":"https:\/\/gretasexylingerie.com\/da\/wp-json\/wp\/v2\/product"}],"about":[{"href":"https:\/\/gretasexylingerie.com\/da\/wp-json\/wp\/v2\/types\/product"}],"wp:featuredmedia":[{"embeddable":true,"href":"https:\/\/gretasexylingerie.com\/da\/wp-json\/wp\/v2\/media\/31213"}],"wp:attachment":[{"href":"https:\/\/gretasexylingerie.com\/da\/wp-json\/wp\/v2\/media?parent=31203"}],"wp:term":[{"taxonomy":"product_brand","embeddable":true,"href":"https:\/\/gretasexylingerie.com\/da\/wp-json\/wp\/v2\/product_brand?post=31203"},{"taxonomy":"product_cat","embeddable":true,"href":"https:\/\/gretasexylingerie.com\/da\/wp-json\/wp\/v2\/product_cat?post=31203"},{"taxonomy":"product_tag","embeddable":true,"href":"https:\/\/gretasexylingerie.com\/da\/wp-json\/wp\/v2\/product_tag?post=31203"}],"curies":[{"name":"wp","href":"https:\/\/api.w.org\/{rel}","templated":true}]}}