{"id":31063,"date":"2023-01-29T12:46:57","date_gmt":"2023-01-29T04:46:57","guid":{"rendered":"https:\/\/gretasexylingerie.com\/?post_type=product&#038;p=31063"},"modified":"2023-09-05T20:50:41","modified_gmt":"2023-09-05T12:50:41","slug":"sexede-fire-farver-udvidede-blonde-lar-hoje-sokker","status":"publish","type":"product","link":"https:\/\/gretasexylingerie.com\/da\/products\/sexy-four-color-widened-lace-thigh-high-socks\/","title":{"rendered":"Sexede fire-farve brede blonder l\u00e5r h\u00f8je sokker"},"content":{"rendered":"<p>Funktioner:<\/p>\n\n\n\n<p>1. Kvalitet: Vores sexede firefarvede brede blonderl\u00e5r h\u00f8je sokker er lavet af h\u00f8jkvalitetsmateriale, der er behageligt og \u00e5ndbart. De vil give dig langvarig slid og har en polstret finish ved t\u00e5en, s\u00e5 du kan bruge dem igen og igen.<\/p>\n\n\n\n<p>2. Stil: Klassiske blondem\u00f8nstre i fire forskellige farver giver disse sokker et unikt og stilfuldt look. Det udvidede blondedesign g\u00f8r ikke kun dine ben smukkere, men g\u00f8r ogs\u00e5 de h\u00f8je sokker mere stabile og ikke nemme at glide af. Derudover vil det lokkende blondem\u00f8nster f\u00e5 dine ben til at se l\u00e6ngere og slankere ud.<\/p>\n\n\n\n<p>3. Komfort: Disse str\u00f8mper er designet til maksimal komfort. De er lette og \u00e5ndbare, s\u00e5 du vil ikke f\u00f8le dig begr\u00e6nset, mens du har dem p\u00e5.<\/p>\n\n\n\n<p>4. Alsidighed: Uanset om du vil kl\u00e6de dig ud eller bare slappe af, er disse str\u00f8mper perfekte til enhver lejlighed. De er perfekte til daglig leg, til at samles med venner eller til at nyde en anderledes s\u00f8d tid med din k\u00e6reste om natten.<\/p>\n\n\n\n<p>5. Overkommelig: Med uovertrufne priser kan du ikke g\u00e5 galt med disse stilfulde og flatterende str\u00f8mper. F\u00e5 et par sexede firefarvede brede blonderl\u00e5rsokker i engrossalg i dag, og se godt ud uden at bryde penge.<\/p>","protected":false},"excerpt":{"rendered":"<p>Sexede firefarvede brede Lace Thigh High Socks er perfekte til enhver lejlighed! Disse h\u00f8jkvalitets sokker har et klassisk blondem\u00f8nster i fire forskellige farver for et unikt look. Det udvidede design giver mere d\u00e6kning og et stort bev\u00e6gelsesomr\u00e5de. Plus, blondem\u00f8nsteret f\u00e5r dine ben til at se l\u00e6ngere og slankere ud. F\u00e5 dit par sexede firefarvede brede Lace Thigh High Socks i dag!<\/p>","protected":false},"featured_media":31065,"template":"","meta":[],"product_brand":[],"product_cat":[419,404,417],"product_tag":[518,504],"class_list":{"0":"post-31063","1":"product","2":"type-product","3":"status-publish","4":"has-post-thumbnail","6":"product_cat-wholesale-lace-thigh-high-socks","7":"product_cat-sexy-stocking","8":"product_cat-thigh-highs","9":"product_tag-mesh-lingerie","10":"product_tag-ultra-sexy","11":"pa_color-bisque-women-sexy-lingerie","12":"pa_color-black","13":"pa_color-pink-women-sexy-lingerie","14":"pa_color-white","15":"pa_size-free","17":"first","18":"instock","19":"taxable","20":"shipping-taxable","21":"purchasable","22":"product-type-variable"},"tiered_pricing_type":"fixed","tiered_pricing_fixed_rules":[],"tiered_pricing_product_settings":{"layout":"default","base_unit_name":{"singular":null,"plural":null},"default_variation":null},"tiered_pricing_minimum_quantity":null,"tiered_pricing_roles_data":{"default_wholesaler":{"product_id":31063,"role":"default_wholesaler","pricing_type":"flat","regular_price":null,"sale_price":null,"discount":null,"discount_type":"sale_price","tiered_pricing_type":"fixed","percentage_rules":[],"fixed_rules":{"2":"1.49","50":"1.29","800":"1.09"},"minimum":null},"dropshippinger":{"product_id":31063,"role":"dropshippinger","pricing_type":"flat","regular_price":null,"sale_price":null,"discount":null,"discount_type":"sale_price","tiered_pricing_type":"fixed","percentage_rules":[],"fixed_rules":{"1":"2.89","10":"1.79","50":"1.29"},"minimum":null}},"tiered_pricing_percentage_rules":[],"tiered_pricing_maximum_quantity":null,"tiered_pricing_quantity_step":null,"_links":{"self":[{"href":"https:\/\/gretasexylingerie.com\/da\/wp-json\/wp\/v2\/product\/31063","targetHints":{"allow":["GET"]}}],"collection":[{"href":"https:\/\/gretasexylingerie.com\/da\/wp-json\/wp\/v2\/product"}],"about":[{"href":"https:\/\/gretasexylingerie.com\/da\/wp-json\/wp\/v2\/types\/product"}],"wp:featuredmedia":[{"embeddable":true,"href":"https:\/\/gretasexylingerie.com\/da\/wp-json\/wp\/v2\/media\/31065"}],"wp:attachment":[{"href":"https:\/\/gretasexylingerie.com\/da\/wp-json\/wp\/v2\/media?parent=31063"}],"wp:term":[{"taxonomy":"product_brand","embeddable":true,"href":"https:\/\/gretasexylingerie.com\/da\/wp-json\/wp\/v2\/product_brand?post=31063"},{"taxonomy":"product_cat","embeddable":true,"href":"https:\/\/gretasexylingerie.com\/da\/wp-json\/wp\/v2\/product_cat?post=31063"},{"taxonomy":"product_tag","embeddable":true,"href":"https:\/\/gretasexylingerie.com\/da\/wp-json\/wp\/v2\/product_tag?post=31063"}],"curies":[{"name":"wp","href":"https:\/\/api.w.org\/{rel}","templated":true}]}}