{"id":30950,"date":"2023-01-29T10:17:33","date_gmt":"2023-01-29T02:17:33","guid":{"rendered":"https:\/\/gretasexylingerie.com\/?post_type=product&#038;p=30950"},"modified":"2023-09-05T20:50:36","modified_gmt":"2023-09-05T12:50:36","slug":"stribet-sexet-sort-kjole-med-fiskenet","status":"publish","type":"product","link":"https:\/\/gretasexylingerie.com\/da\/products\/striped-sexy-black-dress-with-fishnet\/","title":{"rendered":"Stribet sexet sort kjole med fiskenet"},"content":{"rendered":"<p>Funktioner:<\/p>\n\n\n\n<p>* Stribet sexet sort kjole med fiskenet er lavet af h\u00f8jkvalitets nylon og spandex, som er bl\u00f8d, str\u00e6kbar og holdbar. Dens materiale er meget glat og f\u00e5r dig til at f\u00f8le dig bl\u00f8d og behagelig.<br>* Stribet sexet sort kjole med fiskenet er \u00e9n st\u00f8rrelse passer til alle, str\u00e6kbar, \u00e9n st\u00f8rrelse passer til alle, smigrer din figur p\u00e6nt.<br>* Godt gavevalg: Netundert\u00f8jsstr\u00f8mper kan gives til dine veninder og bedste venner p\u00e5 festivaler, vis din femininitet, tilf\u00f8j sjov p\u00e5 s\u00f8de Valentinsdag, jubil\u00e6um og andre festivaler<br>*Modedesign: Fishnet Body Socks Mode gennemsigtigt, Designet bringer visuel effekt, afspejler vildhed og hotness, du kan matche det med daglige nederdele eller hot pants, sceneoptr\u00e6dener og cosplay-fester, vis din figur og inspirer din selvtillid.<\/p>","protected":false},"excerpt":{"rendered":"<p>Vis din elsker, hvor attraktiv du er i den stribede, sexede sorte kjole med fiskenet. Designet med komfortable brede skulderstropper, regelm\u00e6ssige gitterlinjer og p\u00e6nt placerede m\u00f8nstre til at dekorere dine sider.<\/p>","protected":false},"featured_media":30952,"template":"","meta":[],"product_brand":[],"product_cat":[406,405,404],"product_tag":[446,504],"class_list":{"0":"post-30950","1":"product","2":"type-product","3":"status-publish","4":"has-post-thumbnail","6":"product_cat-wholesale-fishnet-dress","7":"product_cat-wholesale-bodystocking","8":"product_cat-sexy-stocking","9":"product_tag-wholesale-sexy-see-through-lingerie","10":"product_tag-ultra-sexy","11":"pa_color-black","12":"pa_size-free","14":"first","15":"instock","16":"taxable","17":"shipping-taxable","18":"purchasable","19":"product-type-variable"},"tiered_pricing_type":"fixed","tiered_pricing_fixed_rules":[],"tiered_pricing_product_settings":{"layout":"default","base_unit_name":{"singular":null,"plural":null},"default_variation":null},"tiered_pricing_minimum_quantity":null,"tiered_pricing_roles_data":{"default_wholesaler":{"product_id":30950,"role":"default_wholesaler","pricing_type":"flat","regular_price":null,"sale_price":null,"discount":null,"discount_type":"sale_price","tiered_pricing_type":"fixed","percentage_rules":[],"fixed_rules":{"2":"4.39","30":"3.59","500":"2.69"},"minimum":null},"dropshippinger":{"product_id":30950,"role":"dropshippinger","pricing_type":"flat","regular_price":null,"sale_price":null,"discount":null,"discount_type":"sale_price","tiered_pricing_type":"fixed","percentage_rules":[],"fixed_rules":{"1":"5.39","5":"4.39","30":"3.09"},"minimum":null}},"tiered_pricing_percentage_rules":[],"tiered_pricing_maximum_quantity":null,"tiered_pricing_quantity_step":null,"_links":{"self":[{"href":"https:\/\/gretasexylingerie.com\/da\/wp-json\/wp\/v2\/product\/30950","targetHints":{"allow":["GET"]}}],"collection":[{"href":"https:\/\/gretasexylingerie.com\/da\/wp-json\/wp\/v2\/product"}],"about":[{"href":"https:\/\/gretasexylingerie.com\/da\/wp-json\/wp\/v2\/types\/product"}],"wp:featuredmedia":[{"embeddable":true,"href":"https:\/\/gretasexylingerie.com\/da\/wp-json\/wp\/v2\/media\/30952"}],"wp:attachment":[{"href":"https:\/\/gretasexylingerie.com\/da\/wp-json\/wp\/v2\/media?parent=30950"}],"wp:term":[{"taxonomy":"product_brand","embeddable":true,"href":"https:\/\/gretasexylingerie.com\/da\/wp-json\/wp\/v2\/product_brand?post=30950"},{"taxonomy":"product_cat","embeddable":true,"href":"https:\/\/gretasexylingerie.com\/da\/wp-json\/wp\/v2\/product_cat?post=30950"},{"taxonomy":"product_tag","embeddable":true,"href":"https:\/\/gretasexylingerie.com\/da\/wp-json\/wp\/v2\/product_tag?post=30950"}],"curies":[{"name":"wp","href":"https:\/\/api.w.org\/{rel}","templated":true}]}}