{"id":30924,"date":"2023-01-28T16:06:23","date_gmt":"2023-01-28T08:06:23","guid":{"rendered":"https:\/\/gretasexylingerie.com\/?post_type=product&#038;p=30924"},"modified":"2023-09-05T20:50:34","modified_gmt":"2023-09-05T12:50:34","slug":"crossover-grime-rod-fiskenet-body-suit","status":"publish","type":"product","link":"https:\/\/gretasexylingerie.com\/da\/products\/crossover-halter-red-fishnet-body-suit\/","title":{"rendered":"Crossover Halter R\u00f8d Fishnet Body Suit"},"content":{"rendered":"<p>Funktioner:<\/p>\n\n\n\n<p>* Crossover Halter Red Fishnet Body Suit er lavet af h\u00f8jkvalitets nylon og spandex, som er bl\u00f8d, str\u00e6kbar og holdbar. Dens materiale er meget glat og f\u00e5r dig til at f\u00f8le dig bl\u00f8d og behagelig.<br>* Halter R\u00f8d Fishnet Body Suit er One Size Passer Alle, Stretchy, One Size Passer Alle, Smigrer din figur p\u00e6nt.<br>* Godt gavevalg: Netundert\u00f8jsstr\u00f8mper kan gives til dine veninder og bedste venner p\u00e5 festivaler, vis din femininitet, tilf\u00f8j sjov p\u00e5 s\u00f8de Valentinsdag, jubil\u00e6um og andre festivaler<br>*Modedesign: Fishnet Body Socks Mode gennemsigtigt, Designet bringer visuel effekt, afspejler vildhed og hotness, du kan matche det med daglige nederdele eller hot pants, sceneoptr\u00e6dener og cosplay-fester, vis din figur og inspirer din selvtillid.<\/p>","protected":false},"excerpt":{"rendered":"<p>Denne dejlige Crossover Halter Red Fishnet Body Suit har et krydskryds Halter Neck-design, mesh-stof med blomsterkant, integreret str\u00f8mpeb\u00e5nd og en festlig r\u00f8d farve, der matcher nattens s\u00f8dme.<\/p>","protected":false},"featured_media":30926,"template":"","meta":[],"product_brand":[],"product_cat":[410,405,407,404],"product_tag":[448,528,451,446,447,504],"class_list":{"0":"post-30924","1":"product","2":"type-product","3":"status-publish","4":"has-post-thumbnail","6":"product_cat-wholesale-suspender-bodystocking","7":"product_cat-wholesale-bodystocking","8":"product_cat-wholesale-full-body-stocking","9":"product_cat-sexy-stocking","10":"product_tag-wholesale-elegant-sexy-lingerie","11":"product_tag-halter-lingerie","12":"product_tag-wholesale-revealing-lingerie","13":"product_tag-wholesale-sexy-see-through-lingerie","14":"product_tag-wholesale-strappy-sexy-lingerie","15":"product_tag-ultra-sexy","16":"pa_color-red-women-sexy-lingerie","17":"pa_size-free","19":"first","20":"instock","21":"taxable","22":"shipping-taxable","23":"purchasable","24":"product-type-variable"},"tiered_pricing_type":"fixed","tiered_pricing_fixed_rules":[],"tiered_pricing_product_settings":{"layout":"default","base_unit_name":{"singular":null,"plural":null},"default_variation":null},"tiered_pricing_minimum_quantity":null,"tiered_pricing_roles_data":{"default_wholesaler":{"product_id":30924,"role":"default_wholesaler","pricing_type":"flat","regular_price":null,"sale_price":null,"discount":null,"discount_type":"sale_price","tiered_pricing_type":"fixed","percentage_rules":[],"fixed_rules":{"2":"2.79","30":"2.39","500":"1.79"},"minimum":null},"dropshippinger":{"product_id":30924,"role":"dropshippinger","pricing_type":"flat","regular_price":null,"sale_price":null,"discount":null,"discount_type":"sale_price","tiered_pricing_type":"fixed","percentage_rules":[],"fixed_rules":{"1":"3.49","5":"2.79","30":"1.99"},"minimum":null}},"tiered_pricing_percentage_rules":[],"tiered_pricing_maximum_quantity":null,"tiered_pricing_quantity_step":null,"_links":{"self":[{"href":"https:\/\/gretasexylingerie.com\/da\/wp-json\/wp\/v2\/product\/30924","targetHints":{"allow":["GET"]}}],"collection":[{"href":"https:\/\/gretasexylingerie.com\/da\/wp-json\/wp\/v2\/product"}],"about":[{"href":"https:\/\/gretasexylingerie.com\/da\/wp-json\/wp\/v2\/types\/product"}],"wp:featuredmedia":[{"embeddable":true,"href":"https:\/\/gretasexylingerie.com\/da\/wp-json\/wp\/v2\/media\/30926"}],"wp:attachment":[{"href":"https:\/\/gretasexylingerie.com\/da\/wp-json\/wp\/v2\/media?parent=30924"}],"wp:term":[{"taxonomy":"product_brand","embeddable":true,"href":"https:\/\/gretasexylingerie.com\/da\/wp-json\/wp\/v2\/product_brand?post=30924"},{"taxonomy":"product_cat","embeddable":true,"href":"https:\/\/gretasexylingerie.com\/da\/wp-json\/wp\/v2\/product_cat?post=30924"},{"taxonomy":"product_tag","embeddable":true,"href":"https:\/\/gretasexylingerie.com\/da\/wp-json\/wp\/v2\/product_tag?post=30924"}],"curies":[{"name":"wp","href":"https:\/\/api.w.org\/{rel}","templated":true}]}}