{"id":30904,"date":"2023-01-28T15:21:21","date_gmt":"2023-01-28T07:21:21","guid":{"rendered":"https:\/\/gretasexylingerie.com\/?post_type=product&#038;p=30904"},"modified":"2023-09-05T20:50:33","modified_gmt":"2023-09-05T12:50:33","slug":"gnistre-og-skinne-rhinestone-bodystocking","status":"publish","type":"product","link":"https:\/\/gretasexylingerie.com\/da\/products\/sparkle-and-shine-rhinestone-bodystocking\/","title":{"rendered":"Sparkle And Shine Rhinestone Bodystocking"},"content":{"rendered":"<p>Funktioner:<\/p>\n\n\n\n<p>* Lang\u00e6rmet Sparkle Rhinestone Bodystocking er lavet af h\u00f8jkvalitets nylon og spandex, som er bl\u00f8d, str\u00e6kbar og holdbar. Dens materiale er meget glat og f\u00e5r dig til at f\u00f8le dig bl\u00f8d og behagelig.<br>* Rhinestone Bodystocking er One Size Passer Alle, Stretchy, One Size Passer Alle, Smigrer din figur p\u00e6nt.<br>* Godt gavevalg: Netundert\u00f8jsstr\u00f8mper kan gives til dine veninder og bedste venner p\u00e5 festivaler, vis din femininitet, tilf\u00f8j sjov p\u00e5 s\u00f8de Valentinsdag, jubil\u00e6um og andre festivaler<br>*Modedesign: Fishnet Body Socks Mode gennemsigtigt, Designet bringer visuel effekt, afspejler vildhed og hotness, du kan matche det med daglige nederdele eller hot pants, sceneoptr\u00e6dener og cosplay-fester, vis din figur og inspirer din selvtillid.<\/p>\n\n\n\n<p><\/p>","protected":false},"excerpt":{"rendered":"<p>V\u00e6r altid i syne med den lange \u00e6rmede Sparkle And Shine Rhinestone Bodystocking. Med en mesh-konstruktion og lange \u00e6rmer kaster den et glitrende sl\u00f8r over din krop, s\u00e5 stort set hver eneste tomme af din hud kan ses.<\/p>","protected":false},"featured_media":30906,"template":"","meta":[],"product_brand":[],"product_cat":[408,405,404,409],"product_tag":[541,518,451,525,504],"class_list":{"0":"post-30904","1":"product","2":"type-product","3":"status-publish","4":"has-post-thumbnail","6":"product_cat-wholesale-rhinestone-bodystocking","7":"product_cat-wholesale-bodystocking","8":"product_cat-sexy-stocking","9":"product_cat-wholesale-stocking-bodysuit","10":"product_tag-fishnet-lingerie","11":"product_tag-mesh-lingerie","12":"product_tag-wholesale-revealing-lingerie","13":"product_tag-rhinestone-lingerie","14":"product_tag-ultra-sexy","15":"pa_color-black","16":"pa_size-free","18":"first","19":"instock","20":"taxable","21":"shipping-taxable","22":"purchasable","23":"product-type-variable"},"tiered_pricing_type":"fixed","tiered_pricing_fixed_rules":[],"tiered_pricing_product_settings":{"layout":"default","base_unit_name":{"singular":null,"plural":null},"default_variation":null},"tiered_pricing_minimum_quantity":null,"tiered_pricing_roles_data":{"default_wholesaler":{"product_id":30904,"role":"default_wholesaler","pricing_type":"flat","regular_price":null,"sale_price":null,"discount":null,"discount_type":"sale_price","tiered_pricing_type":"fixed","percentage_rules":[],"fixed_rules":{"2":"3.69","30":"3.09","500":"2.39"},"minimum":null},"dropshippinger":{"product_id":30904,"role":"dropshippinger","pricing_type":"flat","regular_price":null,"sale_price":null,"discount":null,"discount_type":"sale_price","tiered_pricing_type":"fixed","percentage_rules":[],"fixed_rules":{"1":"4.69","5":"3.69","30":"2.69"},"minimum":null}},"tiered_pricing_percentage_rules":[],"tiered_pricing_maximum_quantity":null,"tiered_pricing_quantity_step":null,"_links":{"self":[{"href":"https:\/\/gretasexylingerie.com\/da\/wp-json\/wp\/v2\/product\/30904","targetHints":{"allow":["GET"]}}],"collection":[{"href":"https:\/\/gretasexylingerie.com\/da\/wp-json\/wp\/v2\/product"}],"about":[{"href":"https:\/\/gretasexylingerie.com\/da\/wp-json\/wp\/v2\/types\/product"}],"wp:featuredmedia":[{"embeddable":true,"href":"https:\/\/gretasexylingerie.com\/da\/wp-json\/wp\/v2\/media\/30906"}],"wp:attachment":[{"href":"https:\/\/gretasexylingerie.com\/da\/wp-json\/wp\/v2\/media?parent=30904"}],"wp:term":[{"taxonomy":"product_brand","embeddable":true,"href":"https:\/\/gretasexylingerie.com\/da\/wp-json\/wp\/v2\/product_brand?post=30904"},{"taxonomy":"product_cat","embeddable":true,"href":"https:\/\/gretasexylingerie.com\/da\/wp-json\/wp\/v2\/product_cat?post=30904"},{"taxonomy":"product_tag","embeddable":true,"href":"https:\/\/gretasexylingerie.com\/da\/wp-json\/wp\/v2\/product_tag?post=30904"}],"curies":[{"name":"wp","href":"https:\/\/api.w.org\/{rel}","templated":true}]}}