{"id":30849,"date":"2023-01-27T18:43:28","date_gmt":"2023-01-27T10:43:28","guid":{"rendered":"https:\/\/gretasexylingerie.com\/?post_type=product&#038;p=30849"},"modified":"2024-02-15T22:50:42","modified_gmt":"2024-02-15T14:50:42","slug":"dyb-pink-bowknot-fiskenet-fuld-bodystocking","status":"publish","type":"product","link":"https:\/\/gretasexylingerie.com\/da\/products\/deep-pink-bowknot-fishnet-full-bodystocking\/","title":{"rendered":"Deep Pink Bowknot Fishnet Full Bodystocking"},"content":{"rendered":"<ul class=\"wp-block-list\">\n<li>Den owknot Fishnet Full Bodystocking er lavet af h\u00f8jkvalitets nylon og spandex, som er bl\u00f8d, str\u00e6kbar og holdbar. Dens materiale er meget glat og f\u00e5r dig til at f\u00f8le dig bl\u00f8d og behagelig.<\/li>\n\n\n\n<li>Hel bodysuit er One Size Passer Alle, Stretchy, One Size Passer Alle, Smigrer din figur p\u00e6nt.<\/li>\n\n\n\n<li>Godt gavevalg: Netundert\u00f8jsstr\u00f8mper kan gives til dine veninder og bedste venner p\u00e5 festivaler, vis din femininitet, tilf\u00f8j sjov p\u00e5 s\u00f8de Valentinsdag, jubil\u00e6um og andre festivaler<\/li>\n\n\n\n<li>Modedesign: Fishnet Body Socks Mode gennemsigtigt, Designet bringer visuel effekt, afspejler vildhed og hothed, du kan matche det med daglige nederdele eller hot pants, sceneoptr\u00e6dener og cosplay-fester, vis din figur og inspirer din selvtillid<\/li>\n<\/ul>","protected":false},"excerpt":{"rendered":"<p>Lys dine aftener op i denne s\u00f8de og sexede dybe lyser\u00f8de bowknot Fishnet Full Bodysuit. Den har et \u00e5bent design, den har en sl\u00f8jfe ved brystet, fl\u00e6ser rundt om kopperne, en delikat blomstret overdel og netsok.<\/p>","protected":false},"featured_media":30852,"template":"","meta":[],"product_brand":[],"product_cat":[407,405,367,404],"product_tag":[512,541,518,446,449],"class_list":{"0":"post-30849","1":"product","2":"type-product","3":"status-publish","4":"has-post-thumbnail","6":"product_cat-wholesale-full-body-stocking","7":"product_cat-wholesale-bodystocking","8":"product_cat-sexy-lingerie","9":"product_cat-sexy-stocking","10":"product_tag-bow-lingerie","11":"product_tag-fishnet-lingerie","12":"product_tag-mesh-lingerie","13":"product_tag-wholesale-sexy-see-through-lingerie","14":"product_tag-wholesale-sexy-crotchless-lingerie","15":"pa_color-deep-pink-women-sexy-lingerie","16":"pa_size-free","18":"first","19":"instock","20":"taxable","21":"shipping-taxable","22":"purchasable","23":"product-type-variable"},"tiered_pricing_type":"fixed","tiered_pricing_fixed_rules":[],"tiered_pricing_product_settings":{"layout":"table","base_unit_name":{"singular":null,"plural":null},"default_variation":null},"tiered_pricing_minimum_quantity":null,"tiered_pricing_roles_data":{"default_wholesaler":{"product_id":30849,"role":"default_wholesaler","pricing_type":"flat","regular_price":null,"sale_price":null,"discount":null,"discount_type":"sale_price","tiered_pricing_type":"fixed","percentage_rules":[],"fixed_rules":{"2":"1.59","30":"1.29","500":"0.99"},"minimum":null},"dropshippinger":{"product_id":30849,"role":"dropshippinger","pricing_type":"flat","regular_price":null,"sale_price":null,"discount":null,"discount_type":"sale_price","tiered_pricing_type":"fixed","percentage_rules":[],"fixed_rules":{"1":"1.99","5":"1.59","30":"1.19"},"minimum":null}},"tiered_pricing_percentage_rules":[],"tiered_pricing_maximum_quantity":null,"tiered_pricing_quantity_step":null,"_links":{"self":[{"href":"https:\/\/gretasexylingerie.com\/da\/wp-json\/wp\/v2\/product\/30849","targetHints":{"allow":["GET"]}}],"collection":[{"href":"https:\/\/gretasexylingerie.com\/da\/wp-json\/wp\/v2\/product"}],"about":[{"href":"https:\/\/gretasexylingerie.com\/da\/wp-json\/wp\/v2\/types\/product"}],"wp:featuredmedia":[{"embeddable":true,"href":"https:\/\/gretasexylingerie.com\/da\/wp-json\/wp\/v2\/media\/30852"}],"wp:attachment":[{"href":"https:\/\/gretasexylingerie.com\/da\/wp-json\/wp\/v2\/media?parent=30849"}],"wp:term":[{"taxonomy":"product_brand","embeddable":true,"href":"https:\/\/gretasexylingerie.com\/da\/wp-json\/wp\/v2\/product_brand?post=30849"},{"taxonomy":"product_cat","embeddable":true,"href":"https:\/\/gretasexylingerie.com\/da\/wp-json\/wp\/v2\/product_cat?post=30849"},{"taxonomy":"product_tag","embeddable":true,"href":"https:\/\/gretasexylingerie.com\/da\/wp-json\/wp\/v2\/product_tag?post=30849"}],"curies":[{"name":"wp","href":"https:\/\/api.w.org\/{rel}","templated":true}]}}