{"id":30827,"date":"2023-01-26T12:37:12","date_gmt":"2023-01-26T04:37:12","guid":{"rendered":"https:\/\/gretasexylingerie.com\/?post_type=product&#038;p=30827"},"modified":"2023-09-05T20:50:26","modified_gmt":"2023-09-05T12:50:26","slug":"miss-aben-ryg-bare-bryst-sort-sele-bodysuit","status":"publish","type":"product","link":"https:\/\/gretasexylingerie.com\/da\/products\/miss-open-back-bare-breast-black-harness-bodysuit\/","title":{"rendered":"Miss Open Back Bare Breast Black Harness Bodysuit"},"content":{"rendered":"<p>Funktioner:<\/p>\n\n\n\n<p>1. Ved hj\u00e6lp af h\u00f8jkvalitets elastiske b\u00e5nd kan hver del justeres frit. Selvom der kun er \u00e9n st\u00f8rrelse, kan den bruges til S-xl-figurer.<br>2. Skulderremmen og den h\u00e6ngende hals er designet i \u00e9t stykke, forbundet med en metalring. Det hule hele sk\u00e5ldesign g\u00f8r dine bryster mere fyldige og sexede.<br>3. Justerbar elastisk linning. Der er 3 metalringe p\u00e5 den forreste del, som er henholdsvis forbundet med metalringene gennem elastiske b\u00e6lter. Z-formet sp\u00e6nde for nem af- og p\u00e5tagning.<br>4. \u00c5bent skridt undert\u00f8j, der er to metalringe i skridtet forbundet med linningen gennem elastikken. Balderne er ikke d\u00e6kket eller modificeret p\u00e5 nogen m\u00e5de.<\/p>","protected":false},"excerpt":{"rendered":"<p>Den komplekse Miss Open Back Bare Breast Kvinder Sort Sele Bodysuit synes at tilf\u00f8je hul rustning til din krop. Ved hj\u00e6lp af korte elastiske b\u00e5nd af h\u00f8j kvalitet, kan hvert elastikb\u00e5nd justeres frit, hult fuld kopdesign, integreret design af skulderstropper og grimehals, justerbar elastisk linning, undert\u00f8j, der er \u00e5bent i skridtet.<\/p>","protected":false},"featured_media":30829,"template":"","meta":[],"product_brand":[],"product_cat":[379,377,367],"product_tag":[448,446,449,533,447],"class_list":{"0":"post-30827","1":"product","2":"type-product","3":"status-publish","4":"has-post-thumbnail","6":"product_cat-wholesale-harness-bodysuit","7":"product_cat-harness-lingerie","8":"product_cat-sexy-lingerie","9":"product_tag-wholesale-elegant-sexy-lingerie","10":"product_tag-wholesale-sexy-see-through-lingerie","11":"product_tag-wholesale-sexy-crotchless-lingerie","12":"product_tag-sexy-cupless-lingerie","13":"product_tag-wholesale-strappy-sexy-lingerie","14":"pa_color-black","15":"pa_size-free","17":"first","18":"instock","19":"taxable","20":"shipping-taxable","21":"purchasable","22":"product-type-variable"},"tiered_pricing_type":"fixed","tiered_pricing_fixed_rules":[],"tiered_pricing_product_settings":{"layout":"default","base_unit_name":{"singular":null,"plural":null},"default_variation":null},"tiered_pricing_minimum_quantity":null,"tiered_pricing_roles_data":{"default_wholesaler":{"product_id":30827,"role":"default_wholesaler","pricing_type":"flat","regular_price":null,"sale_price":null,"discount":null,"discount_type":"sale_price","tiered_pricing_type":"fixed","percentage_rules":[],"fixed_rules":{"2":"9.39","30":"8.29","500":"7.29"},"minimum":null},"dropshippinger":{"product_id":30827,"role":"dropshippinger","pricing_type":"flat","regular_price":null,"sale_price":null,"discount":null,"discount_type":"sale_price","tiered_pricing_type":"fixed","percentage_rules":[],"fixed_rules":{"1":"13.19","5":"10.99","30":"8.29"},"minimum":null}},"tiered_pricing_percentage_rules":[],"tiered_pricing_maximum_quantity":null,"tiered_pricing_quantity_step":null,"_links":{"self":[{"href":"https:\/\/gretasexylingerie.com\/da\/wp-json\/wp\/v2\/product\/30827","targetHints":{"allow":["GET"]}}],"collection":[{"href":"https:\/\/gretasexylingerie.com\/da\/wp-json\/wp\/v2\/product"}],"about":[{"href":"https:\/\/gretasexylingerie.com\/da\/wp-json\/wp\/v2\/types\/product"}],"wp:featuredmedia":[{"embeddable":true,"href":"https:\/\/gretasexylingerie.com\/da\/wp-json\/wp\/v2\/media\/30829"}],"wp:attachment":[{"href":"https:\/\/gretasexylingerie.com\/da\/wp-json\/wp\/v2\/media?parent=30827"}],"wp:term":[{"taxonomy":"product_brand","embeddable":true,"href":"https:\/\/gretasexylingerie.com\/da\/wp-json\/wp\/v2\/product_brand?post=30827"},{"taxonomy":"product_cat","embeddable":true,"href":"https:\/\/gretasexylingerie.com\/da\/wp-json\/wp\/v2\/product_cat?post=30827"},{"taxonomy":"product_tag","embeddable":true,"href":"https:\/\/gretasexylingerie.com\/da\/wp-json\/wp\/v2\/product_tag?post=30827"}],"curies":[{"name":"wp","href":"https:\/\/api.w.org\/{rel}","templated":true}]}}