{"id":30798,"date":"2023-01-26T11:38:34","date_gmt":"2023-01-26T03:38:34","guid":{"rendered":"https:\/\/gretasexylingerie.com\/?post_type=product&#038;p=30798"},"modified":"2023-09-05T20:50:24","modified_gmt":"2023-09-05T12:50:24","slug":"sexet-abent-skridt-talje-seleundertoj","status":"publish","type":"product","link":"https:\/\/gretasexylingerie.com\/da\/products\/sexy-open-crotch-waist-harness-underwear\/","title":{"rendered":"Sexet undert\u00f8j med \u00e5bent skridt i taljen"},"content":{"rendered":"<p>Funktioner:<\/p>\n\n\n\n<p>1. Ved hj\u00e6lp af h\u00f8jkvalitets elastikb\u00e5nd kan n\u00e6sten alle dele justeres.<br>2. Det 3-lags justerbare b\u00e6lte er forbundet med metalringe foran og bagp\u00e5, hvilket er mere fast og behageligt.<br>3. Der er 4 lag med justerbar elastik p\u00e5 venstre og h\u00f8jre side af l\u00e5ret. Der er to justerbare elastiske b\u00e5nd foran og bagp\u00e5, der er forbundet med taljeb\u00e6ltet.<br>4. Skridt\u00e5bningsdesignet er forbundet med skridtet med et justerbart tyndt elastikb\u00e5nd, og skridtets st\u00f8rrelse kan frit kontrolleres.<\/p>","protected":false},"excerpt":{"rendered":"<p>Bev\u00e6bn din krop for at erobre din elsker med Dropshipping Sexet, \u00e5bent skridt-talje-seleundert\u00f8j.<br \/>\nVed hj\u00e6lp af h\u00f8jkvalitets elastiske b\u00e5nd er n\u00e6sten hver del designet til at v\u00e6re justerbar, 3-lags linning, forbundet med metalringe foran og bagp\u00e5. Der er 3 lag justerbare elastiske b\u00e5nd p\u00e5 venstre og h\u00f8jre side af l\u00e5rene og er forbundet til taljeb\u00e6ltet gennem elastikb\u00e5nd.<\/p>","protected":false},"featured_media":30801,"template":"","meta":[],"product_brand":[],"product_cat":[381,377,367],"product_tag":[451,446,449,447],"class_list":{"0":"post-30798","1":"product","2":"type-product","3":"status-publish","4":"has-post-thumbnail","6":"product_cat-wholesale-harness-underwear","7":"product_cat-harness-lingerie","8":"product_cat-sexy-lingerie","9":"product_tag-wholesale-revealing-lingerie","10":"product_tag-wholesale-sexy-see-through-lingerie","11":"product_tag-wholesale-sexy-crotchless-lingerie","12":"product_tag-wholesale-strappy-sexy-lingerie","13":"pa_color-black","14":"pa_size-free","16":"first","17":"instock","18":"taxable","19":"shipping-taxable","20":"purchasable","21":"product-type-variable"},"tiered_pricing_type":"fixed","tiered_pricing_fixed_rules":[],"tiered_pricing_product_settings":{"layout":"default","base_unit_name":{"singular":null,"plural":null},"default_variation":null},"tiered_pricing_minimum_quantity":null,"tiered_pricing_roles_data":{"default_wholesaler":{"product_id":30798,"role":"default_wholesaler","pricing_type":"flat","regular_price":null,"sale_price":null,"discount":null,"discount_type":"sale_price","tiered_pricing_type":"fixed","percentage_rules":[],"fixed_rules":{"2":"11.19","30":"9.79","500":"8.69"},"minimum":null},"dropshippinger":{"product_id":30798,"role":"dropshippinger","pricing_type":"flat","regular_price":null,"sale_price":null,"discount":null,"discount_type":"sale_price","tiered_pricing_type":"fixed","percentage_rules":[],"fixed_rules":{"1":"15.69","5":"13.09","30":"9.79"},"minimum":null}},"tiered_pricing_percentage_rules":[],"tiered_pricing_maximum_quantity":null,"tiered_pricing_quantity_step":null,"_links":{"self":[{"href":"https:\/\/gretasexylingerie.com\/da\/wp-json\/wp\/v2\/product\/30798","targetHints":{"allow":["GET"]}}],"collection":[{"href":"https:\/\/gretasexylingerie.com\/da\/wp-json\/wp\/v2\/product"}],"about":[{"href":"https:\/\/gretasexylingerie.com\/da\/wp-json\/wp\/v2\/types\/product"}],"wp:featuredmedia":[{"embeddable":true,"href":"https:\/\/gretasexylingerie.com\/da\/wp-json\/wp\/v2\/media\/30801"}],"wp:attachment":[{"href":"https:\/\/gretasexylingerie.com\/da\/wp-json\/wp\/v2\/media?parent=30798"}],"wp:term":[{"taxonomy":"product_brand","embeddable":true,"href":"https:\/\/gretasexylingerie.com\/da\/wp-json\/wp\/v2\/product_brand?post=30798"},{"taxonomy":"product_cat","embeddable":true,"href":"https:\/\/gretasexylingerie.com\/da\/wp-json\/wp\/v2\/product_cat?post=30798"},{"taxonomy":"product_tag","embeddable":true,"href":"https:\/\/gretasexylingerie.com\/da\/wp-json\/wp\/v2\/product_tag?post=30798"}],"curies":[{"name":"wp","href":"https:\/\/api.w.org\/{rel}","templated":true}]}}