{"id":30744,"date":"2023-01-25T16:45:41","date_gmt":"2023-01-25T08:45:41","guid":{"rendered":"https:\/\/gretasexylingerie.com\/?post_type=product&#038;p=30744"},"modified":"2023-09-05T20:50:21","modified_gmt":"2023-09-05T12:50:21","slug":"hip-lift-elastisk-strompeband-med-pigge","status":"publish","type":"product","link":"https:\/\/gretasexylingerie.com\/da\/products\/hip-lift-elastic-garter-belt-with-spikes\/","title":{"rendered":"Hip Lift elastisk str\u00f8mpeb\u00e5nd med pigge"},"content":{"rendered":"<p>Funktioner:<\/p>\n\n\n\n<p>1. H\u00f8jt elastisk v\u00e6vet b\u00e6lte, bl\u00f8dt indre lag. Selvom der kun er \u00e9n st\u00f8rrelse, kan den rumme mange kropstyper. Det vil ikke f\u00e5 dig til at f\u00f8le ubehag.<br>2. Det 3-lags b\u00e6ltedesign g\u00f8r str\u00f8mpeb\u00e5ndet st\u00e6rkere. Metalringe bruges til at forbinde taljeb\u00e6ltet, som ikke kun er behageligt, men ogs\u00e5 stabilt. Hver led er dekoreret med en nitte.<br>3. Benringen er direkte forbundet med str\u00f8mpeb\u00e5ndsb\u00e6ltet for at undg\u00e5 pinlige situationer.<br>4. St\u00f8rrelsen kan justeres frit, velegnet til S-xl.<\/p>","protected":false},"excerpt":{"rendered":"<p>Slip din seksuelle natur l\u00f8s med hoftel\u00f8ftelastisk str\u00f8mpeb\u00e5ndsb\u00e6lte med pigge. Ved hj\u00e6lp af h\u00f8jkvalitetsstropper forbinder to metalringe 3 b\u00e6lter, hver gr\u00e6nseflade er forbundet med nitter og benl\u00f8kker i \u00e9t stykke. (uden trusser)<\/p>","protected":false},"featured_media":30747,"template":"","meta":[],"product_brand":[],"product_cat":[378,377,367],"product_tag":[524,447,504],"class_list":{"0":"post-30744","1":"product","2":"type-product","3":"status-publish","4":"has-post-thumbnail","6":"product_cat-wholesale-garter-straps","7":"product_cat-harness-lingerie","8":"product_cat-sexy-lingerie","9":"product_tag-metal-lingerie","10":"product_tag-wholesale-strappy-sexy-lingerie","11":"product_tag-ultra-sexy","12":"pa_color-black","13":"pa_size-free","15":"first","16":"instock","17":"taxable","18":"shipping-taxable","19":"purchasable","20":"product-type-variable"},"tiered_pricing_type":"fixed","tiered_pricing_fixed_rules":[],"tiered_pricing_product_settings":{"layout":"default","base_unit_name":{"singular":null,"plural":null},"default_variation":null},"tiered_pricing_minimum_quantity":null,"tiered_pricing_roles_data":{"default_wholesaler":{"product_id":30744,"role":"default_wholesaler","pricing_type":"flat","regular_price":null,"sale_price":null,"discount":null,"discount_type":"sale_price","tiered_pricing_type":"fixed","percentage_rules":[],"fixed_rules":{"2":"3.19","30":"2.79","500":"2.49"},"minimum":null},"dropshippinger":{"product_id":30744,"role":"dropshippinger","pricing_type":"flat","regular_price":null,"sale_price":null,"discount":null,"discount_type":"sale_price","tiered_pricing_type":"fixed","percentage_rules":[],"fixed_rules":{"1":"4.39","5":"3.69","30":"2.79"},"minimum":null}},"tiered_pricing_percentage_rules":[],"tiered_pricing_maximum_quantity":null,"tiered_pricing_quantity_step":null,"_links":{"self":[{"href":"https:\/\/gretasexylingerie.com\/da\/wp-json\/wp\/v2\/product\/30744","targetHints":{"allow":["GET"]}}],"collection":[{"href":"https:\/\/gretasexylingerie.com\/da\/wp-json\/wp\/v2\/product"}],"about":[{"href":"https:\/\/gretasexylingerie.com\/da\/wp-json\/wp\/v2\/types\/product"}],"wp:featuredmedia":[{"embeddable":true,"href":"https:\/\/gretasexylingerie.com\/da\/wp-json\/wp\/v2\/media\/30747"}],"wp:attachment":[{"href":"https:\/\/gretasexylingerie.com\/da\/wp-json\/wp\/v2\/media?parent=30744"}],"wp:term":[{"taxonomy":"product_brand","embeddable":true,"href":"https:\/\/gretasexylingerie.com\/da\/wp-json\/wp\/v2\/product_brand?post=30744"},{"taxonomy":"product_cat","embeddable":true,"href":"https:\/\/gretasexylingerie.com\/da\/wp-json\/wp\/v2\/product_cat?post=30744"},{"taxonomy":"product_tag","embeddable":true,"href":"https:\/\/gretasexylingerie.com\/da\/wp-json\/wp\/v2\/product_tag?post=30744"}],"curies":[{"name":"wp","href":"https:\/\/api.w.org\/{rel}","templated":true}]}}