{"id":30707,"date":"2023-01-25T13:48:15","date_gmt":"2023-01-25T05:48:15","guid":{"rendered":"https:\/\/gretasexylingerie.com\/?post_type=product&#038;p=30707"},"modified":"2023-09-05T20:50:19","modified_gmt":"2023-09-05T12:50:19","slug":"sexet-grime-bralette-med-stropper-i-bur","status":"publish","type":"product","link":"https:\/\/gretasexylingerie.com\/da\/products\/sexy-halter-strappy-cage-bralette\/","title":{"rendered":"Sexet Halter Strappy Cage Bralette"},"content":{"rendered":"<p>Funktioner:<\/p>\n\n\n\n<p>1. Elastikb\u00e5nd af h\u00f8j kvalitet, multijusterbart design, selvom der kun er \u00e9n st\u00f8rrelse, kan det passe til det meste af kroppen.<br>2. Brug 8 O-formede metalringe til at forbinde forskellige dele af bh&#039;en, som ikke kun er st\u00e6rkere, men ogs\u00e5 mere behagelig.<br>3. Justerbar grimehals og optr\u00e6kbare skulderstropper g\u00f8r dit bryst mere stabilt. Du kan justere det vilk\u00e5rligt efter dine behov for at f\u00e5 en bedre oplevelse.<br>4. Den justerbare ryg er forbundet med 9-type sp\u00e6nder, som ikke kun kan tilpasse sig flere kroppe, men ogs\u00e5 kan tages p\u00e5 og nemt tages af.<\/p>","protected":false},"excerpt":{"rendered":"<p>Delikat designet Sexet Halter Strappy Cage Bralette, g\u00f8r din elsker fuld af lyst. H\u00f8jelastiske stropper bruges til at forbinde bh&#039;ens forskellige dele med 8 O-formede metalringe. Det justerbare Halter Neck-design og optr\u00e6kbare skulderstropper kan g\u00f8re dine bryster mere fyldige. Det 9-type undert\u00f8jssp\u00e6nde giver dig mulighed for nemt at tage det p\u00e5 og af.<\/p>","protected":false},"featured_media":30711,"template":"","meta":[],"product_brand":[],"product_cat":[380,377,367],"product_tag":[528,524,451,533,504],"class_list":{"0":"post-30707","1":"product","2":"type-product","3":"status-publish","4":"has-post-thumbnail","6":"product_cat-wholesale-harness-bra-and-panty-set","7":"product_cat-harness-lingerie","8":"product_cat-sexy-lingerie","9":"product_tag-halter-lingerie","10":"product_tag-metal-lingerie","11":"product_tag-wholesale-revealing-lingerie","12":"product_tag-sexy-cupless-lingerie","13":"product_tag-ultra-sexy","14":"pa_color-black","15":"pa_cup-wholesale-cupness-women-sexy-lingerie","16":"pa_size-free","18":"first","19":"instock","20":"taxable","21":"shipping-taxable","22":"purchasable","23":"product-type-variable"},"tiered_pricing_type":"fixed","tiered_pricing_fixed_rules":[],"tiered_pricing_product_settings":{"layout":"default","base_unit_name":{"singular":null,"plural":null},"default_variation":null},"tiered_pricing_minimum_quantity":null,"tiered_pricing_roles_data":{"default_wholesaler":{"product_id":30707,"role":"default_wholesaler","pricing_type":"flat","regular_price":null,"sale_price":null,"discount":null,"discount_type":"sale_price","tiered_pricing_type":"fixed","percentage_rules":[],"fixed_rules":{"2":"3.59","30":"3.19","500":"2.79"},"minimum":null},"dropshippinger":{"product_id":30707,"role":"dropshippinger","pricing_type":"flat","regular_price":null,"sale_price":null,"discount":null,"discount_type":"sale_price","tiered_pricing_type":"fixed","percentage_rules":[],"fixed_rules":{"1":"4.99","5":"4.19","30":"3.19"},"minimum":null}},"tiered_pricing_percentage_rules":[],"tiered_pricing_maximum_quantity":null,"tiered_pricing_quantity_step":null,"_links":{"self":[{"href":"https:\/\/gretasexylingerie.com\/da\/wp-json\/wp\/v2\/product\/30707","targetHints":{"allow":["GET"]}}],"collection":[{"href":"https:\/\/gretasexylingerie.com\/da\/wp-json\/wp\/v2\/product"}],"about":[{"href":"https:\/\/gretasexylingerie.com\/da\/wp-json\/wp\/v2\/types\/product"}],"wp:featuredmedia":[{"embeddable":true,"href":"https:\/\/gretasexylingerie.com\/da\/wp-json\/wp\/v2\/media\/30711"}],"wp:attachment":[{"href":"https:\/\/gretasexylingerie.com\/da\/wp-json\/wp\/v2\/media?parent=30707"}],"wp:term":[{"taxonomy":"product_brand","embeddable":true,"href":"https:\/\/gretasexylingerie.com\/da\/wp-json\/wp\/v2\/product_brand?post=30707"},{"taxonomy":"product_cat","embeddable":true,"href":"https:\/\/gretasexylingerie.com\/da\/wp-json\/wp\/v2\/product_cat?post=30707"},{"taxonomy":"product_tag","embeddable":true,"href":"https:\/\/gretasexylingerie.com\/da\/wp-json\/wp\/v2\/product_tag?post=30707"}],"curies":[{"name":"wp","href":"https:\/\/api.w.org\/{rel}","templated":true}]}}