{"id":30674,"date":"2023-01-25T12:31:07","date_gmt":"2023-01-25T04:31:07","guid":{"rendered":"https:\/\/gretasexylingerie.com\/?post_type=product&#038;p=30674"},"modified":"2023-12-09T21:34:59","modified_gmt":"2023-12-09T13:34:59","slug":"strop-perspektiv-slynge-mesh-chemise","status":"publish","type":"product","link":"https:\/\/gretasexylingerie.com\/da\/products\/strap-perspective-sling-mesh-chemise\/","title":{"rendered":"engros Strap Perspective Sling Mesh Chemise"},"content":{"rendered":"<p>Funktioner:<\/p>\n\n\n\n<p>1. Det h\u00f8jelastiske, gennemsigtige mesh kan holde din krop meget godt fast, og det hofteomsluttende design vil ikke begr\u00e6nse din bev\u00e6gelse.<br>2. Justerbare brede skulderstropper, pull-up design, g\u00f8r dit bryst mere fyldigt.<br>3. Linjerne lavet af flere brede b\u00e5nd g\u00f8r din krop smukkere visuelt. Der er to stropper forl\u00e6nget.<\/p>\n\n\n\n<figure class=\"wp-block-table is-style-stripes\"><table><tbody><tr><td colspan=\"4\">Site Chart (CM)<\/td><\/tr><tr><td>St\u00f8rrelse<\/td><td>Under Bust<\/td><td>Talje<\/td><td>L\u00e6ngde<\/td><\/tr><tr><td>S<\/td><td>64-90<\/td><td>64-84<\/td><td>72<\/td><\/tr><tr><td>M<\/td><td>68-94<\/td><td>68-88<\/td><td>74<\/td><\/tr><tr><td>L<\/td><td>72-98<\/td><td>72-92<\/td><td>76<\/td><\/tr><tr><td colspan=\"4\">Sitediagram (INCH)<\/td><\/tr><tr><td>St\u00f8rrelse<\/td><td>Under Bust<\/td><td>Talje<\/td><td>Talje<\/td><\/tr><tr><td>S<\/td><td>25.6-36<\/td><td>25.6-36<\/td><td>28.8<\/td><\/tr><tr><td>M<\/td><td>27.2-37.6<\/td><td>27.2-37.6<\/td><td>29.6<\/td><\/tr><tr><td>L<\/td><td>28.8-39.2<\/td><td>28.8-39.2<\/td><td>30.4<\/td><\/tr><tr><td colspan=\"4\">Bem\u00e6rk: 1.Der kan v\u00e6re 1-2 cm afvigelse i forskellige st\u00f8rrelser, placeringer og str\u00e6k af stoffer. St\u00f8rrelsestabellen er kun til reference, der kan v\u00e6re lidt forskel p\u00e5, hvad du f\u00e5r. 2.Der er 3 slags elasticitet: h\u00f8j elasticitet (tosidet strakt), medium elasticitet (ensidig strakt) og ikke-elastisk (kan ikke str\u00e6kkes). 3. Farven kan v\u00e6re lysere eller m\u00f8rkere p\u00e5 grund af den forskellige pc-sk\u00e6rm. 4. Vask den i h\u00e5nden i 30 graders vand, h\u00e6ng den til t\u00f8rre i skygge, forbyd blegning. 5.Der er m\u00e5ske lidt forskel p\u00e5 detaljer og m\u00f8nster.<\/td><\/tr><\/tbody><\/table><\/figure>","protected":false},"excerpt":{"rendered":"<p>Lad The Strap Perspective Sling Mesh Chemise kaste et skud af mystik over din krop. Brugen af h\u00f8jelastisk fint mesh kan g\u00f8re din krop mere slank, og det justerbare brede skulderremdesign kan g\u00f8re din krop mere sexet gennem skildringen af adskillige brede stropper.<\/p>\n<p>https:\/\/youtu.be\/UeoPEjfx1fU<\/p>","protected":false},"featured_media":30679,"template":"","meta":[],"product_brand":[],"product_cat":[394,422,367],"product_tag":[518,973,446,447],"class_list":{"0":"post-30674","1":"product","2":"type-product","3":"status-publish","4":"has-post-thumbnail","6":"product_cat-wholesale-mesh-chemise","7":"product_cat-sexy-chemise","8":"product_cat-sexy-lingerie","9":"product_tag-mesh-lingerie","10":"product_tag-oem","11":"product_tag-wholesale-sexy-see-through-lingerie","12":"product_tag-wholesale-strappy-sexy-lingerie","13":"pa_color-black","14":"pa_cup-wholesale-half-cup-women-sexy-lingerie","15":"pa_size-wholesale-large-size-women-sexy-lingerie","16":"pa_size-wholesale-medium-size-women-sexy-lingerie","17":"pa_size-wholesale-small-size-sexy-lingerie","19":"first","20":"outofstock","21":"taxable","22":"shipping-taxable","23":"purchasable","24":"product-type-variable"},"tiered_pricing_type":"fixed","tiered_pricing_fixed_rules":[],"tiered_pricing_product_settings":{"layout":"default","base_unit_name":{"singular":null,"plural":null},"default_variation":{}},"tiered_pricing_minimum_quantity":null,"tiered_pricing_roles_data":{"default_wholesaler":{"product_id":30674,"role":"default_wholesaler","pricing_type":"flat","regular_price":null,"sale_price":null,"discount":null,"discount_type":"sale_price","tiered_pricing_type":"fixed","percentage_rules":[],"fixed_rules":{"2":"9.69","30":"8.29","500":"7.29"},"minimum":null},"dropshippinger":{"product_id":30674,"role":"dropshippinger","pricing_type":"flat","regular_price":null,"sale_price":null,"discount":null,"discount_type":"sale_price","tiered_pricing_type":"fixed","percentage_rules":[],"fixed_rules":{"1":"11.59","5":"9.69","30":"8.29"},"minimum":null}},"tiered_pricing_percentage_rules":[],"tiered_pricing_maximum_quantity":null,"tiered_pricing_quantity_step":null,"_links":{"self":[{"href":"https:\/\/gretasexylingerie.com\/da\/wp-json\/wp\/v2\/product\/30674","targetHints":{"allow":["GET"]}}],"collection":[{"href":"https:\/\/gretasexylingerie.com\/da\/wp-json\/wp\/v2\/product"}],"about":[{"href":"https:\/\/gretasexylingerie.com\/da\/wp-json\/wp\/v2\/types\/product"}],"wp:featuredmedia":[{"embeddable":true,"href":"https:\/\/gretasexylingerie.com\/da\/wp-json\/wp\/v2\/media\/30679"}],"wp:attachment":[{"href":"https:\/\/gretasexylingerie.com\/da\/wp-json\/wp\/v2\/media?parent=30674"}],"wp:term":[{"taxonomy":"product_brand","embeddable":true,"href":"https:\/\/gretasexylingerie.com\/da\/wp-json\/wp\/v2\/product_brand?post=30674"},{"taxonomy":"product_cat","embeddable":true,"href":"https:\/\/gretasexylingerie.com\/da\/wp-json\/wp\/v2\/product_cat?post=30674"},{"taxonomy":"product_tag","embeddable":true,"href":"https:\/\/gretasexylingerie.com\/da\/wp-json\/wp\/v2\/product_tag?post=30674"}],"curies":[{"name":"wp","href":"https:\/\/api.w.org\/{rel}","templated":true}]}}