{"id":30618,"date":"2023-01-24T20:43:50","date_gmt":"2023-01-24T12:43:50","guid":{"rendered":"https:\/\/gretasexylingerie.com\/?post_type=product&#038;p=30618"},"modified":"2023-09-05T20:50:15","modified_gmt":"2023-09-05T12:50:15","slug":"gennemsigtig-mesh-langaermet-lang-chemise","status":"publish","type":"product","link":"https:\/\/gretasexylingerie.com\/da\/products\/sheer-mesh-long-sleeve-long-chemise\/","title":{"rendered":"Sheer Mesh Lang\u00e6rmet Lang Chemise"},"content":{"rendered":"<p>Funktioner:<\/p>\n\n\n\n<p>1. Der bruges blomsterblonde af h\u00f8j kvalitet, som har h\u00f8j elasticitet og kan tilpasses godt til forskellige bryster.<br>2. Nederdelen sammensat af fint mesh og plisseret design tilf\u00f8jer en f\u00f8lelse af mystik til din krop.<br>3. Dyb V-udsk\u00e6ring og justerbare stropper p\u00e5 brystet, du kan nemt styre dit bryst og lade dig bruge det nemmere.<\/p>\n\n\n\n<figure class=\"wp-block-table is-style-stripes\"><table><tbody><tr><td colspan=\"4\">Site Chart (CM)<\/td><\/tr><tr><td>St\u00f8rrelse<\/td><td>Under Bust<\/td><td>L\u00e6ngde<\/td><td>Talje<\/td><\/tr><tr><td>S<\/td><td>78<\/td><td>130<\/td><td>65<\/td><\/tr><tr><td>M<\/td><td>80<\/td><td>132<\/td><td>70<\/td><\/tr><tr><td>L<\/td><td>82<\/td><td>134<\/td><td>75<\/td><\/tr><tr><td>XL<\/td><td>84<\/td><td>136<\/td><td>80<\/td><\/tr><tr><td colspan=\"4\">Sitediagram (INCH)<\/td><\/tr><tr><td>St\u00f8rrelse<\/td><td>Under Bust<\/td><td>Koph\u00f8jde<\/td><td>Talje<\/td><\/tr><tr><td>S<\/td><td>31.2<\/td><td>52<\/td><td>26<\/td><\/tr><tr><td>M<\/td><td>32<\/td><td>52.8<\/td><td>28<\/td><\/tr><tr><td>L<\/td><td>32.8<\/td><td>53.6<\/td><td>30<\/td><\/tr><tr><td>XL<\/td><td>33.6<\/td><td>54.4<\/td><td>32<\/td><\/tr><tr><td colspan=\"4\">Bem\u00e6rk: 1.Der kan v\u00e6re 1-2 cm afvigelse i forskellige st\u00f8rrelser, placeringer og str\u00e6k af stoffer. St\u00f8rrelsestabellen er kun til reference, der kan v\u00e6re lidt forskel p\u00e5, hvad du f\u00e5r. 2.Der er 3 slags elasticitet: h\u00f8j elasticitet (tosidet strakt), medium elasticitet (ensidig strakt) og ikke-elastisk (kan ikke str\u00e6kkes). 3. Farven kan v\u00e6re lysere eller m\u00f8rkere p\u00e5 grund af den forskellige pc-sk\u00e6rm. 4. Vask den i h\u00e5nden i 30 graders vand, h\u00e6ng den til t\u00f8rre i skygge, forbyd blegning. 5.Der er m\u00e5ske lidt forskel p\u00e5 detaljer og m\u00f8nster.<\/td><\/tr><\/tbody><\/table><\/figure>","protected":false},"excerpt":{"rendered":"<p>Sheer Mesh Lang\u00e6rmet Lang Chemise P\u00e5 Sengen, Kast dig selv i Armene p\u00e5 din elsker. Brystet og de lange \u00e6rmer er dekoreret med gennemsigtige blomsterblonde, nederdelen er lavet i fint mesh, den dybe V-udsk\u00e6ring er designet, og det justerbare slips er brugt p\u00e5 brystdelen, som kan justeres efter behov.<\/p>","protected":false},"featured_media":30623,"template":"","meta":[],"product_brand":[],"product_cat":[393,394,422,367],"product_tag":[452,518,446,504],"class_list":{"0":"post-30618","1":"product","2":"type-product","3":"status-publish","4":"has-post-thumbnail","6":"product_cat-wholesale-long-chemise","7":"product_cat-wholesale-mesh-chemise","8":"product_cat-sexy-chemise","9":"product_cat-sexy-lingerie","10":"product_tag-wholesale-boudoir-lingerie","11":"product_tag-mesh-lingerie","12":"product_tag-wholesale-sexy-see-through-lingerie","13":"product_tag-ultra-sexy","14":"pa_color-black","15":"pa_color-light-blue-women-sexy-lingerie","16":"pa_color-white","17":"pa_cup-full-cup","18":"pa_size-wholesale-large-size-women-sexy-lingerie","19":"pa_size-wholesale-medium-size-women-sexy-lingerie","20":"pa_size-wholesale-small-size-sexy-lingerie","21":"pa_size-wholesale-extra-large-sexy-lingerie","23":"first","24":"instock","25":"taxable","26":"shipping-taxable","27":"purchasable","28":"product-type-variable"},"tiered_pricing_type":"fixed","tiered_pricing_fixed_rules":[],"tiered_pricing_product_settings":{"layout":"default","base_unit_name":{"singular":null,"plural":null},"default_variation":null},"tiered_pricing_minimum_quantity":null,"tiered_pricing_roles_data":{"default_wholesaler":{"product_id":30618,"role":"default_wholesaler","pricing_type":"flat","regular_price":null,"sale_price":null,"discount":null,"discount_type":"sale_price","tiered_pricing_type":"fixed","percentage_rules":[],"fixed_rules":{"2":"6.79","30":"5.89","500":"5.09"},"minimum":null},"dropshippinger":{"product_id":30618,"role":"dropshippinger","pricing_type":"flat","regular_price":null,"sale_price":null,"discount":null,"discount_type":"sale_price","tiered_pricing_type":"fixed","percentage_rules":[],"fixed_rules":{"1":"8.19","5":"6.79","30":"5.89"},"minimum":null}},"tiered_pricing_percentage_rules":[],"tiered_pricing_maximum_quantity":null,"tiered_pricing_quantity_step":null,"_links":{"self":[{"href":"https:\/\/gretasexylingerie.com\/da\/wp-json\/wp\/v2\/product\/30618","targetHints":{"allow":["GET"]}}],"collection":[{"href":"https:\/\/gretasexylingerie.com\/da\/wp-json\/wp\/v2\/product"}],"about":[{"href":"https:\/\/gretasexylingerie.com\/da\/wp-json\/wp\/v2\/types\/product"}],"wp:featuredmedia":[{"embeddable":true,"href":"https:\/\/gretasexylingerie.com\/da\/wp-json\/wp\/v2\/media\/30623"}],"wp:attachment":[{"href":"https:\/\/gretasexylingerie.com\/da\/wp-json\/wp\/v2\/media?parent=30618"}],"wp:term":[{"taxonomy":"product_brand","embeddable":true,"href":"https:\/\/gretasexylingerie.com\/da\/wp-json\/wp\/v2\/product_brand?post=30618"},{"taxonomy":"product_cat","embeddable":true,"href":"https:\/\/gretasexylingerie.com\/da\/wp-json\/wp\/v2\/product_cat?post=30618"},{"taxonomy":"product_tag","embeddable":true,"href":"https:\/\/gretasexylingerie.com\/da\/wp-json\/wp\/v2\/product_tag?post=30618"}],"curies":[{"name":"wp","href":"https:\/\/api.w.org\/{rel}","templated":true}]}}