{"id":30579,"date":"2023-01-24T20:21:27","date_gmt":"2023-01-24T12:21:27","guid":{"rendered":"https:\/\/gretasexylingerie.com\/?post_type=product&#038;p=30579"},"modified":"2023-09-05T20:50:15","modified_gmt":"2023-09-05T12:50:15","slug":"gennemsigtig-pyjamas-side-slids-lang-chemise","status":"publish","type":"product","link":"https:\/\/gretasexylingerie.com\/da\/products\/sheer-pajamas-side-slit-long-chemise\/","title":{"rendered":"Gennemsigtig pyjamas Sideslids Lang Chemise"},"content":{"rendered":"<p>Funktioner:<\/p>\n\n\n\n<p>1. Gennemsigtige blomsterblonde, meshstruktur, \u00e5ndbar, behagelig og tilf\u00f8jer uimodst\u00e5elig charme til din krop.<br>2. Designet med side\u00e5bning g\u00f8r din krop mere fri, og du kan frit slippe din charme.<br>3. Den dybe V-udsk\u00e6ring er syet med h\u00f8jelastisk flettet b\u00e6lte for at \u00f8ge holdbarheden af t\u00f8jet. B\u00e6r den med en rem lavet af samme materiale.<\/p>\n\n\n\n<figure class=\"wp-block-table is-style-stripes\"><table><tbody><tr><td colspan=\"4\">Site Chart (CM)<\/td><\/tr><tr><td>St\u00f8rrelse<\/td><td>Under Bust<\/td><td>L\u00e6ngde<\/td><td>Talje<\/td><\/tr><tr><td>S<\/td><td>100<\/td><td>130<\/td><td>65<\/td><\/tr><tr><td>M<\/td><td>105<\/td><td>132<\/td><td>70<\/td><\/tr><tr><td>L<\/td><td>110<\/td><td>134<\/td><td>75<\/td><\/tr><tr><td>XL<\/td><td>115<\/td><td>136<\/td><td>80<\/td><\/tr><tr><td>XXL<\/td><td>120<\/td><td>138<\/td><td>85<\/td><\/tr><tr><td colspan=\"4\">Sitediagram (INCH)<\/td><\/tr><tr><td>St\u00f8rrelse<\/td><td>Under Bust<\/td><td>Koph\u00f8jde<\/td><td>Talje<\/td><\/tr><tr><td>S<\/td><td>40<\/td><td>52<\/td><td>26<\/td><\/tr><tr><td>M<\/td><td>42<\/td><td>52.8<\/td><td>28<\/td><\/tr><tr><td>L<\/td><td>44<\/td><td>53.6<\/td><td>30<\/td><\/tr><tr><td>XL<\/td><td>46<\/td><td>54.4<\/td><td>32<\/td><\/tr><tr><td>XXL<\/td><td>48<\/td><td>55.2<\/td><td>34<\/td><\/tr><tr><td colspan=\"4\">Bem\u00e6rk: 1.Der kan v\u00e6re 1-2 cm afvigelse i forskellige st\u00f8rrelser, placeringer og str\u00e6k af stoffer. St\u00f8rrelsestabellen er kun til reference, der kan v\u00e6re lidt forskel p\u00e5, hvad du f\u00e5r. 2.Der er 3 slags elasticitet: h\u00f8j elasticitet (tosidet strakt), medium elasticitet (ensidig strakt) og ikke-elastisk (kan ikke str\u00e6kkes). 3. Farven kan v\u00e6re lysere eller m\u00f8rkere p\u00e5 grund af den forskellige pc-sk\u00e6rm. 4. Vask den i h\u00e5nden i 30 graders vand, h\u00e6ng den til t\u00f8rre i skygge, forbyd blegning. 5.Der er m\u00e5ske lidt forskel p\u00e5 detaljer og m\u00f8nster.<\/td><\/tr><\/tbody><\/table><\/figure>","protected":false},"excerpt":{"rendered":"<p>Gennemsigtig pyjamas sideslids lang chemise hj\u00e6lper dig med at nyde en sp\u00e6ndende bryllupsrejseaften. Ved hj\u00e6lp af udhulede gennemsigtige blonder af h\u00f8j kvalitet tilf\u00f8jer omhyggeligt designede m\u00f8nstre en mystisk tiltr\u00e6kning til din krop, og det side\u00e5bningsdesign tillader din krop at v\u00e6re mere fri. Den er matchet med en rem lavet af samme blondemateriale.<\/p>","protected":false},"featured_media":30581,"template":"","meta":[],"product_brand":[],"product_cat":[393,422,367],"product_tag":[452,516,518,446,504],"class_list":{"0":"post-30579","1":"product","2":"type-product","3":"status-publish","4":"has-post-thumbnail","6":"product_cat-wholesale-long-chemise","7":"product_cat-sexy-chemise","8":"product_cat-sexy-lingerie","9":"product_tag-wholesale-boudoir-lingerie","10":"product_tag-lace-lingerie","11":"product_tag-mesh-lingerie","12":"product_tag-wholesale-sexy-see-through-lingerie","13":"product_tag-ultra-sexy","14":"pa_color-black","15":"pa_color-fire-brick-women-sexy-lingerie","16":"pa_color-sea-green-women-sexy-lingerie","17":"pa_color-white","18":"pa_cup-full-cup","19":"pa_size-wholesale-large-size-women-sexy-lingerie","20":"pa_size-wholesale-medium-size-women-sexy-lingerie","21":"pa_size-wholesale-small-size-sexy-lingerie","22":"pa_size-wholesale-extra-large-sexy-lingerie","23":"pa_size-extra-extra-large-sexy-lingerie","25":"first","26":"instock","27":"taxable","28":"shipping-taxable","29":"purchasable","30":"product-type-variable"},"tiered_pricing_type":"fixed","tiered_pricing_fixed_rules":[],"tiered_pricing_product_settings":{"layout":"default","base_unit_name":{"singular":null,"plural":null},"default_variation":null},"tiered_pricing_minimum_quantity":null,"tiered_pricing_roles_data":{"default_wholesaler":{"product_id":30579,"role":"default_wholesaler","pricing_type":"flat","regular_price":null,"sale_price":null,"discount":null,"discount_type":"sale_price","tiered_pricing_type":"fixed","percentage_rules":[],"fixed_rules":{"2":"8.59","30":"7.39","500":"6.49"},"minimum":null},"dropshippinger":{"product_id":30579,"role":"dropshippinger","pricing_type":"flat","regular_price":null,"sale_price":null,"discount":null,"discount_type":"sale_price","tiered_pricing_type":"fixed","percentage_rules":[],"fixed_rules":{"1":"10.39","5":"8.59","20":"7.39"},"minimum":null}},"tiered_pricing_percentage_rules":[],"tiered_pricing_maximum_quantity":null,"tiered_pricing_quantity_step":null,"_links":{"self":[{"href":"https:\/\/gretasexylingerie.com\/da\/wp-json\/wp\/v2\/product\/30579","targetHints":{"allow":["GET"]}}],"collection":[{"href":"https:\/\/gretasexylingerie.com\/da\/wp-json\/wp\/v2\/product"}],"about":[{"href":"https:\/\/gretasexylingerie.com\/da\/wp-json\/wp\/v2\/types\/product"}],"wp:featuredmedia":[{"embeddable":true,"href":"https:\/\/gretasexylingerie.com\/da\/wp-json\/wp\/v2\/media\/30581"}],"wp:attachment":[{"href":"https:\/\/gretasexylingerie.com\/da\/wp-json\/wp\/v2\/media?parent=30579"}],"wp:term":[{"taxonomy":"product_brand","embeddable":true,"href":"https:\/\/gretasexylingerie.com\/da\/wp-json\/wp\/v2\/product_brand?post=30579"},{"taxonomy":"product_cat","embeddable":true,"href":"https:\/\/gretasexylingerie.com\/da\/wp-json\/wp\/v2\/product_cat?post=30579"},{"taxonomy":"product_tag","embeddable":true,"href":"https:\/\/gretasexylingerie.com\/da\/wp-json\/wp\/v2\/product_tag?post=30579"}],"curies":[{"name":"wp","href":"https:\/\/api.w.org\/{rel}","templated":true}]}}