{"id":30544,"date":"2023-01-24T19:46:54","date_gmt":"2023-01-24T11:46:54","guid":{"rendered":"https:\/\/gretasexylingerie.com\/?post_type=product&#038;p=30544"},"modified":"2023-09-05T20:50:13","modified_gmt":"2023-09-05T12:50:13","slug":"sexet-strompebandsblonde-chemisesaet","status":"publish","type":"product","link":"https:\/\/gretasexylingerie.com\/da\/products\/sexy-garter-lace-chemise-set\/","title":{"rendered":"Sexet str\u00f8mpeb\u00e5ndsblonde Chemise-s\u00e6t"},"content":{"rendered":"<p>Funktioner:<\/p>\n\n\n\n<p>1. Blomsterblonde af h\u00f8j kvalitet, hult design, dekorer forsiden af kroppen, frig\u00f8r din krops charme.<br>2. Justerbare skulderstropper, h\u00f8jelastisk mesh-stof p\u00e5 bagsiden og flere sp\u00e6nder giver dig mulighed for at justere din krop nemmere.<br>3. Udstyret med 4 str\u00f8mpeb\u00e5nd, h\u00f8jelastisk materiale og undert\u00f8j lavet af mesh for at g\u00f8re dig mere sexet.<\/p>\n\n\n\n<figure class=\"wp-block-table is-style-stripes\"><table><tbody><tr><td colspan=\"4\">Site Chart (CM)<\/td><\/tr><tr><td>St\u00f8rrelse<\/td><td>Under Bust<\/td><td>L\u00e6ngde<\/td><td>Talje<\/td><\/tr><tr><td>S<\/td><td>86<\/td><td>59<\/td><td>65<\/td><\/tr><tr><td>M<\/td><td>91<\/td><td>61<\/td><td>70<\/td><\/tr><tr><td>L<\/td><td>96<\/td><td>62<\/td><td>75<\/td><\/tr><tr><td colspan=\"4\">Sitediagram (INCH)<\/td><\/tr><tr><td>St\u00f8rrelse<\/td><td>Under Bust<\/td><td>Koph\u00f8jde<\/td><td>Talje<\/td><\/tr><tr><td>S<\/td><td>34.4<\/td><td>23.6<\/td><td>26<\/td><\/tr><tr><td>M<\/td><td>36.4<\/td><td>24.4<\/td><td>28<\/td><\/tr><tr><td>L<\/td><td>38.4<\/td><td>24.8<\/td><td>30<\/td><\/tr><tr><td colspan=\"4\">Bem\u00e6rk: 1.Der kan v\u00e6re 1-2 cm afvigelse i forskellige st\u00f8rrelser, placeringer og str\u00e6k af stoffer. St\u00f8rrelsestabellen er kun til reference, der kan v\u00e6re lidt forskel p\u00e5, hvad du f\u00e5r. 2.Der er 3 slags elasticitet: h\u00f8j elasticitet (tosidet strakt), medium elasticitet (ensidig strakt) og ikke-elastisk (kan ikke str\u00e6kkes). 3. Farven kan v\u00e6re lysere eller m\u00f8rkere p\u00e5 grund af den forskellige pc-sk\u00e6rm. 4. Vask den i h\u00e5nden i 30 graders vand, h\u00e6ng den til t\u00f8rre i skygge, forbyd blegning. 5.Der er m\u00e5ske lidt forskel p\u00e5 detaljer og m\u00f8nster.<\/td><\/tr><\/tbody><\/table><\/figure>\n\n\n\n<p><\/p>","protected":false},"excerpt":{"rendered":"<p>B\u00e6r det sexede str\u00f8mpeb\u00e5nds-blonde-matchende s\u00e6t, s\u00e5 enhver mand kan glemme dig ved at have udsk\u00e5rne blomster-blondekanter, der pryder forsiden af kroppen og taljen under selerne med matchende strammetrusser.<\/p><\/p>","protected":false},"featured_media":30546,"template":"","meta":[],"product_brand":[],"product_cat":[392,422,367],"product_tag":[448,516,451,446],"class_list":{"0":"post-30544","1":"product","2":"type-product","3":"status-publish","4":"has-post-thumbnail","6":"product_cat-wholesale-lace-chemise","7":"product_cat-sexy-chemise","8":"product_cat-sexy-lingerie","9":"product_tag-wholesale-elegant-sexy-lingerie","10":"product_tag-lace-lingerie","11":"product_tag-wholesale-revealing-lingerie","12":"product_tag-wholesale-sexy-see-through-lingerie","13":"pa_color-black","14":"pa_color-white","15":"pa_cup-full-cup","16":"pa_size-wholesale-large-size-women-sexy-lingerie","17":"pa_size-wholesale-medium-size-women-sexy-lingerie","18":"pa_size-wholesale-small-size-sexy-lingerie","20":"first","21":"instock","22":"taxable","23":"shipping-taxable","24":"purchasable","25":"product-type-variable"},"tiered_pricing_type":"fixed","tiered_pricing_fixed_rules":[],"tiered_pricing_product_settings":{"layout":"default","base_unit_name":{"singular":null,"plural":null},"default_variation":null},"tiered_pricing_minimum_quantity":null,"tiered_pricing_roles_data":{"default_wholesaler":{"product_id":30544,"role":"default_wholesaler","pricing_type":"flat","regular_price":null,"sale_price":null,"discount":null,"discount_type":"sale_price","tiered_pricing_type":"fixed","percentage_rules":[],"fixed_rules":{"2":"6.79","30":"5.89","500":"5.09"},"minimum":null},"dropshippinger":{"product_id":30544,"role":"dropshippinger","pricing_type":"flat","regular_price":null,"sale_price":null,"discount":null,"discount_type":"sale_price","tiered_pricing_type":"fixed","percentage_rules":[],"fixed_rules":{"1":"8.19","5":"6.79","30":"5.89"},"minimum":null}},"tiered_pricing_percentage_rules":[],"tiered_pricing_maximum_quantity":null,"tiered_pricing_quantity_step":null,"_links":{"self":[{"href":"https:\/\/gretasexylingerie.com\/da\/wp-json\/wp\/v2\/product\/30544","targetHints":{"allow":["GET"]}}],"collection":[{"href":"https:\/\/gretasexylingerie.com\/da\/wp-json\/wp\/v2\/product"}],"about":[{"href":"https:\/\/gretasexylingerie.com\/da\/wp-json\/wp\/v2\/types\/product"}],"wp:featuredmedia":[{"embeddable":true,"href":"https:\/\/gretasexylingerie.com\/da\/wp-json\/wp\/v2\/media\/30546"}],"wp:attachment":[{"href":"https:\/\/gretasexylingerie.com\/da\/wp-json\/wp\/v2\/media?parent=30544"}],"wp:term":[{"taxonomy":"product_brand","embeddable":true,"href":"https:\/\/gretasexylingerie.com\/da\/wp-json\/wp\/v2\/product_brand?post=30544"},{"taxonomy":"product_cat","embeddable":true,"href":"https:\/\/gretasexylingerie.com\/da\/wp-json\/wp\/v2\/product_cat?post=30544"},{"taxonomy":"product_tag","embeddable":true,"href":"https:\/\/gretasexylingerie.com\/da\/wp-json\/wp\/v2\/product_tag?post=30544"}],"curies":[{"name":"wp","href":"https:\/\/api.w.org\/{rel}","templated":true}]}}