{"id":30506,"date":"2023-01-24T18:31:41","date_gmt":"2023-01-24T10:31:41","guid":{"rendered":"https:\/\/gretasexylingerie.com\/?post_type=product&#038;p=30506"},"modified":"2023-09-05T20:50:11","modified_gmt":"2023-09-05T12:50:11","slug":"aben-ryg-justerbar-blonde-chemise","status":"publish","type":"product","link":"https:\/\/gretasexylingerie.com\/da\/products\/open-back-adjustable-lace-chemise\/","title":{"rendered":"\u00c5ben Ryg Justerbar Blonde Chemise"},"content":{"rendered":"<p>Funktioner:<\/p>\n\n\n\n<p>1. Hult blondestof g\u00f8r dig mere sexet og behagelig.<br>2, \u00e5ben rygdesign, \u00f8g din tiltr\u00e6kningskraft.<br>3. Med fire str\u00f8mpeb\u00e5nd kan du nemt b\u00e6re sexede str\u00f8mper.<\/p>\n\n\n\n<figure class=\"wp-block-table is-style-stripes\"><table><tbody><tr><td colspan=\"4\">Site Chart (CM)<\/td><\/tr><tr><td>St\u00f8rrelse<\/td><td>Under Bust<\/td><td>Talje<\/td><td>L\u00e6ngde<\/td><\/tr><tr><td>S<\/td><td>67<\/td><td>66<\/td><td>49<\/td><\/tr><tr><td>M<\/td><td>72<\/td><td>72<\/td><td>50<\/td><\/tr><tr><td>L<\/td><td>77<\/td><td>78<\/td><td>51<\/td><\/tr><tr><td>XL<\/td><td>82<\/td><td>84<\/td><td>52<\/td><\/tr><tr><td>XXL<\/td><td>87<\/td><td>90<\/td><td>53<\/td><\/tr><tr><td colspan=\"4\">Sitediagram (INCH)<\/td><\/tr><tr><td>St\u00f8rrelse<\/td><td>Under Bust<\/td><td>Talje<\/td><td>Talje<\/td><\/tr><tr><td>S<\/td><td>26.8<\/td><td>26.4<\/td><td>19.6<\/td><\/tr><tr><td>M<\/td><td>28.8<\/td><td>28.8<\/td><td>20<\/td><\/tr><tr><td>L<\/td><td>30.8<\/td><td>31.2<\/td><td>20.4<\/td><\/tr><tr><td>XL<\/td><td>32.8<\/td><td>33.6<\/td><td>20.8<\/td><\/tr><tr><td>XXL<\/td><td>34.8<\/td><td>36<\/td><td>21.2<\/td><\/tr><tr><td colspan=\"4\">Bem\u00e6rk: 1.Der kan v\u00e6re 1-2 cm afvigelse i forskellige st\u00f8rrelser, placeringer og str\u00e6k af stoffer. St\u00f8rrelsestabellen er kun til reference, der kan v\u00e6re lidt forskel p\u00e5, hvad du f\u00e5r. 2.Der er 3 slags elasticitet: h\u00f8j elasticitet (tosidet strakt), medium elasticitet (ensidig strakt) og ikke-elastisk (kan ikke str\u00e6kkes). 3. Farven kan v\u00e6re lysere eller m\u00f8rkere p\u00e5 grund af den forskellige pc-sk\u00e6rm. 4. Vask den i h\u00e5nden i 30 graders vand, h\u00e6ng den til t\u00f8rre i skygge, forbyd blegning. 5.Der er m\u00e5ske lidt forskel p\u00e5 detaljer og m\u00f8nster.<\/td><\/tr><\/tbody><\/table><\/figure>","protected":false},"excerpt":{"rendered":"<p>Nyd din s\u00f8de tid med denne sexede, justerbare blonde Babydoll Chemise med \u00e5ben ryg.<br \/>\nMed et \u00e5bent rygdesign best\u00e5r ryggen af tynde v\u00e6vede stropper med sm\u00e5 kroge, og stoffet er lavet af h\u00f8jkvalitets \u00e5bne blonder, med fire str\u00f8mpeb\u00e5nd og justerbare tynde skulderstropper.<\/p>","protected":false},"featured_media":30507,"template":"","meta":[],"product_brand":[],"product_cat":[392,422,367],"product_tag":[448,516,451,446],"class_list":{"0":"post-30506","1":"product","2":"type-product","3":"status-publish","4":"has-post-thumbnail","6":"product_cat-wholesale-lace-chemise","7":"product_cat-sexy-chemise","8":"product_cat-sexy-lingerie","9":"product_tag-wholesale-elegant-sexy-lingerie","10":"product_tag-lace-lingerie","11":"product_tag-wholesale-revealing-lingerie","12":"product_tag-wholesale-sexy-see-through-lingerie","13":"pa_color-black","14":"pa_color-purple-women-sexy-lingerie","15":"pa_color-red-women-sexy-lingerie","16":"pa_color-slate-blue-women-sexy-lingerie","17":"pa_color-white","18":"pa_cup-full-cup","19":"pa_size-wholesale-large-size-women-sexy-lingerie","20":"pa_size-wholesale-medium-size-women-sexy-lingerie","21":"pa_size-wholesale-small-size-sexy-lingerie","22":"pa_size-wholesale-extra-large-sexy-lingerie","23":"pa_size-extra-extra-large-sexy-lingerie","25":"first","26":"instock","27":"taxable","28":"shipping-taxable","29":"purchasable","30":"product-type-variable"},"tiered_pricing_type":"fixed","tiered_pricing_fixed_rules":[],"tiered_pricing_product_settings":{"layout":"default","base_unit_name":{"singular":null,"plural":null},"default_variation":null},"tiered_pricing_minimum_quantity":null,"tiered_pricing_roles_data":{"default_wholesaler":{"product_id":30506,"role":"default_wholesaler","pricing_type":"flat","regular_price":null,"sale_price":null,"discount":null,"discount_type":"sale_price","tiered_pricing_type":"fixed","percentage_rules":[],"fixed_rules":{"2":"7.09","30":"6.09","500":"5.29"},"minimum":null},"dropshippinger":{"product_id":30506,"role":"dropshippinger","pricing_type":"flat","regular_price":null,"sale_price":null,"discount":null,"discount_type":"sale_price","tiered_pricing_type":"fixed","percentage_rules":[],"fixed_rules":{"1":"8.49","5":"7.09","30":"6.09"},"minimum":null}},"tiered_pricing_percentage_rules":[],"tiered_pricing_maximum_quantity":null,"tiered_pricing_quantity_step":null,"_links":{"self":[{"href":"https:\/\/gretasexylingerie.com\/da\/wp-json\/wp\/v2\/product\/30506","targetHints":{"allow":["GET"]}}],"collection":[{"href":"https:\/\/gretasexylingerie.com\/da\/wp-json\/wp\/v2\/product"}],"about":[{"href":"https:\/\/gretasexylingerie.com\/da\/wp-json\/wp\/v2\/types\/product"}],"wp:featuredmedia":[{"embeddable":true,"href":"https:\/\/gretasexylingerie.com\/da\/wp-json\/wp\/v2\/media\/30507"}],"wp:attachment":[{"href":"https:\/\/gretasexylingerie.com\/da\/wp-json\/wp\/v2\/media?parent=30506"}],"wp:term":[{"taxonomy":"product_brand","embeddable":true,"href":"https:\/\/gretasexylingerie.com\/da\/wp-json\/wp\/v2\/product_brand?post=30506"},{"taxonomy":"product_cat","embeddable":true,"href":"https:\/\/gretasexylingerie.com\/da\/wp-json\/wp\/v2\/product_cat?post=30506"},{"taxonomy":"product_tag","embeddable":true,"href":"https:\/\/gretasexylingerie.com\/da\/wp-json\/wp\/v2\/product_tag?post=30506"}],"curies":[{"name":"wp","href":"https:\/\/api.w.org\/{rel}","templated":true}]}}