{"id":30468,"date":"2023-01-24T18:10:20","date_gmt":"2023-01-24T10:10:20","guid":{"rendered":"https:\/\/gretasexylingerie.com\/?post_type=product&#038;p=30468"},"modified":"2023-10-22T23:01:26","modified_gmt":"2023-10-22T15:01:26","slug":"sexet-blonde-chemise-natkjole-med-stor-slojfe","status":"publish","type":"product","link":"https:\/\/gretasexylingerie.com\/da\/products\/sexy-lace-chemise-nightgown-with-big-bow\/","title":{"rendered":"Sexet Lace Chemise Natkjole med stor sl\u00f8jfe"},"content":{"rendered":"<p>Funktioner:<\/p>\n\n\n\n<p>1. Brug af gennemsigtigt mesh-stof og hule blomsterblonde.<br>2. Kisten er designet med en stor sl\u00f8jfe som dekoration.<br>3. Justerbare spaghettistropper og matchende rem.<\/p>\n\n\n\n<figure class=\"wp-block-table is-style-stripes\"><table><tbody><tr><td colspan=\"4\">Site Chart (CM)<\/td><\/tr><tr><td>St\u00f8rrelse<\/td><td>Under Bust<\/td><td>Talje<\/td><td>L\u00e6ngde<\/td><\/tr><tr><td>S<\/td><td>66-92<\/td><td>67-94<\/td><td>49<\/td><\/tr><tr><td>M<\/td><td>70-96<\/td><td>71-98<\/td><td>50<\/td><\/tr><tr><td>L<\/td><td>74-100<\/td><td>75-102<\/td><td>51<\/td><\/tr><tr><td>XL<\/td><td>78-104<\/td><td>79-106<\/td><td>52<\/td><\/tr><tr><td>XXL<\/td><td>80-108<\/td><td>83-110<\/td><td>53<\/td><\/tr><tr><td colspan=\"4\">Sitediagram (INCH)<\/td><\/tr><tr><td>St\u00f8rrelse<\/td><td>Under Bust<\/td><td>Talje<\/td><td>Talje<\/td><\/tr><tr><td>S<\/td><td>26.4-36.8<\/td><td>26.8-37.6<\/td><td>19.6<\/td><\/tr><tr><td>M<\/td><td>28-38.4<\/td><td>28.4-39.2<\/td><td>20<\/td><\/tr><tr><td>L<\/td><td>29.6-40<\/td><td>30-40.8<\/td><td>20.4<\/td><\/tr><tr><td>XL<\/td><td>31.2-41.6<\/td><td>31.6-42.4<\/td><td>20.8<\/td><\/tr><tr><td>XXL<\/td><td>32-43.2<\/td><td>33.2-44<\/td><td>21.2<\/td><\/tr><tr><td colspan=\"4\">Bem\u00e6rk: 1.Der kan v\u00e6re 1-2 cm afvigelse i forskellige st\u00f8rrelser, placeringer og str\u00e6k af stoffer. St\u00f8rrelsestabellen er kun til reference, der kan v\u00e6re lidt forskel p\u00e5, hvad du f\u00e5r. 2.Der er 3 slags elasticitet: h\u00f8j elasticitet (tosidet strakt), medium elasticitet (ensidig strakt) og ikke-elastisk (kan ikke str\u00e6kkes). 3. Farven kan v\u00e6re lysere eller m\u00f8rkere p\u00e5 grund af den forskellige pc-sk\u00e6rm. 4. Vask den i h\u00e5nden i 30 graders vand, h\u00e6ng den til t\u00f8rre i skygge, forbyd blegning. 5.Der er m\u00e5ske lidt forskel p\u00e5 detaljer og m\u00f8nster.<\/td><\/tr><\/tbody><\/table><\/figure>","protected":false},"excerpt":{"rendered":"<p>B\u00e6r den sexede blonde Chemise-natkjole med stor sl\u00f8jfe, og f\u00e5 ham til at hige efter dig. Med et bl\u00f8dt gennemsigtigt sl\u00f8r, udsk\u00e5rne blomsterblonde, \u00e5ben buste, justerbare spaghettistropper, parret med strammetrusser.<\/p>\n<p>https:\/\/youtu.be\/89ecYh4b9HI<\/p>","protected":false},"featured_media":30470,"template":"","meta":[],"product_brand":[],"product_cat":[383,385,382,367],"product_tag":[512,516,518,451,446,504],"class_list":{"0":"post-30468","1":"product","2":"type-product","3":"status-publish","4":"has-post-thumbnail","6":"product_cat-wholesale-flyaway-babydoll","7":"product_cat-wholesale-mesh-babydoll","8":"product_cat-sexy-babydoll","9":"product_cat-sexy-lingerie","10":"product_tag-bow-lingerie","11":"product_tag-lace-lingerie","12":"product_tag-mesh-lingerie","13":"product_tag-wholesale-revealing-lingerie","14":"product_tag-wholesale-sexy-see-through-lingerie","15":"product_tag-ultra-sexy","16":"pa_color-black","17":"pa_color-fire-brick-women-sexy-lingerie","18":"pa_color-green","19":"pa_color-pink-women-sexy-lingerie","20":"pa_color-red-women-sexy-lingerie","21":"pa_cup-wholesale-half-cup-women-sexy-lingerie","22":"pa_size-wholesale-large-size-women-sexy-lingerie","23":"pa_size-wholesale-medium-size-women-sexy-lingerie","24":"pa_size-wholesale-small-size-sexy-lingerie","25":"pa_size-wholesale-extra-large-sexy-lingerie","26":"pa_size-extra-extra-large-sexy-lingerie","28":"first","29":"instock","30":"taxable","31":"shipping-taxable","32":"purchasable","33":"product-type-variable"},"tiered_pricing_type":"fixed","tiered_pricing_fixed_rules":[],"tiered_pricing_product_settings":{"layout":"default","base_unit_name":{"singular":null,"plural":null},"default_variation":{}},"tiered_pricing_minimum_quantity":null,"tiered_pricing_roles_data":{"default_wholesaler":{"product_id":30468,"role":"default_wholesaler","pricing_type":"flat","regular_price":null,"sale_price":null,"discount":null,"discount_type":"sale_price","tiered_pricing_type":"fixed","percentage_rules":[],"fixed_rules":{"2":"7.09","30":"6.09","500":"5.29"},"minimum":null},"dropshippinger":{"product_id":30468,"role":"dropshippinger","pricing_type":"flat","regular_price":null,"sale_price":null,"discount":null,"discount_type":"sale_price","tiered_pricing_type":"fixed","percentage_rules":[],"fixed_rules":{"1":"8.49","5":"7.09","30":"6.09"},"minimum":null}},"tiered_pricing_percentage_rules":[],"tiered_pricing_maximum_quantity":null,"tiered_pricing_quantity_step":null,"_links":{"self":[{"href":"https:\/\/gretasexylingerie.com\/da\/wp-json\/wp\/v2\/product\/30468","targetHints":{"allow":["GET"]}}],"collection":[{"href":"https:\/\/gretasexylingerie.com\/da\/wp-json\/wp\/v2\/product"}],"about":[{"href":"https:\/\/gretasexylingerie.com\/da\/wp-json\/wp\/v2\/types\/product"}],"wp:featuredmedia":[{"embeddable":true,"href":"https:\/\/gretasexylingerie.com\/da\/wp-json\/wp\/v2\/media\/30470"}],"wp:attachment":[{"href":"https:\/\/gretasexylingerie.com\/da\/wp-json\/wp\/v2\/media?parent=30468"}],"wp:term":[{"taxonomy":"product_brand","embeddable":true,"href":"https:\/\/gretasexylingerie.com\/da\/wp-json\/wp\/v2\/product_brand?post=30468"},{"taxonomy":"product_cat","embeddable":true,"href":"https:\/\/gretasexylingerie.com\/da\/wp-json\/wp\/v2\/product_cat?post=30468"},{"taxonomy":"product_tag","embeddable":true,"href":"https:\/\/gretasexylingerie.com\/da\/wp-json\/wp\/v2\/product_tag?post=30468"}],"curies":[{"name":"wp","href":"https:\/\/api.w.org\/{rel}","templated":true}]}}