{"id":30261,"date":"2023-01-23T20:35:21","date_gmt":"2023-01-23T12:35:21","guid":{"rendered":"https:\/\/gretasexylingerie.com\/?post_type=product&#038;p=30261"},"modified":"2023-12-09T21:28:04","modified_gmt":"2023-12-09T13:28:04","slug":"ryglos-split-mesh-flyaway-babydoll","status":"publish","type":"product","link":"https:\/\/gretasexylingerie.com\/da\/products\/backless-split-mesh-flyaway-babydoll\/","title":{"rendered":"Engros Rygl\u00f8s Split Mesh Flyaway Babydoll"},"content":{"rendered":"<p>Funktioner:<\/p>\n\n\n\n<p>1. Brug blomsterblonde af h\u00f8j kvalitet til at dekorere dine fyldige bryster. Udsk\u00e6ringsdesign, omhyggeligt designede blomster, g\u00f8r dine vigtige dele mere sexede.<br>2. Det gennemsigtige og fine net bruges som et gruppependul for at \u00f8ge mysteriet om din krop. Det \u00e5bne design giver dig mulighed for frit at frigive dig selv.<br>3. Enkelt Thong-design, der bruger det samme mesh-stof.<\/p>","protected":false},"excerpt":{"rendered":"<p>Den ultra-sexede Rygl\u00f8se Split Mesh Flyaway Babydoll vil holde dig underholdt hver aften. Blomsterblonde med udsk\u00e6ring af h\u00f8j kvalitet trimmer din fulde barm, gennemsigtig, solid finmasket kant, \u00e5bent design, justerbare spaghettistropper, matchende trusser.<\/p>","protected":false},"featured_media":30263,"template":"","meta":[],"product_brand":[],"product_cat":[385,382,367],"product_tag":[448,518,973,451,446,504],"class_list":{"0":"post-30261","1":"product","2":"type-product","3":"status-publish","4":"has-post-thumbnail","6":"product_cat-wholesale-mesh-babydoll","7":"product_cat-sexy-babydoll","8":"product_cat-sexy-lingerie","9":"product_tag-wholesale-elegant-sexy-lingerie","10":"product_tag-mesh-lingerie","11":"product_tag-oem","12":"product_tag-wholesale-revealing-lingerie","13":"product_tag-wholesale-sexy-see-through-lingerie","14":"product_tag-ultra-sexy","15":"pa_color-black","16":"pa_color-red-women-sexy-lingerie","17":"pa_color-white","18":"pa_cup-wholesale-half-cup-women-sexy-lingerie","19":"pa_size-wholesale-large-size-women-sexy-lingerie","20":"pa_size-wholesale-medium-size-women-sexy-lingerie","21":"pa_size-wholesale-small-size-sexy-lingerie","23":"first","24":"outofstock","25":"taxable","26":"shipping-taxable","27":"purchasable","28":"product-type-variable"},"tiered_pricing_type":"fixed","tiered_pricing_fixed_rules":[],"tiered_pricing_product_settings":{"layout":"default","base_unit_name":{"singular":null,"plural":null},"default_variation":null},"tiered_pricing_minimum_quantity":null,"tiered_pricing_roles_data":{"default_wholesaler":{"product_id":30261,"role":"default_wholesaler","pricing_type":"flat","regular_price":null,"sale_price":null,"discount":null,"discount_type":"sale_price","tiered_pricing_type":"fixed","percentage_rules":[],"fixed_rules":{"2":"5.49","30":"4.69","500":"4.09"},"minimum":null},"dropshippinger":{"product_id":30261,"role":"dropshippinger","pricing_type":"flat","regular_price":null,"sale_price":null,"discount":null,"discount_type":"sale_price","tiered_pricing_type":"fixed","percentage_rules":[],"fixed_rules":{"1":"6.59","5":"5.49","30":"4.69"},"minimum":null}},"tiered_pricing_percentage_rules":[],"tiered_pricing_maximum_quantity":null,"tiered_pricing_quantity_step":null,"_links":{"self":[{"href":"https:\/\/gretasexylingerie.com\/da\/wp-json\/wp\/v2\/product\/30261","targetHints":{"allow":["GET"]}}],"collection":[{"href":"https:\/\/gretasexylingerie.com\/da\/wp-json\/wp\/v2\/product"}],"about":[{"href":"https:\/\/gretasexylingerie.com\/da\/wp-json\/wp\/v2\/types\/product"}],"wp:featuredmedia":[{"embeddable":true,"href":"https:\/\/gretasexylingerie.com\/da\/wp-json\/wp\/v2\/media\/30263"}],"wp:attachment":[{"href":"https:\/\/gretasexylingerie.com\/da\/wp-json\/wp\/v2\/media?parent=30261"}],"wp:term":[{"taxonomy":"product_brand","embeddable":true,"href":"https:\/\/gretasexylingerie.com\/da\/wp-json\/wp\/v2\/product_brand?post=30261"},{"taxonomy":"product_cat","embeddable":true,"href":"https:\/\/gretasexylingerie.com\/da\/wp-json\/wp\/v2\/product_cat?post=30261"},{"taxonomy":"product_tag","embeddable":true,"href":"https:\/\/gretasexylingerie.com\/da\/wp-json\/wp\/v2\/product_tag?post=30261"}],"curies":[{"name":"wp","href":"https:\/\/api.w.org\/{rel}","templated":true}]}}