{"id":30182,"date":"2023-01-22T11:23:11","date_gmt":"2023-01-22T03:23:11","guid":{"rendered":"https:\/\/gretasexylingerie.com\/?post_type=product&#038;p=30182"},"modified":"2023-12-09T21:25:36","modified_gmt":"2023-12-09T13:25:36","slug":"sort-blonde-sexet-babydoll","status":"publish","type":"product","link":"https:\/\/gretasexylingerie.com\/da\/products\/black-lace-sexy-babydoll\/","title":{"rendered":"Engros Sort blonder Sexet Babydoll"},"content":{"rendered":"<p>Frygter:<\/p>\n\n\n\n<p>1. Hule sorte silkeblondestoffer af h\u00f8j kvalitet dekorerer de vigtigste steder.<br>2. Bl\u00f8dt sort satinstof for ekstra komfort.<br>3. Design i \u00e9t stykke, mere praktisk at tage p\u00e5 og af.<\/p>\n\n\n\n<figure class=\"wp-block-table is-style-stripes\"><table><tbody><tr><td colspan=\"4\">Site Chart (CM)<\/td><\/tr><tr><td>St\u00f8rrelse<\/td><td>Under Bust<\/td><td>L\u00e6ngde<\/td><td>Talje<\/td><\/tr><tr><td>S<\/td><td>74-96<\/td><td>59<\/td><td>64-96<\/td><\/tr><tr><td>M<\/td><td>78-100<\/td><td>61<\/td><td>68-100<\/td><\/tr><tr><td>L<\/td><td>82-104<\/td><td>62<\/td><td>72-104<\/td><\/tr><tr><td colspan=\"4\">Sitediagram (INCH)<\/td><\/tr><tr><td>St\u00f8rrelse<\/td><td>Under Bust<\/td><td>Koph\u00f8jde<\/td><td>Talje<\/td><\/tr><tr><td>S<\/td><td>29.6-38.4<\/td><td>23.6<\/td><td>25.6-38.4<\/td><\/tr><tr><td>M<\/td><td>31.2-40<\/td><td>24.4<\/td><td>27.2-40<\/td><\/tr><tr><td>L<\/td><td>32.8-41.6<\/td><td>24.8<\/td><td>28.8-441.6<\/td><\/tr><tr><td colspan=\"4\">Bem\u00e6rk: 1.Der kan v\u00e6re 1-2 cm afvigelse i forskellige st\u00f8rrelser, placeringer og str\u00e6k af stoffer. St\u00f8rrelsestabellen er kun til reference, der kan v\u00e6re lidt forskel p\u00e5, hvad du f\u00e5r. 2.Der er 3 slags elasticitet: h\u00f8j elasticitet (tosidet strakt), medium elasticitet (ensidig strakt) og ikke-elastisk (kan ikke str\u00e6kkes). 3. Farven kan v\u00e6re lysere eller m\u00f8rkere p\u00e5 grund af den forskellige pc-sk\u00e6rm. 4. Vask den i h\u00e5nden i 30 graders vand, h\u00e6ng den til t\u00f8rre i skygge, forbyd blegning. 5.Der er m\u00e5ske lidt forskel p\u00e5 detaljer og m\u00f8nster.<\/td><\/tr><\/tbody><\/table><\/figure>","protected":false},"excerpt":{"rendered":"<p>G\u00f8r dit natteliv endnu mere sp\u00e6ndende med Black Lace Sexy Babydoll. Brug af gennemsigtige blonder, bl\u00f8dt sort stof, justerbare spaghettistropper, elastisk linning.<\/p>","protected":false},"featured_media":30186,"template":"","meta":[],"product_brand":[],"product_cat":[384,382,367],"product_tag":[448,518,973,451],"class_list":{"0":"post-30182","1":"product","2":"type-product","3":"status-publish","4":"has-post-thumbnail","6":"product_cat-wholesale-lace-babydoll","7":"product_cat-sexy-babydoll","8":"product_cat-sexy-lingerie","9":"product_tag-wholesale-elegant-sexy-lingerie","10":"product_tag-mesh-lingerie","11":"product_tag-oem","12":"product_tag-wholesale-revealing-lingerie","13":"pa_color-black","14":"pa_cup-full-cup","15":"pa_size-wholesale-large-size-women-sexy-lingerie","16":"pa_size-wholesale-medium-size-women-sexy-lingerie","17":"pa_size-wholesale-small-size-sexy-lingerie","19":"first","20":"outofstock","21":"taxable","22":"shipping-taxable","23":"purchasable","24":"product-type-variable"},"tiered_pricing_type":"fixed","tiered_pricing_fixed_rules":[],"tiered_pricing_product_settings":{"layout":"default","base_unit_name":{"singular":null,"plural":null},"default_variation":{}},"tiered_pricing_minimum_quantity":null,"tiered_pricing_roles_data":{"default_wholesaler":{"product_id":30182,"role":"default_wholesaler","pricing_type":"flat","regular_price":null,"sale_price":null,"discount":null,"discount_type":"sale_price","tiered_pricing_type":"fixed","percentage_rules":[],"fixed_rules":{"2":"5.29","30":"4.49","500":"3.99"},"minimum":null},"dropshippinger":{"product_id":30182,"role":"dropshippinger","pricing_type":"flat","regular_price":null,"sale_price":null,"discount":null,"discount_type":"sale_price","tiered_pricing_type":"fixed","percentage_rules":[],"fixed_rules":{"1":"6.29","5":"5.29","20":"4.49"},"minimum":null}},"tiered_pricing_percentage_rules":[],"tiered_pricing_maximum_quantity":null,"tiered_pricing_quantity_step":null,"_links":{"self":[{"href":"https:\/\/gretasexylingerie.com\/da\/wp-json\/wp\/v2\/product\/30182","targetHints":{"allow":["GET"]}}],"collection":[{"href":"https:\/\/gretasexylingerie.com\/da\/wp-json\/wp\/v2\/product"}],"about":[{"href":"https:\/\/gretasexylingerie.com\/da\/wp-json\/wp\/v2\/types\/product"}],"wp:featuredmedia":[{"embeddable":true,"href":"https:\/\/gretasexylingerie.com\/da\/wp-json\/wp\/v2\/media\/30186"}],"wp:attachment":[{"href":"https:\/\/gretasexylingerie.com\/da\/wp-json\/wp\/v2\/media?parent=30182"}],"wp:term":[{"taxonomy":"product_brand","embeddable":true,"href":"https:\/\/gretasexylingerie.com\/da\/wp-json\/wp\/v2\/product_brand?post=30182"},{"taxonomy":"product_cat","embeddable":true,"href":"https:\/\/gretasexylingerie.com\/da\/wp-json\/wp\/v2\/product_cat?post=30182"},{"taxonomy":"product_tag","embeddable":true,"href":"https:\/\/gretasexylingerie.com\/da\/wp-json\/wp\/v2\/product_tag?post=30182"}],"curies":[{"name":"wp","href":"https:\/\/api.w.org\/{rel}","templated":true}]}}