{"id":29990,"date":"2023-01-20T20:56:35","date_gmt":"2023-01-20T12:56:35","guid":{"rendered":"https:\/\/gretasexylingerie.com\/?post_type=product&#038;p=29990"},"modified":"2023-12-09T21:23:38","modified_gmt":"2023-12-09T13:23:38","slug":"slange-dyb-v-aben-kop-bamsedragt","status":"publish","type":"product","link":"https:\/\/gretasexylingerie.com\/da\/products\/snake-deep-v-open-cup-teddy-suit\/","title":{"rendered":"Engros Snake Deep-v Open Cup Bamsedragt"},"content":{"rendered":"<p>Funktioner:<\/p>\n\n\n\n<p>1. H\u00f8jkvalitets slangem\u00f8nsterstof, ikke kun sexet, men ogs\u00e5 behageligt.<br>2. Sort blonde \u00f8jenvipper dekoration, \u00f8ge din charme.<br>3. \u00c5bent brystdesign med krydsremme p\u00e5 maven for at forhindre eksponering.<\/p>\n\n\n\n<figure class=\"wp-block-table\"><table><tbody><tr><td colspan=\"4\">Site Chart (CM)<\/td><\/tr><tr><td>St\u00f8rrelse<\/td><td>Under Bust<\/td><td>Talje<\/td><td>L\u00e6ngde<\/td><\/tr><tr><td>S<\/td><td>88<\/td><td>64-94<\/td><td>61<\/td><\/tr><tr><td>M<\/td><td>92<\/td><td>68-98<\/td><td>62<\/td><\/tr><tr><td>L<\/td><td>96<\/td><td>72-102<\/td><td>63<\/td><\/tr><tr><td colspan=\"4\">Sitediagram (INCH)<\/td><\/tr><tr><td>St\u00f8rrelse<\/td><td>Under Bust<\/td><td>Talje<\/td><td>Talje<\/td><\/tr><tr><td>S<\/td><td>35.2<\/td><td>25.6-37.6<\/td><td>24.4<\/td><\/tr><tr><td>M<\/td><td>36.8<\/td><td>27.2-39.2<\/td><td>24.8<\/td><\/tr><tr><td>L<\/td><td>38.4<\/td><td>28.8-40.8<\/td><td>25.2<\/td><\/tr><tr><td colspan=\"4\">Bem\u00e6rk: 1.Der kan v\u00e6re 1-2 cm afvigelse i forskellige st\u00f8rrelser, placeringer og str\u00e6k af stoffer. St\u00f8rrelsestabellen er kun til reference, der kan v\u00e6re lidt forskel p\u00e5, hvad du f\u00e5r. 2.Der er 3 slags elasticitet: h\u00f8j elasticitet (tosidet strakt), medium elasticitet (ensidig strakt) og ikke-elastisk (kan ikke str\u00e6kkes). 3. Farven kan v\u00e6re lysere eller m\u00f8rkere p\u00e5 grund af den forskellige pc-sk\u00e6rm. 4. Vask den i h\u00e5nden i 30 graders vand, h\u00e6ng den til t\u00f8rre i skygge, forbyd blegning. 5.Der er m\u00e5ske lidt forskel p\u00e5 detaljer og m\u00f8nster.<\/td><\/tr><\/tbody><\/table><\/figure>","protected":false},"excerpt":{"rendered":"<p>Tag The Snake Deep-v Open Cup Bamsedragt p\u00e5 og bliv &quot;femme Fatales&quot;. Slangem\u00f8nster, \u00e5ndbart stof af h\u00f8j kvalitet, sort blonde \u00f8jenvippedekoration, \u00e5bent brystdesign.<\/p>","protected":false},"featured_media":29996,"template":"","meta":[],"product_brand":[],"product_cat":[396,367,395],"product_tag":[521,448,516,973,451],"class_list":{"0":"post-29990","1":"product","2":"type-product","3":"status-publish","4":"has-post-thumbnail","6":"product_cat-wholesale-see-through-teddy","7":"product_cat-sexy-lingerie","8":"product_cat-sexy-teddy-suit","9":"product_tag-deep-v-lingerie","10":"product_tag-wholesale-elegant-sexy-lingerie","11":"product_tag-lace-lingerie","12":"product_tag-oem","13":"product_tag-wholesale-revealing-lingerie","14":"pa_color-snake","15":"pa_cup-full-cup","16":"pa_size-wholesale-large-size-women-sexy-lingerie","17":"pa_size-wholesale-medium-size-women-sexy-lingerie","18":"pa_size-wholesale-small-size-sexy-lingerie","20":"first","21":"outofstock","22":"taxable","23":"shipping-taxable","24":"purchasable","25":"product-type-variable"},"tiered_pricing_type":"fixed","tiered_pricing_fixed_rules":[],"tiered_pricing_product_settings":{"layout":"default","base_unit_name":{"singular":null,"plural":null},"default_variation":{}},"tiered_pricing_minimum_quantity":null,"tiered_pricing_roles_data":{"default_wholesaler":{"product_id":29990,"role":"default_wholesaler","pricing_type":"flat","regular_price":null,"sale_price":null,"discount":null,"discount_type":"sale_price","tiered_pricing_type":"fixed","percentage_rules":[],"fixed_rules":{"2":"5.99","30":"5.19","500":"4.49"},"minimum":null},"dropshippinger":{"product_id":29990,"role":"dropshippinger","pricing_type":"flat","regular_price":null,"sale_price":null,"discount":null,"discount_type":"sale_price","tiered_pricing_type":"fixed","percentage_rules":[],"fixed_rules":{"1":"7.19","5":"5.99","20":"5.19"},"minimum":null}},"tiered_pricing_percentage_rules":[],"tiered_pricing_maximum_quantity":null,"tiered_pricing_quantity_step":null,"_links":{"self":[{"href":"https:\/\/gretasexylingerie.com\/da\/wp-json\/wp\/v2\/product\/29990","targetHints":{"allow":["GET"]}}],"collection":[{"href":"https:\/\/gretasexylingerie.com\/da\/wp-json\/wp\/v2\/product"}],"about":[{"href":"https:\/\/gretasexylingerie.com\/da\/wp-json\/wp\/v2\/types\/product"}],"wp:featuredmedia":[{"embeddable":true,"href":"https:\/\/gretasexylingerie.com\/da\/wp-json\/wp\/v2\/media\/29996"}],"wp:attachment":[{"href":"https:\/\/gretasexylingerie.com\/da\/wp-json\/wp\/v2\/media?parent=29990"}],"wp:term":[{"taxonomy":"product_brand","embeddable":true,"href":"https:\/\/gretasexylingerie.com\/da\/wp-json\/wp\/v2\/product_brand?post=29990"},{"taxonomy":"product_cat","embeddable":true,"href":"https:\/\/gretasexylingerie.com\/da\/wp-json\/wp\/v2\/product_cat?post=29990"},{"taxonomy":"product_tag","embeddable":true,"href":"https:\/\/gretasexylingerie.com\/da\/wp-json\/wp\/v2\/product_tag?post=29990"}],"curies":[{"name":"wp","href":"https:\/\/api.w.org\/{rel}","templated":true}]}}