{"id":29934,"date":"2023-01-20T18:38:20","date_gmt":"2023-01-20T10:38:20","guid":{"rendered":"https:\/\/gretasexylingerie.com\/?post_type=product&#038;p=29934"},"modified":"2023-09-05T20:49:51","modified_gmt":"2023-09-05T12:49:51","slug":"blonde-strompebandsbaelte-mesh-bustier-bh-saet","status":"publish","type":"product","link":"https:\/\/gretasexylingerie.com\/da\/products\/lace-garter-belt-mesh-bustier-bra-set\/","title":{"rendered":"Blonde str\u00f8mpeb\u00e5nd B\u00e6lte Mesh Bustier BH s\u00e6t"},"content":{"rendered":"<p>Funktioner:<\/p>\n\n\n\n<p>1. Brug finmasket stof, og v\u00e6v smukke m\u00f8nstre p\u00e5 det. Justerbare stropper p\u00e5 brystet g\u00f8r det muligt at passe mere af kroppen.<br>2. Der er fl\u00e6ser omkring bh&#039;en, bh-design i \u00e9t stykke, justerbare tynde skulderstropper, med 4 str\u00f8mpeb\u00e5nd.<br>3. Underbukser lavet af samme stof, dobbeltlags brede v\u00e6vede b\u00e6lter danner et b\u00e6lte.<\/p>\n\n\n\n<p><\/p>\n\n\n\n<figure class=\"wp-block-table is-style-stripes\"><table><tbody><tr><td colspan=\"4\">Site Chart (CM)<\/td><\/tr><tr><td>St\u00f8rrelse<\/td><td>Under Bust<\/td><td>Talje<\/td><td>Hofte<\/td><\/tr><tr><td>S<\/td><td>86<\/td><td>65<\/td><td>90<\/td><\/tr><tr><td>M<\/td><td>91<\/td><td>70<\/td><td>95<\/td><\/tr><tr><td>L<\/td><td>96<\/td><td>75<\/td><td>100<\/td><\/tr><tr><td>Xl<\/td><td>101<\/td><td>80<\/td><td>105<\/td><\/tr><tr><td colspan=\"4\">Sitediagram (INCH)<\/td><\/tr><tr><td>St\u00f8rrelse<\/td><td>Under Bust<\/td><td>Koph\u00f8jde<\/td><td>Talje<\/td><\/tr><tr><td>S<\/td><td>34.4<\/td><td>26<\/td><td>36<\/td><\/tr><tr><td>M<\/td><td>36.4<\/td><td>28<\/td><td>38<\/td><\/tr><tr><td>L<\/td><td>38.4<\/td><td><\/td><td><\/td><\/tr><tr><td>XL<\/td><td>40.4<\/td><td>32<\/td><td>42<\/td><\/tr><tr><td colspan=\"4\">Bem\u00e6rk: 1.Der kan v\u00e6re 1-2 cm afvigelse i forskellige st\u00f8rrelser, placeringer og str\u00e6k af stoffer. St\u00f8rrelsestabellen er kun til reference, der kan v\u00e6re lidt forskel p\u00e5, hvad du f\u00e5r. 2.Der er 3 slags elasticitet: h\u00f8j elasticitet (tosidet strakt), medium elasticitet (ensidig strakt) og ikke-elastisk (kan ikke str\u00e6kkes). 3. Farven kan v\u00e6re lysere eller m\u00f8rkere p\u00e5 grund af den forskellige pc-sk\u00e6rm. 4. Vask den i h\u00e5nden i 30 graders vand, h\u00e6ng den til t\u00f8rre i skygge, forbyd blegning. 5.Der er m\u00e5ske lidt forskel p\u00e5 detaljer og m\u00f8nster.<\/td><\/tr><\/tbody><\/table><\/figure>","protected":false},"excerpt":{"rendered":"<p>Lad det blonde str\u00f8mpeb\u00e5nd B\u00e6lte Mesh Bustier BH-s\u00e6t pynte din smukke krop og fange din elskers blik. Lavet af fint mesh stof og broderet p\u00e5 det med uds\u00f8gte m\u00f8nstre, der er krydsremme p\u00e5 maven, der kan justeres frit, justerbare tynde skulderstropper, 4 str\u00f8mpeb\u00e5nd og dobbelt tynd linning undert\u00f8j.<\/p>","protected":false},"featured_media":29936,"template":"","meta":[],"product_brand":[],"product_cat":[390,388,389,386,367],"product_tag":[448,454,516,518,451,509],"class_list":{"0":"post-29934","1":"product","2":"type-product","3":"status-publish","4":"has-post-thumbnail","6":"product_cat-wholesale-mesh-bustier","7":"product_cat-wholesale-gartered-corset","8":"product_cat-wholesale-lace-bustier","9":"product_cat-sexy-bustiers","10":"product_cat-sexy-lingerie","11":"product_tag-wholesale-elegant-sexy-lingerie","12":"product_tag-wholesale-sexy-embroidered-lingerie","13":"product_tag-lace-lingerie","14":"product_tag-mesh-lingerie","15":"product_tag-wholesale-revealing-lingerie","16":"product_tag-two-pcs-set","17":"pa_color-blue-women-sexy-lingerie","18":"pa_cup-wholesale-half-cup-women-sexy-lingerie","19":"pa_size-wholesale-large-size-women-sexy-lingerie","20":"pa_size-wholesale-medium-size-women-sexy-lingerie","21":"pa_size-wholesale-small-size-sexy-lingerie","22":"pa_size-wholesale-extra-large-sexy-lingerie","24":"first","25":"instock","26":"taxable","27":"shipping-taxable","28":"purchasable","29":"product-type-variable"},"tiered_pricing_type":"fixed","tiered_pricing_fixed_rules":[],"tiered_pricing_product_settings":{"layout":"default","base_unit_name":{"singular":null,"plural":null},"default_variation":null},"tiered_pricing_minimum_quantity":null,"tiered_pricing_roles_data":{"default_wholesaler":{"product_id":29934,"role":"default_wholesaler","pricing_type":"flat","regular_price":null,"sale_price":null,"discount":null,"discount_type":"sale_price","tiered_pricing_type":"fixed","percentage_rules":[],"fixed_rules":{"2":"8.39","30":"7.19","500":"6.29"},"minimum":null},"dropshippinger":{"product_id":29934,"role":"dropshippinger","pricing_type":"flat","regular_price":null,"sale_price":null,"discount":null,"discount_type":"sale_price","tiered_pricing_type":"fixed","percentage_rules":[],"fixed_rules":{"1":"9.99","5":"8.39","20":"7.19"},"minimum":null}},"tiered_pricing_percentage_rules":[],"tiered_pricing_maximum_quantity":null,"tiered_pricing_quantity_step":null,"_links":{"self":[{"href":"https:\/\/gretasexylingerie.com\/da\/wp-json\/wp\/v2\/product\/29934","targetHints":{"allow":["GET"]}}],"collection":[{"href":"https:\/\/gretasexylingerie.com\/da\/wp-json\/wp\/v2\/product"}],"about":[{"href":"https:\/\/gretasexylingerie.com\/da\/wp-json\/wp\/v2\/types\/product"}],"wp:featuredmedia":[{"embeddable":true,"href":"https:\/\/gretasexylingerie.com\/da\/wp-json\/wp\/v2\/media\/29936"}],"wp:attachment":[{"href":"https:\/\/gretasexylingerie.com\/da\/wp-json\/wp\/v2\/media?parent=29934"}],"wp:term":[{"taxonomy":"product_brand","embeddable":true,"href":"https:\/\/gretasexylingerie.com\/da\/wp-json\/wp\/v2\/product_brand?post=29934"},{"taxonomy":"product_cat","embeddable":true,"href":"https:\/\/gretasexylingerie.com\/da\/wp-json\/wp\/v2\/product_cat?post=29934"},{"taxonomy":"product_tag","embeddable":true,"href":"https:\/\/gretasexylingerie.com\/da\/wp-json\/wp\/v2\/product_tag?post=29934"}],"curies":[{"name":"wp","href":"https:\/\/api.w.org\/{rel}","templated":true}]}}