{"id":29908,"date":"2023-01-20T18:10:01","date_gmt":"2023-01-20T10:10:01","guid":{"rendered":"https:\/\/gretasexylingerie.com\/?post_type=product&#038;p=29908"},"modified":"2023-09-05T20:49:50","modified_gmt":"2023-09-05T12:49:50","slug":"simpelt-udhult-sexet-lingerisaet-med-blonder","status":"publish","type":"product","link":"https:\/\/gretasexylingerie.com\/da\/products\/simple-lace-hollow-out-sexy-lingerie-set\/","title":{"rendered":"Simple Lace Hollow Out Sexy Lingeri S\u00e6t"},"content":{"rendered":"<p>Funktioner:<\/p>\n\n\n\n<p>1. Brystet er dekoreret med hule blomsterblonde, og den fleksible metalbrystring g\u00f8r dit bryst mere sexet.<br>2. Bh i \u00e9t stykke, h\u00f8jstr\u00e6kbart mesh-stof, justerbare tynde skulderstropper og medbringer 4 ekstra lange str\u00f8mpeb\u00e5nd.<br>3. Simple mesh trusser, gennemsigtigt mesh stof foran, og elastiske tynde sn\u00f8reb\u00e5nd til resten.<\/p>\n\n\n\n<figure class=\"wp-block-table is-style-stripes\"><table><tbody><tr><td colspan=\"4\">Site Chart (CM)<\/td><\/tr><tr><td>St\u00f8rrelse<\/td><td>Under Bust<\/td><td>\u00d8vre Buste<\/td><td>L\u00e6ngde<\/td><\/tr><tr><td>S<\/td><td>66<\/td><td>70<\/td><td>21<\/td><\/tr><tr><td>M<\/td><td>70<\/td><td>74<\/td><td>22<\/td><\/tr><tr><td>L<\/td><td>74<\/td><td>78<\/td><td>23<\/td><\/tr><tr><td colspan=\"4\">Sitediagram (INCH)<\/td><\/tr><tr><td>St\u00f8rrelse<\/td><td>Under Bust<\/td><td>Koph\u00f8jde<\/td><td>Talje<\/td><\/tr><tr><td>S<\/td><td>26.4<\/td><td>28<\/td><td>8.4<\/td><\/tr><tr><td>M<\/td><td>28<\/td><td>29.6<\/td><td>8.8<\/td><\/tr><tr><td>L<\/td><td>29.6<\/td><td>31.2<\/td><td>9.2<\/td><\/tr><tr><td colspan=\"4\">Bem\u00e6rk: 1.Der kan v\u00e6re 1-2 cm afvigelse i forskellige st\u00f8rrelser, placeringer og str\u00e6k af stoffer. St\u00f8rrelsestabellen er kun til reference, der kan v\u00e6re lidt forskel p\u00e5, hvad du f\u00e5r. 2.Der er 3 slags elasticitet: h\u00f8j elasticitet (tosidet strakt), medium elasticitet (ensidig strakt) og ikke-elastisk (kan ikke str\u00e6kkes). 3. Farven kan v\u00e6re lysere eller m\u00f8rkere p\u00e5 grund af den forskellige pc-sk\u00e6rm. 4. Vask den i h\u00e5nden i 30 graders vand, h\u00e6ng den til t\u00f8rre i skygge, forbyd blegning. 5.Der er m\u00e5ske lidt forskel p\u00e5 detaljer og m\u00f8nster.<\/td><\/tr><\/tbody><\/table><\/figure>","protected":false},"excerpt":{"rendered":"<p>Simple Lace Hollow Out Sexy Lingeri S\u00e6t g\u00f8r din krop smukkere. Brystet er dekoreret med gennembrudte blomsterblonde og resten er lavet af fint mesh stof, justerbare spaghettistropper, fire ekstra lange str\u00f8mpeb\u00e5nd, enkel mesh trusse.<\/p>","protected":false},"featured_media":29918,"template":"","meta":[],"product_brand":[],"product_cat":[390,387,389,386,367],"product_tag":[516,518,451,446,509],"class_list":{"0":"post-29908","1":"product","2":"type-product","3":"status-publish","4":"has-post-thumbnail","6":"product_cat-wholesale-mesh-bustier","7":"product_cat-wholesale-bustier-bra-set","8":"product_cat-wholesale-lace-bustier","9":"product_cat-sexy-bustiers","10":"product_cat-sexy-lingerie","11":"product_tag-lace-lingerie","12":"product_tag-mesh-lingerie","13":"product_tag-wholesale-revealing-lingerie","14":"product_tag-wholesale-sexy-see-through-lingerie","15":"product_tag-two-pcs-set","16":"pa_color-black","17":"pa_color-hot-pink-women-sexy-lingerie","18":"pa_color-red-women-sexy-lingerie","19":"pa_color-white","20":"pa_cup-full-cup","21":"pa_size-wholesale-large-size-women-sexy-lingerie","22":"pa_size-wholesale-medium-size-women-sexy-lingerie","23":"pa_size-wholesale-small-size-sexy-lingerie","25":"first","26":"instock","27":"taxable","28":"shipping-taxable","29":"purchasable","30":"product-type-variable"},"tiered_pricing_type":"fixed","tiered_pricing_fixed_rules":[],"tiered_pricing_product_settings":{"layout":"default","base_unit_name":{"singular":null,"plural":null},"default_variation":null},"tiered_pricing_minimum_quantity":null,"tiered_pricing_roles_data":{"default_wholesaler":{"product_id":29908,"role":"default_wholesaler","pricing_type":"flat","regular_price":null,"sale_price":null,"discount":null,"discount_type":"sale_price","tiered_pricing_type":"fixed","percentage_rules":[],"fixed_rules":{"2":"6.59","30":"5.89","500":"4.89"},"minimum":null},"dropshippinger":{"product_id":29908,"role":"dropshippinger","pricing_type":"flat","regular_price":null,"sale_price":null,"discount":null,"discount_type":"sale_price","tiered_pricing_type":"fixed","percentage_rules":[],"fixed_rules":{"1":"9.99","5":"8.39","20":"7.19"},"minimum":null}},"tiered_pricing_percentage_rules":[],"tiered_pricing_maximum_quantity":null,"tiered_pricing_quantity_step":null,"_links":{"self":[{"href":"https:\/\/gretasexylingerie.com\/da\/wp-json\/wp\/v2\/product\/29908","targetHints":{"allow":["GET"]}}],"collection":[{"href":"https:\/\/gretasexylingerie.com\/da\/wp-json\/wp\/v2\/product"}],"about":[{"href":"https:\/\/gretasexylingerie.com\/da\/wp-json\/wp\/v2\/types\/product"}],"wp:featuredmedia":[{"embeddable":true,"href":"https:\/\/gretasexylingerie.com\/da\/wp-json\/wp\/v2\/media\/29918"}],"wp:attachment":[{"href":"https:\/\/gretasexylingerie.com\/da\/wp-json\/wp\/v2\/media?parent=29908"}],"wp:term":[{"taxonomy":"product_brand","embeddable":true,"href":"https:\/\/gretasexylingerie.com\/da\/wp-json\/wp\/v2\/product_brand?post=29908"},{"taxonomy":"product_cat","embeddable":true,"href":"https:\/\/gretasexylingerie.com\/da\/wp-json\/wp\/v2\/product_cat?post=29908"},{"taxonomy":"product_tag","embeddable":true,"href":"https:\/\/gretasexylingerie.com\/da\/wp-json\/wp\/v2\/product_tag?post=29908"}],"curies":[{"name":"wp","href":"https:\/\/api.w.org\/{rel}","templated":true}]}}