{"id":29890,"date":"2023-01-20T17:42:52","date_gmt":"2023-01-20T09:42:52","guid":{"rendered":"https:\/\/gretasexylingerie.com\/?post_type=product&#038;p=29890"},"modified":"2024-01-17T22:03:59","modified_gmt":"2024-01-17T14:03:59","slug":"broderi-push-up-bh-mesh-bustier","status":"publish","type":"product","link":"https:\/\/gretasexylingerie.com\/da\/products\/embroidery-push-up-bra-mesh-bustier\/","title":{"rendered":"Broderi Push Up BH Mesh Bustier"},"content":{"rendered":"<p>Funktioner:<\/p>\n\n\n\n<p>1. Brug af blomsterblonde og finmasket syningsstof. Blomsterblonde p\u00e5 brystet, fint mesh p\u00e5 ydersiden og tynde justerbare skulderstropper p\u00e5 kryds og tv\u00e6rs.<br>2. Maven er et design med \u00e5bent bryst, forsiden er blomsterblonde, siden og bagsiden er mesh-stof, og b\u00e6ltet er forbundet med metalringe.<br>3. Forsiden af Thong Undert\u00f8jet er dekoreret med et lille stykke blomsterblonde til at dekorere Den hemmelige have, med et hult design, et tyndt b\u00e6ltedesign, og en sl\u00f8jfe er syet p\u00e5 det.<\/p>\n\n\n\n<figure class=\"wp-block-table\"><table><tbody><tr><td colspan=\"4\">Site Chart (CM)<\/td><\/tr><tr><td>St\u00f8rrelse<\/td><td>Under Bust<\/td><td>L\u00e6ngde<\/td><td>Talje<\/td><\/tr><tr><td>S<\/td><td>66-92<\/td><td>24<\/td><td>64-96<\/td><\/tr><tr><td>M<\/td><td>70-96<\/td><td>25<\/td><td>68-100<\/td><\/tr><tr><td>L<\/td><td>74-100<\/td><td>26<\/td><td>74-104<\/td><\/tr><tr><td colspan=\"4\">Sitediagram (INCH)<\/td><\/tr><tr><td>St\u00f8rrelse<\/td><td>Under Bust<\/td><td>Koph\u00f8jde<\/td><td>Talje<\/td><\/tr><tr><td>S<\/td><td>26.4-36.7<\/td><td>9.6<\/td><td>25.6-38.4<\/td><\/tr><tr><td>M<\/td><td>28-38.4<\/td><td>10<\/td><td>27.2-40<\/td><\/tr><tr><td>L<\/td><td>30.4-40<\/td><td>10.4<\/td><td>32.8-41.6<\/td><\/tr><tr><td colspan=\"4\">Bem\u00e6rk: 1.Der kan v\u00e6re 1-2 cm afvigelse i forskellige st\u00f8rrelser, placeringer og str\u00e6k af stoffer. St\u00f8rrelsestabellen er kun til reference, der kan v\u00e6re lidt forskel p\u00e5, hvad du f\u00e5r. 2.Der er 3 slags elasticitet: h\u00f8j elasticitet (tosidet strakt), medium elasticitet (ensidig strakt) og ikke-elastisk (kan ikke str\u00e6kkes). 3. Farven kan v\u00e6re lysere eller m\u00f8rkere p\u00e5 grund af den forskellige pc-sk\u00e6rm. 4. Vask den i h\u00e5nden i 30 graders vand, h\u00e6ng den til t\u00f8rre i skygge, forbyd blegning. 5.Der er m\u00e5ske lidt forskel p\u00e5 detaljer og m\u00f8nster.<\/td><\/tr><\/tbody><\/table><\/figure>","protected":false},"excerpt":{"rendered":"<p>Slip din krops glamour l\u00f8s med Push Up Bra Mesh Bustier med broderi. Blonder og mesh-paneler, delikat blomsterblonde p\u00e5 brystet, mesh p\u00e5 ydersiden, krydsende stropper, justerbare stropper og en stringtrusse.<\/p>","protected":false},"featured_media":29896,"template":"","meta":[],"product_brand":[],"product_cat":[390,386,367],"product_tag":[454,516,518,973,447,509],"class_list":{"0":"post-29890","1":"product","2":"type-product","3":"status-publish","4":"has-post-thumbnail","6":"product_cat-wholesale-mesh-bustier","7":"product_cat-sexy-bustiers","8":"product_cat-sexy-lingerie","9":"product_tag-wholesale-sexy-embroidered-lingerie","10":"product_tag-lace-lingerie","11":"product_tag-mesh-lingerie","12":"product_tag-oem","13":"product_tag-wholesale-strappy-sexy-lingerie","14":"product_tag-two-pcs-set","15":"pa_color-black","16":"pa_cup-wholesale-half-cup-women-sexy-lingerie","17":"pa_size-wholesale-large-size-women-sexy-lingerie","18":"pa_size-wholesale-medium-size-women-sexy-lingerie","19":"pa_size-wholesale-small-size-sexy-lingerie","21":"first","22":"outofstock","23":"taxable","24":"shipping-taxable","25":"purchasable","26":"product-type-variable"},"tiered_pricing_type":"fixed","tiered_pricing_fixed_rules":[],"tiered_pricing_product_settings":{"layout":"default","base_unit_name":{"singular":null,"plural":null},"default_variation":null},"tiered_pricing_minimum_quantity":null,"tiered_pricing_roles_data":{"default_wholesaler":{"product_id":29890,"role":"default_wholesaler","pricing_type":"flat","regular_price":null,"sale_price":null,"discount":null,"discount_type":"sale_price","tiered_pricing_type":"fixed","percentage_rules":[],"fixed_rules":{"2":"7.89","30":"6.79","500":"5.89"},"minimum":null},"dropshippinger":{"product_id":29890,"role":"dropshippinger","pricing_type":"flat","regular_price":null,"sale_price":null,"discount":null,"discount_type":"sale_price","tiered_pricing_type":"fixed","percentage_rules":[],"fixed_rules":{"1":"9.39","5":"7.89","20":"6.79"},"minimum":null}},"tiered_pricing_percentage_rules":[],"tiered_pricing_maximum_quantity":null,"tiered_pricing_quantity_step":null,"_links":{"self":[{"href":"https:\/\/gretasexylingerie.com\/da\/wp-json\/wp\/v2\/product\/29890","targetHints":{"allow":["GET"]}}],"collection":[{"href":"https:\/\/gretasexylingerie.com\/da\/wp-json\/wp\/v2\/product"}],"about":[{"href":"https:\/\/gretasexylingerie.com\/da\/wp-json\/wp\/v2\/types\/product"}],"wp:featuredmedia":[{"embeddable":true,"href":"https:\/\/gretasexylingerie.com\/da\/wp-json\/wp\/v2\/media\/29896"}],"wp:attachment":[{"href":"https:\/\/gretasexylingerie.com\/da\/wp-json\/wp\/v2\/media?parent=29890"}],"wp:term":[{"taxonomy":"product_brand","embeddable":true,"href":"https:\/\/gretasexylingerie.com\/da\/wp-json\/wp\/v2\/product_brand?post=29890"},{"taxonomy":"product_cat","embeddable":true,"href":"https:\/\/gretasexylingerie.com\/da\/wp-json\/wp\/v2\/product_cat?post=29890"},{"taxonomy":"product_tag","embeddable":true,"href":"https:\/\/gretasexylingerie.com\/da\/wp-json\/wp\/v2\/product_tag?post=29890"}],"curies":[{"name":"wp","href":"https:\/\/api.w.org\/{rel}","templated":true}]}}