{"id":29825,"date":"2023-01-19T16:29:36","date_gmt":"2023-01-19T08:29:36","guid":{"rendered":"https:\/\/gretasexylingerie.com\/?post_type=product&#038;p=29825"},"modified":"2023-09-05T20:49:46","modified_gmt":"2023-09-05T12:49:46","slug":"mesh-polkaprikker-bustier-bh-saet-med-flaeser","status":"publish","type":"product","link":"https:\/\/gretasexylingerie.com\/da\/products\/mesh-polka-dot-ruffle-bustier-bra-set\/","title":{"rendered":"Mesh Polka Dot Fl\u00e6se Bustier BH s\u00e6t"},"content":{"rendered":"<p>Funktioner:<\/p>\n\n\n\n<p>1. Gennemsigtigt sort mesh, j\u00e6vnligt fordelt i sorte prikker, f\u00e5r dig til at se mere dejlig ud.<br>2. Justerbare tynde skulderstropper, tre metalk\u00e6der forbinder halsringen med bh&#039;en, hvilket g\u00f8r din overkrop mere sexet og stabil.<br>3. Str\u00f8mpeb\u00e5nd med fl\u00e6ser dekoreret med polka Dot Mesh. Trusserne er ogs\u00e5 lavet af plettet mesh, og linningen er et justerbart tyndt v\u00e6vet b\u00e6lte.<\/p>\n\n\n\n<p><\/p>\n\n\n\n<figure class=\"wp-block-table is-style-stripes\"><table><tbody><tr><td colspan=\"4\">Site Chart (CM)<\/td><\/tr><tr><td>St\u00f8rrelse<\/td><td>Under Bust<\/td><td>L\u00e6ngde<\/td><td>Talje<\/td><\/tr><tr><td>S<\/td><td>68-86<\/td><td>22<\/td><td>62-94<\/td><\/tr><tr><td>M<\/td><td>72-90<\/td><td>23<\/td><td>66-98<\/td><\/tr><tr><td>L<\/td><td>76-94<\/td><td>24<\/td><td>70-102<\/td><\/tr><tr><td colspan=\"4\">Sitediagram (INCH)<\/td><\/tr><tr><td>St\u00f8rrelse<\/td><td>Under Bust<\/td><td>Koph\u00f8jde<\/td><td>Talje<\/td><\/tr><tr><td>S<\/td><td>27.2-34.4<\/td><td>8.8<\/td><td>24.8-37.6<\/td><\/tr><tr><td>M<\/td><td>28.8-36<\/td><td>9.2<\/td><td>26.4-39.2<\/td><\/tr><tr><td>L<\/td><td>30.4-37.6<\/td><td>9.6<\/td><td>30.4-40.8<\/td><\/tr><tr><td colspan=\"4\">Bem\u00e6rk: 1.Der kan v\u00e6re 1-2 cm afvigelse i forskellige st\u00f8rrelser, placeringer og str\u00e6k af stoffer. St\u00f8rrelsestabellen er kun til reference, der kan v\u00e6re lidt forskel p\u00e5, hvad du f\u00e5r. 2.Der er 3 slags elasticitet: h\u00f8j elasticitet (tosidet strakt), medium elasticitet (ensidig strakt) og ikke-elastisk (kan ikke str\u00e6kkes). 3. Farven kan v\u00e6re lysere eller m\u00f8rkere p\u00e5 grund af den forskellige pc-sk\u00e6rm. 4. Vask den i h\u00e5nden i 30 graders vand, h\u00e6ng den til t\u00f8rre i skygge, forbyd blegning. 5.Der er m\u00e5ske lidt forskel p\u00e5 detaljer og m\u00f8nster.<\/td><\/tr><\/tbody><\/table><\/figure>","protected":false},"excerpt":{"rendered":"<p>S\u00e5dan et l\u00e6kkert blonde-polkaprikket fl\u00e6sebustier-bh-s\u00e6t vil lade dig h\u00f8ste al din elskers k\u00e6rlighed. Fremstillet af gennemsigtigt mesh med prikket m\u00f8nster, fint sort mesh p\u00e5 ryggen, 3 metalk\u00e6der forbinder halsringen til bh&#039;en, og str\u00f8mpeb\u00e5ndet har polka prikket mesh som fl\u00e6se.<\/p>","protected":false},"featured_media":29831,"template":"","meta":[],"product_brand":[],"product_cat":[390,387,386,367],"product_tag":[507,454,518,524,451,446],"class_list":{"0":"post-29825","1":"product","2":"type-product","3":"status-publish","4":"has-post-thumbnail","6":"product_cat-wholesale-mesh-bustier","7":"product_cat-wholesale-bustier-bra-set","8":"product_cat-sexy-bustiers","9":"product_cat-sexy-lingerie","10":"product_tag-three-pcs-set","11":"product_tag-wholesale-sexy-embroidered-lingerie","12":"product_tag-mesh-lingerie","13":"product_tag-metal-lingerie","14":"product_tag-wholesale-revealing-lingerie","15":"product_tag-wholesale-sexy-see-through-lingerie","16":"pa_color-black","17":"pa_cup-full-cup","18":"pa_size-wholesale-large-size-women-sexy-lingerie","19":"pa_size-wholesale-medium-size-women-sexy-lingerie","20":"pa_size-wholesale-small-size-sexy-lingerie","22":"first","23":"instock","24":"taxable","25":"shipping-taxable","26":"purchasable","27":"product-type-variable"},"tiered_pricing_type":"fixed","tiered_pricing_fixed_rules":[],"tiered_pricing_product_settings":{"layout":"default","base_unit_name":{"singular":null,"plural":null},"default_variation":null},"tiered_pricing_minimum_quantity":null,"tiered_pricing_roles_data":{"default_wholesaler":{"product_id":29825,"role":"default_wholesaler","pricing_type":"flat","regular_price":null,"sale_price":null,"discount":null,"discount_type":"sale_price","tiered_pricing_type":"fixed","percentage_rules":[],"fixed_rules":{"2":"9.19","30":"7.89","500":"6.89"},"minimum":null},"dropshippinger":{"product_id":29825,"role":"dropshippinger","pricing_type":"flat","regular_price":null,"sale_price":null,"discount":null,"discount_type":"sale_price","tiered_pricing_type":"fixed","percentage_rules":[],"fixed_rules":{"1":"10.99","5":"9.19","20":"7.89"},"minimum":null}},"tiered_pricing_percentage_rules":[],"tiered_pricing_maximum_quantity":null,"tiered_pricing_quantity_step":null,"_links":{"self":[{"href":"https:\/\/gretasexylingerie.com\/da\/wp-json\/wp\/v2\/product\/29825","targetHints":{"allow":["GET"]}}],"collection":[{"href":"https:\/\/gretasexylingerie.com\/da\/wp-json\/wp\/v2\/product"}],"about":[{"href":"https:\/\/gretasexylingerie.com\/da\/wp-json\/wp\/v2\/types\/product"}],"wp:featuredmedia":[{"embeddable":true,"href":"https:\/\/gretasexylingerie.com\/da\/wp-json\/wp\/v2\/media\/29831"}],"wp:attachment":[{"href":"https:\/\/gretasexylingerie.com\/da\/wp-json\/wp\/v2\/media?parent=29825"}],"wp:term":[{"taxonomy":"product_brand","embeddable":true,"href":"https:\/\/gretasexylingerie.com\/da\/wp-json\/wp\/v2\/product_brand?post=29825"},{"taxonomy":"product_cat","embeddable":true,"href":"https:\/\/gretasexylingerie.com\/da\/wp-json\/wp\/v2\/product_cat?post=29825"},{"taxonomy":"product_tag","embeddable":true,"href":"https:\/\/gretasexylingerie.com\/da\/wp-json\/wp\/v2\/product_tag?post=29825"}],"curies":[{"name":"wp","href":"https:\/\/api.w.org\/{rel}","templated":true}]}}