{"id":29735,"date":"2023-01-18T19:43:57","date_gmt":"2023-01-18T11:43:57","guid":{"rendered":"https:\/\/gretasexylingerie.com\/?post_type=product&#038;p=29735"},"modified":"2024-04-04T16:30:21","modified_gmt":"2024-04-04T08:30:21","slug":"bustier-bodysuit-med-blomstret-blonde","status":"publish","type":"product","link":"https:\/\/gretasexylingerie.com\/da\/products\/floral-lace-bustier-bodysuit\/","title":{"rendered":"Engros Floral Lace Bustier Bodysuit"},"content":{"rendered":"<p>Funktioner:<\/p>\n\n\n\n<p>1. H\u00f8jkvalitets gennemsigtigt blomsterblondestof, du kan v\u00e6lge r\u00f8d, sort, bl\u00e5.<br>2. Intet sp\u00e6ndedesign, mere behageligt at have p\u00e5.<br>3. Det justerbare brystdesign giver dig mulighed for frit at justere den effekt, du \u00f8nsker.<\/p>\n\n\n\n<p>1. Alle vores produkter har tilstr\u00e6kkelig lagerbeholdning, velkommen til at afgive en ordre til enhver tid. Vi bekr\u00e6fter ordren inden for 24 timer efter du har afgivet ordren.<\/p>\n\n\n\n<p>2. Der er ingen MOQ-krav for alle vores lagerprodukter, og vi underst\u00f8tter blandet engros. N\u00e5r du har valgt en komplet SKU, vil systemet automatisk vise priserne svarende til forskellige m\u00e6ngder.<\/p>\n\n\n\n<p>3. Efter bekr\u00e6ftelse af ordren gennemf\u00f8rer vi normalt leveringen inden for 2-3 hverdage (undtagen helligdage eller andre s\u00e6rlige \u00e5rsager), du kan finde din ordre og spore dem i <a href=\"https:\/\/gretasexylingerie.com\/da\/kontakt-os\/\"><span class=\"s1\">Min konto<\/span><\/a>&nbsp;side.<\/p>\n\n\n\n<p>4. Vores standard forsendelsesmetode er med fly, hovedsageligt via Fedex, TNT, EMS, UPS, DHL eller andre logistikudbydere, afh\u00e6nger hovedsageligt af din ordre og adresse. Hvis du har brug for en mere \u00f8konomisk forsendelsesmetode eller har sp\u00f8rgsm\u00e5l om forsendelsesomkostninger, er du velkommen til at <a href=\"https:\/\/gretasexylingerie.com\/da\/min-konto\/\"><span class=\"s1\">kontakt os<\/span><\/a>.<\/p>\n\n\n\n<p>5. Vi betaler ikke importafgift for din ordre som standard. Du skal gennemf\u00f8re betalingen i henhold til kravene i dit land, n\u00e5r toldv\u00e6senet kontakter dig. Men hvis du har brug for det, bedes du venligst notere i ordren, at vi kan opkr\u00e6ve ekstra.<\/p>\n\n\n\n<p>6. Vores ordrer underst\u00f8tter returneringer, bes\u00f8g venligst vores <a href=\"https:\/\/gretasexylingerie.com\/da\/returpolitik\/\"><span class=\"s1\">returpolitik<\/span><\/a>&nbsp;for mere information.<\/p>\n\n\n\n<p>7. Hvis du har brug for at vide mere ofte stillede sp\u00f8rgsm\u00e5l, s\u00e5 bes\u00f8g venligst <a href=\"https:\/\/gretasexylingerie.com\/da\/kundehjaelp\/\"><span class=\"s1\">Kundehj\u00e6lp<\/span><\/a>.<\/p>","protected":false},"excerpt":{"rendered":"<p>B\u00e6r denne sexede og sofistikerede sorte blomstrede Bustier-bodysuit med blonder. Tilf\u00f8j sjov til din s\u00f8de rejse. Lavet af blomsterblonde af h\u00f8j kvalitet, bodice-stil, justerbar brystst\u00f8rrelse, b\u00f8jlekopper, 4 str\u00f8mpeb\u00e5nd og G-streng.<\/p>","protected":false},"featured_media":29737,"template":"","meta":[],"product_brand":[],"product_cat":[389,387,386,367],"product_tag":[452,448,516,509],"class_list":{"0":"post-29735","1":"product","2":"type-product","3":"status-publish","4":"has-post-thumbnail","6":"product_cat-wholesale-lace-bustier","7":"product_cat-wholesale-bustier-bra-set","8":"product_cat-sexy-bustiers","9":"product_cat-sexy-lingerie","10":"product_tag-wholesale-boudoir-lingerie","11":"product_tag-wholesale-elegant-sexy-lingerie","12":"product_tag-lace-lingerie","13":"product_tag-two-pcs-set","14":"pa_color-black","15":"pa_color-blue-women-sexy-lingerie","16":"pa_color-red-women-sexy-lingerie","17":"pa_cup-full-cup","18":"pa_size-wholesale-large-size-women-sexy-lingerie","19":"pa_size-wholesale-medium-size-women-sexy-lingerie","20":"pa_size-wholesale-small-size-sexy-lingerie","22":"first","23":"instock","24":"taxable","25":"shipping-taxable","26":"purchasable","27":"product-type-variable"},"tiered_pricing_type":"fixed","tiered_pricing_fixed_rules":[],"tiered_pricing_product_settings":{"layout":"table","base_unit_name":{"singular":null,"plural":null},"default_variation":{}},"tiered_pricing_minimum_quantity":null,"tiered_pricing_roles_data":[],"tiered_pricing_percentage_rules":[],"tiered_pricing_maximum_quantity":null,"tiered_pricing_quantity_step":null,"_links":{"self":[{"href":"https:\/\/gretasexylingerie.com\/da\/wp-json\/wp\/v2\/product\/29735","targetHints":{"allow":["GET"]}}],"collection":[{"href":"https:\/\/gretasexylingerie.com\/da\/wp-json\/wp\/v2\/product"}],"about":[{"href":"https:\/\/gretasexylingerie.com\/da\/wp-json\/wp\/v2\/types\/product"}],"wp:featuredmedia":[{"embeddable":true,"href":"https:\/\/gretasexylingerie.com\/da\/wp-json\/wp\/v2\/media\/29737"}],"wp:attachment":[{"href":"https:\/\/gretasexylingerie.com\/da\/wp-json\/wp\/v2\/media?parent=29735"}],"wp:term":[{"taxonomy":"product_brand","embeddable":true,"href":"https:\/\/gretasexylingerie.com\/da\/wp-json\/wp\/v2\/product_brand?post=29735"},{"taxonomy":"product_cat","embeddable":true,"href":"https:\/\/gretasexylingerie.com\/da\/wp-json\/wp\/v2\/product_cat?post=29735"},{"taxonomy":"product_tag","embeddable":true,"href":"https:\/\/gretasexylingerie.com\/da\/wp-json\/wp\/v2\/product_tag?post=29735"}],"curies":[{"name":"wp","href":"https:\/\/api.w.org\/{rel}","templated":true}]}}