{"id":29695,"date":"2023-01-18T18:13:41","date_gmt":"2023-01-18T10:13:41","guid":{"rendered":"https:\/\/gretasexylingerie.com\/?post_type=product&#038;p=29695"},"modified":"2024-01-17T22:05:17","modified_gmt":"2024-01-17T14:05:17","slug":"gennemsigtigt-mesh-blomstret-korset-med-strompeband","status":"publish","type":"product","link":"https:\/\/gretasexylingerie.com\/da\/products\/transparent-mesh-floral-gartered-corset\/","title":{"rendered":"Engros Transparent Mesh Floral Gartered Corset"},"content":{"rendered":"<p>Funktioner:<\/p>\n\n\n\n<p>1. Gennemsigtigt netstof, bl\u00f8dt og delikat og broderet med uds\u00f8gte m\u00f8nstre til at dekorere din smukke krop.<br>2. Sm\u00e5 b\u00f8lger rundt om kroppen modificeres, og maven er krydset med justerbare stropper, som kan g\u00f8re undert\u00f8jet mere p\u00e5 linje med din krop.<br>3. Undert\u00f8jet er lavet af samme materiale, og b\u00e6ltet er elastisk og justerbart.<\/p>\n\n\n\n<figure class=\"wp-block-table is-style-stripes\"><table><tbody><tr><td colspan=\"4\">Site Chart (CM)<\/td><\/tr><tr><td>St\u00f8rrelse<\/td><td>Under Bust<\/td><td>L\u00e6ngde<\/td><td>Talje<\/td><\/tr><tr><td>S<\/td><td>64-74<\/td><td>40<\/td><td>62<\/td><\/tr><tr><td>M<\/td><td>68-78<\/td><td>41<\/td><td>66<\/td><\/tr><tr><td>L<\/td><td>72-82<\/td><td>42<\/td><td>70<\/td><\/tr><tr><td>XL<\/td><td>76-86<\/td><td>43<\/td><td>74<\/td><\/tr><tr><td colspan=\"4\">Sitediagram (INCH)<\/td><\/tr><tr><td>St\u00f8rrelse<\/td><td>Under Bust<\/td><td>Koph\u00f8jde<\/td><td>Talje<\/td><\/tr><tr><td>S<\/td><td>25.6-29.6<\/td><td>16<\/td><td>24.8<\/td><\/tr><tr><td>M<\/td><td>27.2-31.2<\/td><td>16.4<\/td><td>26.4<\/td><\/tr><tr><td>L<\/td><td>28.8-32.8<\/td><td>16.8<\/td><td>28<\/td><\/tr><tr><td>XL<\/td><td>30.4-34.4<\/td><td>17.2<\/td><td>29.6<\/td><\/tr><tr><td colspan=\"4\">Bem\u00e6rk: 1.Der kan v\u00e6re 1-2 cm afvigelse i forskellige st\u00f8rrelser, placeringer og str\u00e6k af stoffer. St\u00f8rrelsestabellen er kun til reference, der kan v\u00e6re lidt forskel p\u00e5, hvad du f\u00e5r. 2.Der er 3 slags elasticitet: h\u00f8j elasticitet (tosidet strakt), medium elasticitet (ensidig strakt) og ikke-elastisk (kan ikke str\u00e6kkes). 3. Farven kan v\u00e6re lysere eller m\u00f8rkere p\u00e5 grund af den forskellige pc-sk\u00e6rm. 4. Vask den i h\u00e5nden i 30 graders vand, h\u00e6ng den til t\u00f8rre i skygge, forbyd blegning. 5.Der er m\u00e5ske lidt forskel p\u00e5 detaljer og m\u00f8nster.<\/td><\/tr><\/tbody><\/table><\/figure>","protected":false},"excerpt":{"rendered":"<p>Det super sexede gennemsigtige mesh-blomstrede korset med str\u00f8mpeb\u00e5nd holder din elsker v\u00e6k fra dig. Fremstillet af bl\u00f8dt gennemsigtigt mesh med smukt broderede m\u00f8nstre, sm\u00e5 b\u00f8lger p\u00e5 kanterne, krydsb\u00e5nd ved maven, justerbare stropper p\u00e5 skulderstropperne og trusseb\u00e5nd.<\/p>","protected":false},"featured_media":29701,"template":"","meta":[],"product_brand":[],"product_cat":[388,389,386,367],"product_tag":[448,516,518,446,509],"class_list":{"0":"post-29695","1":"product","2":"type-product","3":"status-publish","4":"has-post-thumbnail","6":"product_cat-wholesale-gartered-corset","7":"product_cat-wholesale-lace-bustier","8":"product_cat-sexy-bustiers","9":"product_cat-sexy-lingerie","10":"product_tag-wholesale-elegant-sexy-lingerie","11":"product_tag-lace-lingerie","12":"product_tag-mesh-lingerie","13":"product_tag-wholesale-sexy-see-through-lingerie","14":"product_tag-two-pcs-set","15":"pa_color-black","16":"pa_cup-full-cup","17":"pa_size-wholesale-large-size-women-sexy-lingerie","18":"pa_size-wholesale-medium-size-women-sexy-lingerie","19":"pa_size-wholesale-small-size-sexy-lingerie","20":"pa_size-wholesale-extra-large-sexy-lingerie","22":"first","23":"instock","24":"taxable","25":"shipping-taxable","26":"purchasable","27":"product-type-variable"},"tiered_pricing_type":"fixed","tiered_pricing_fixed_rules":[],"tiered_pricing_product_settings":{"layout":"default","base_unit_name":{"singular":null,"plural":null},"default_variation":null},"tiered_pricing_minimum_quantity":null,"tiered_pricing_roles_data":{"default_wholesaler":{"product_id":29695,"role":"default_wholesaler","pricing_type":"flat","regular_price":null,"sale_price":null,"discount":null,"discount_type":"sale_price","tiered_pricing_type":"fixed","percentage_rules":[],"fixed_rules":{"2":"8.39","30":"7.19","500":"6.29"},"minimum":null},"dropshippinger":{"product_id":29695,"role":"dropshippinger","pricing_type":"flat","regular_price":null,"sale_price":null,"discount":null,"discount_type":"sale_price","tiered_pricing_type":"fixed","percentage_rules":[],"fixed_rules":{"1":"9.99","5":"8.39","20":"7.19"},"minimum":null}},"tiered_pricing_percentage_rules":[],"tiered_pricing_maximum_quantity":null,"tiered_pricing_quantity_step":null,"_links":{"self":[{"href":"https:\/\/gretasexylingerie.com\/da\/wp-json\/wp\/v2\/product\/29695","targetHints":{"allow":["GET"]}}],"collection":[{"href":"https:\/\/gretasexylingerie.com\/da\/wp-json\/wp\/v2\/product"}],"about":[{"href":"https:\/\/gretasexylingerie.com\/da\/wp-json\/wp\/v2\/types\/product"}],"wp:featuredmedia":[{"embeddable":true,"href":"https:\/\/gretasexylingerie.com\/da\/wp-json\/wp\/v2\/media\/29701"}],"wp:attachment":[{"href":"https:\/\/gretasexylingerie.com\/da\/wp-json\/wp\/v2\/media?parent=29695"}],"wp:term":[{"taxonomy":"product_brand","embeddable":true,"href":"https:\/\/gretasexylingerie.com\/da\/wp-json\/wp\/v2\/product_brand?post=29695"},{"taxonomy":"product_cat","embeddable":true,"href":"https:\/\/gretasexylingerie.com\/da\/wp-json\/wp\/v2\/product_cat?post=29695"},{"taxonomy":"product_tag","embeddable":true,"href":"https:\/\/gretasexylingerie.com\/da\/wp-json\/wp\/v2\/product_tag?post=29695"}],"curies":[{"name":"wp","href":"https:\/\/api.w.org\/{rel}","templated":true}]}}