{"id":29667,"date":"2023-01-18T17:52:03","date_gmt":"2023-01-18T09:52:03","guid":{"rendered":"https:\/\/gretasexylingerie.com\/?post_type=product&#038;p=29667"},"modified":"2023-09-05T20:49:42","modified_gmt":"2023-09-05T12:49:42","slug":"grime-strompeband-blonde-strompeband-korset","status":"publish","type":"product","link":"https:\/\/gretasexylingerie.com\/da\/products\/halter-garter-lace-gartered-corset\/","title":{"rendered":"Halter Garter Blonde Gartered Corset"},"content":{"rendered":"<p>Funktioner:<\/p>\n\n\n\n<p>1. Ved at bruge blomsterblonde af h\u00f8j kvalitet g\u00f8r den hule mesh-struktur din krop t\u00e5rnende, ikke kun behagelig at have p\u00e5, men ogs\u00e5 mere sexet.<br>2. Sn\u00f8regrimedesignet bruger det samme blondestof, som ikke vil for\u00e5rsage ubehag og frit kan justeres. Du kan ogs\u00e5 lade din elskede binde det for dig.<br>3. \u00c5bn ryggen, med undert\u00f8j, og linningen er elastisk. Bustier d\u00e6kker halvdelen af balderne.<\/p>\n\n\n\n<figure class=\"wp-block-table is-style-stripes\"><table><tbody><tr><td colspan=\"4\">Site Chart (CM)<\/td><\/tr><tr><td>St\u00f8rrelse<\/td><td>Under Bust<\/td><td>Top L\u00e6ngde<\/td><td>Talje<\/td><\/tr><tr><td>S<\/td><td>68-88<\/td><td>69<\/td><td>65<\/td><\/tr><tr><td>M<\/td><td>72-92<\/td><td>70<\/td><td>70<\/td><\/tr><tr><td>L<\/td><td>76-96<\/td><td>71<\/td><td>75<\/td><\/tr><tr><td>XL<\/td><td>80-100<\/td><td>72<\/td><td>80<\/td><\/tr><tr><td>XXL<\/td><td>85-105<\/td><td>73<\/td><td>85<\/td><\/tr><tr><td colspan=\"4\">Sitediagram (INCH)<\/td><\/tr><tr><td>St\u00f8rrelse<\/td><td>Under Bust<\/td><td>Koph\u00f8jde<\/td><td>Talje<\/td><\/tr><tr><td>S<\/td><td>27.2-35.2<\/td><td>27.6<\/td><td>26<\/td><\/tr><tr><td>M<\/td><td>28.8-36.8<\/td><td>28<\/td><td>28<\/td><\/tr><tr><td>L<\/td><td>30.4-38.4<\/td><td>28.4<\/td><td>30<\/td><\/tr><tr><td>XL<\/td><td>32-40<\/td><td>28.8<\/td><td>32<\/td><\/tr><tr><td>XXL<\/td><td>34-42<\/td><td>29.2<\/td><td>34<\/td><\/tr><tr><td colspan=\"4\">Bem\u00e6rk: 1.Der kan v\u00e6re 1-2 cm afvigelse i forskellige st\u00f8rrelser, placeringer og str\u00e6k af stoffer. St\u00f8rrelsestabellen er kun til reference, der kan v\u00e6re lidt forskel p\u00e5, hvad du f\u00e5r. 2.Der er 3 slags elasticitet: h\u00f8j elasticitet (tosidet strakt), medium elasticitet (ensidig strakt) og ikke-elastisk (kan ikke str\u00e6kkes). 3. Farven kan v\u00e6re lysere eller m\u00f8rkere p\u00e5 grund af den forskellige pc-sk\u00e6rm. 4. Vask den i h\u00e5nden i 30 graders vand, h\u00e6ng den til t\u00f8rre i skygge, forbyd blegning. 5.Der er m\u00e5ske lidt forskel p\u00e5 detaljer og m\u00f8nster.<\/td><\/tr><\/tbody><\/table><\/figure>","protected":false},"excerpt":{"rendered":"<p>G\u00f8r dig selv glamour\u00f8s med Halter Halter Garter Lace Gartered Corset og indfang den kvalitetstid, du har med din elskede. Lavet af blomsterblonde af h\u00f8j kvalitet, blonder med halterneck-stil, brystpanel, 4 integrerede str\u00f8mpeb\u00e5nd og strammetrusser.<\/p>","protected":false},"featured_media":29669,"template":"","meta":[],"product_brand":[],"product_cat":[389,388,386,367],"product_tag":[516,451,446,509],"class_list":{"0":"post-29667","1":"product","2":"type-product","3":"status-publish","4":"has-post-thumbnail","6":"product_cat-wholesale-lace-bustier","7":"product_cat-wholesale-gartered-corset","8":"product_cat-sexy-bustiers","9":"product_cat-sexy-lingerie","10":"product_tag-lace-lingerie","11":"product_tag-wholesale-revealing-lingerie","12":"product_tag-wholesale-sexy-see-through-lingerie","13":"product_tag-two-pcs-set","14":"pa_color-aquamarine-women-sexy-lingerie","15":"pa_color-black","16":"pa_color-fire-brick-women-sexy-lingerie","17":"pa_color-slate-blue-women-sexy-lingerie","18":"pa_cup-full-cup","19":"pa_size-wholesale-large-size-women-sexy-lingerie","20":"pa_size-wholesale-medium-size-women-sexy-lingerie","21":"pa_size-wholesale-small-size-sexy-lingerie","22":"pa_size-wholesale-extra-large-sexy-lingerie","23":"pa_size-extra-extra-large-sexy-lingerie","25":"first","26":"instock","27":"taxable","28":"shipping-taxable","29":"purchasable","30":"product-type-variable"},"tiered_pricing_type":"fixed","tiered_pricing_fixed_rules":[],"tiered_pricing_product_settings":{"layout":"default","base_unit_name":{"singular":null,"plural":null},"default_variation":null},"tiered_pricing_minimum_quantity":null,"tiered_pricing_roles_data":{"default_wholesaler":{"product_id":29667,"role":"default_wholesaler","pricing_type":"flat","regular_price":null,"sale_price":null,"discount":null,"discount_type":"sale_price","tiered_pricing_type":"fixed","percentage_rules":[],"fixed_rules":{"2":"9.99","30":"6.79","500":"5.09"},"minimum":null},"dropshippinger":{"product_id":29667,"role":"dropshippinger","pricing_type":"flat","regular_price":null,"sale_price":null,"discount":null,"discount_type":"sale_price","tiered_pricing_type":"fixed","percentage_rules":[],"fixed_rules":{"1":"8.19","5":"6.79","20":"5.89"},"minimum":null}},"tiered_pricing_percentage_rules":[],"tiered_pricing_maximum_quantity":null,"tiered_pricing_quantity_step":null,"_links":{"self":[{"href":"https:\/\/gretasexylingerie.com\/da\/wp-json\/wp\/v2\/product\/29667","targetHints":{"allow":["GET"]}}],"collection":[{"href":"https:\/\/gretasexylingerie.com\/da\/wp-json\/wp\/v2\/product"}],"about":[{"href":"https:\/\/gretasexylingerie.com\/da\/wp-json\/wp\/v2\/types\/product"}],"wp:featuredmedia":[{"embeddable":true,"href":"https:\/\/gretasexylingerie.com\/da\/wp-json\/wp\/v2\/media\/29669"}],"wp:attachment":[{"href":"https:\/\/gretasexylingerie.com\/da\/wp-json\/wp\/v2\/media?parent=29667"}],"wp:term":[{"taxonomy":"product_brand","embeddable":true,"href":"https:\/\/gretasexylingerie.com\/da\/wp-json\/wp\/v2\/product_brand?post=29667"},{"taxonomy":"product_cat","embeddable":true,"href":"https:\/\/gretasexylingerie.com\/da\/wp-json\/wp\/v2\/product_cat?post=29667"},{"taxonomy":"product_tag","embeddable":true,"href":"https:\/\/gretasexylingerie.com\/da\/wp-json\/wp\/v2\/product_tag?post=29667"}],"curies":[{"name":"wp","href":"https:\/\/api.w.org\/{rel}","templated":true}]}}