{"id":29632,"date":"2023-01-18T14:54:44","date_gmt":"2023-01-18T06:54:44","guid":{"rendered":"https:\/\/gretasexylingerie.com\/?post_type=product&#038;p=29632"},"modified":"2023-09-05T20:49:41","modified_gmt":"2023-09-05T12:49:41","slug":"sexet-mesh-gennemsigtigt-langaermet-badydragt","status":"publish","type":"product","link":"https:\/\/gretasexylingerie.com\/da\/products\/sexy-mesh-see-through-long-sleeved-badysuit\/","title":{"rendered":"Sexet Mesh Gennemsigtig Lang\u00e6rmet Badysuit"},"content":{"rendered":"<p>Funktioner:<\/p>\n\n\n\n<p>1. Brug af h\u00f8jkvalitets gennemsigtigt mesh, behageligt og mystisk, med pletter som dekoration.<br>2. Kisten er dekoreret med blonder af h\u00f8j kvalitet, og de omhyggeligt designede m\u00f8nstre \u00f8ger charmen i centeromr\u00e5det.<br>3. Det integrerede gennemsigtige design p\u00e5 bagsiden er ikke kun behageligt, men kan ogs\u00e5 bedre \u00e6ndre kropsformen.<\/p>\n\n\n\n<p><\/p>\n\n\n\n<figure class=\"wp-block-table is-style-stripes\"><table><tbody><tr><td colspan=\"4\">Site Chart (CM)<\/td><\/tr><tr><td>St\u00f8rrelse<\/td><td>Buste<\/td><td>L\u00e6ngde<\/td><td>Talje<\/td><\/tr><tr><td>S<\/td><td>72-90<\/td><td>67<\/td><td>64-84<\/td><\/tr><tr><td>M<\/td><td>76-94<\/td><td>68<\/td><td>68-88<\/td><\/tr><tr><td>L<\/td><td>82-100<\/td><td>69.8<\/td><td>74-94<\/td><\/tr><tr><td colspan=\"4\">Sitediagram (INCH)<\/td><\/tr><tr><td>St\u00f8rrelse<\/td><td>Under Bust<\/td><td>Koph\u00f8jde<\/td><td>Talje<\/td><\/tr><tr><td>S<\/td><td>28.8-36<\/td><td>26.8<\/td><td>25.6-33.6<\/td><\/tr><tr><td>M<\/td><td>30.4-37.6<\/td><td>27.2<\/td><td>27.2-35.2<\/td><\/tr><tr><td>L<\/td><td>32.8-40<\/td><td>27.92<\/td><td>32.8-37.6<\/td><\/tr><tr><td colspan=\"4\">Bem\u00e6rk: 1.Der kan v\u00e6re 1-2 cm afvigelse i forskellige st\u00f8rrelser, placeringer og str\u00e6k af stoffer. St\u00f8rrelsestabellen er kun til reference, der kan v\u00e6re lidt forskel p\u00e5, hvad du f\u00e5r. 2.Der er 3 slags elasticitet: h\u00f8j elasticitet (tosidet strakt), medium elasticitet (ensidig strakt) og ikke-elastisk (kan ikke str\u00e6kkes). 3. Farven kan v\u00e6re lysere eller m\u00f8rkere p\u00e5 grund af den forskellige pc-sk\u00e6rm. 4. Vask den i h\u00e5nden i 30 graders vand, h\u00e6ng den til t\u00f8rre i skygge, forbyd blegning. 5.Der er m\u00e5ske lidt forskel p\u00e5 detaljer og m\u00f8nster.<\/td><\/tr><\/tbody><\/table><\/figure>","protected":false},"excerpt":{"rendered":"<p>Den sexede mesh-gennemsigtige lang\u00e6rmede badysuit er et glamour\u00f8st lingeri. Lavet af h\u00f8jkvalitets fint net og plettet, brystet er lavet af blomsterblonde, brystet er dekoreret med \u00f8jenvipper, og bagsiden er et gennemsigtigt design i \u00e9t stykke.<\/p>","protected":false},"featured_media":29634,"template":"","meta":[],"product_brand":[],"product_cat":[372,370,367,373],"product_tag":[448,516,518,446],"class_list":{"0":"post-29632","1":"product","2":"type-product","3":"status-publish","4":"has-post-thumbnail","6":"product_cat-wholesale-sexy-long-sleeve-bodysuit","7":"product_cat-bodysuit","8":"product_cat-sexy-lingerie","9":"product_cat-wholesale-sexy-mesh-bodysuit","10":"product_tag-wholesale-elegant-sexy-lingerie","11":"product_tag-lace-lingerie","12":"product_tag-mesh-lingerie","13":"product_tag-wholesale-sexy-see-through-lingerie","14":"pa_color-black","15":"pa_color-white","16":"pa_cup-full-cup","17":"pa_size-wholesale-large-size-women-sexy-lingerie","18":"pa_size-wholesale-medium-size-women-sexy-lingerie","19":"pa_size-wholesale-small-size-sexy-lingerie","20":"pa_size-wholesale-extra-large-sexy-lingerie","21":"pa_size-extra-extra-large-sexy-lingerie","23":"first","24":"instock","25":"taxable","26":"shipping-taxable","27":"purchasable","28":"product-type-variable"},"tiered_pricing_type":"fixed","tiered_pricing_fixed_rules":[],"tiered_pricing_product_settings":{"layout":"default","base_unit_name":{"singular":null,"plural":null},"default_variation":null},"tiered_pricing_minimum_quantity":null,"tiered_pricing_roles_data":{"default_wholesaler":{"product_id":29632,"role":"default_wholesaler","pricing_type":"flat","regular_price":null,"sale_price":null,"discount":null,"discount_type":"sale_price","tiered_pricing_type":"fixed","percentage_rules":[],"fixed_rules":{"2":"6.79","30":"5.89","500":"5.09"},"minimum":null},"dropshippinger":{"product_id":29632,"role":"dropshippinger","pricing_type":"flat","regular_price":null,"sale_price":null,"discount":null,"discount_type":"sale_price","tiered_pricing_type":"fixed","percentage_rules":[],"fixed_rules":{"1":"8.19","5":"6.79","20":"5.89"},"minimum":null}},"tiered_pricing_percentage_rules":[],"tiered_pricing_maximum_quantity":null,"tiered_pricing_quantity_step":null,"_links":{"self":[{"href":"https:\/\/gretasexylingerie.com\/da\/wp-json\/wp\/v2\/product\/29632","targetHints":{"allow":["GET"]}}],"collection":[{"href":"https:\/\/gretasexylingerie.com\/da\/wp-json\/wp\/v2\/product"}],"about":[{"href":"https:\/\/gretasexylingerie.com\/da\/wp-json\/wp\/v2\/types\/product"}],"wp:featuredmedia":[{"embeddable":true,"href":"https:\/\/gretasexylingerie.com\/da\/wp-json\/wp\/v2\/media\/29634"}],"wp:attachment":[{"href":"https:\/\/gretasexylingerie.com\/da\/wp-json\/wp\/v2\/media?parent=29632"}],"wp:term":[{"taxonomy":"product_brand","embeddable":true,"href":"https:\/\/gretasexylingerie.com\/da\/wp-json\/wp\/v2\/product_brand?post=29632"},{"taxonomy":"product_cat","embeddable":true,"href":"https:\/\/gretasexylingerie.com\/da\/wp-json\/wp\/v2\/product_cat?post=29632"},{"taxonomy":"product_tag","embeddable":true,"href":"https:\/\/gretasexylingerie.com\/da\/wp-json\/wp\/v2\/product_tag?post=29632"}],"curies":[{"name":"wp","href":"https:\/\/api.w.org\/{rel}","templated":true}]}}