{"id":29580,"date":"2023-01-17T19:19:26","date_gmt":"2023-01-17T11:19:26","guid":{"rendered":"https:\/\/gretasexylingerie.com\/?post_type=product&#038;p=29580"},"modified":"2023-12-09T16:22:31","modified_gmt":"2023-12-09T08:22:31","slug":"pure-desire-girl-bodysuit-med-hul-blonder","status":"publish","type":"product","link":"https:\/\/gretasexylingerie.com\/da\/products\/pure-desire-girl-hollow-lace-bodysuit\/","title":{"rendered":"Pure Desire Girl Bodysuit med hul blonder"},"content":{"rendered":"<p>Funktioner:<\/p>\n\n\n\n<p>1. Lyser\u00f8d blondestof af h\u00f8j kvalitet bruges til at dekorere forsiden af kroppen, og det samme materiale er brugt som dekoration p\u00e5 brystremmen og bagsiden af trusserne.<br>2. H\u00f8jelastiske tynde skulderstropper bruges som dekoration for at forbedre undert\u00f8jets stabilitet og g\u00f8re kroppen mere sexet.<br>3. Justerbare smalle skulderstropper og \u00e5ben rygdesign. Bedre pleje.<\/p>\n\n\n\n<figure class=\"wp-block-table is-style-stripes\"><table><tbody><tr><td colspan=\"4\">Site Chart (CM)<\/td><\/tr><tr><td>St\u00f8rrelse<\/td><td>Under Bust<\/td><td>Top L\u00e6ngde<\/td><td>Talje<\/td><\/tr><tr><td>S<\/td><td>68-86<\/td><td>59<\/td><td>62-94<\/td><\/tr><tr><td>M<\/td><td>72-90<\/td><td>61<\/td><td>66-98<\/td><\/tr><tr><td>L<\/td><td>76-94<\/td><td>63<\/td><td>70-102<\/td><\/tr><tr><td colspan=\"4\">Sitediagram (INCH)<\/td><\/tr><tr><td>St\u00f8rrelse<\/td><td>Under Bust<\/td><td>Koph\u00f8jde<\/td><td>Talje<\/td><\/tr><tr><td>S<\/td><td>27.2-34.4<\/td><td>23.6<\/td><td>24.8-37.6<\/td><\/tr><tr><td>M<\/td><td>28.8-36<\/td><td>24.4<\/td><td>28-39.2<\/td><\/tr><tr><td>L<\/td><td>30.4-37.6<\/td><td>25.2<\/td><td>32.8-40.8<\/td><\/tr><tr><td colspan=\"4\">Bem\u00e6rk: 1.Der kan v\u00e6re 1-2 cm afvigelse i forskellige st\u00f8rrelser, placeringer og str\u00e6k af stoffer. St\u00f8rrelsestabellen er kun til reference, der kan v\u00e6re lidt forskel p\u00e5, hvad du f\u00e5r. 2.Der er 3 slags elasticitet: h\u00f8j elasticitet (tosidet strakt), medium elasticitet (ensidig strakt) og ikke-elastisk (kan ikke str\u00e6kkes). 3. Farven kan v\u00e6re lysere eller m\u00f8rkere p\u00e5 grund af den forskellige pc-sk\u00e6rm. 4. Vask den i h\u00e5nden i 30 graders vand, h\u00e6ng den til t\u00f8rre i skygge, forbyd blegning. 5.Der er m\u00e5ske lidt forskel p\u00e5 detaljer og m\u00f8nster.<\/td><\/tr><\/tbody><\/table><\/figure>","protected":false},"excerpt":{"rendered":"<p>Pure Desire Girl Jumpsuit med hul blonder g\u00f8r hver aften sjov. Lavet af h\u00f8jkvalitets gennemsigtig lyser\u00f8d blonde, skulderstropperne er dekoreret med samme blonder, de h\u00f8jstr\u00e6kbare flettede stropper bruges til st\u00f8tte, det \u00e5bne rygdesign, og trussens bagside er dekoreret med sm\u00e5 stykker blonder til at dekorere Det hemmelige sted.<\/p>","protected":false},"featured_media":29586,"template":"","meta":[],"product_brand":[],"product_cat":[371,370,367],"product_tag":[452,516,973,446,447,504],"class_list":{"0":"post-29580","1":"product","2":"type-product","3":"status-publish","4":"has-post-thumbnail","6":"product_cat-wholesale-sexy-lace-bodysuit","7":"product_cat-bodysuit","8":"product_cat-sexy-lingerie","9":"product_tag-wholesale-boudoir-lingerie","10":"product_tag-lace-lingerie","11":"product_tag-oem","12":"product_tag-wholesale-sexy-see-through-lingerie","13":"product_tag-wholesale-strappy-sexy-lingerie","14":"product_tag-ultra-sexy","15":"pa_color-pink-women-sexy-lingerie","16":"pa_cup-full-cup","17":"pa_size-wholesale-large-size-women-sexy-lingerie","18":"pa_size-wholesale-medium-size-women-sexy-lingerie","19":"pa_size-wholesale-small-size-sexy-lingerie","21":"first","22":"outofstock","23":"taxable","24":"shipping-taxable","25":"purchasable","26":"product-type-variable"},"tiered_pricing_type":"fixed","tiered_pricing_fixed_rules":[],"tiered_pricing_product_settings":{"layout":"default","base_unit_name":{"singular":null,"plural":null},"default_variation":{}},"tiered_pricing_minimum_quantity":null,"tiered_pricing_roles_data":{"default_wholesaler":{"product_id":29580,"role":"default_wholesaler","pricing_type":"flat","regular_price":null,"sale_price":null,"discount":null,"discount_type":"sale_price","tiered_pricing_type":"fixed","percentage_rules":[],"fixed_rules":{"2":"6.79","30":"5.89","500":"5.09"},"minimum":200},"dropshippinger":{"product_id":29580,"role":"dropshippinger","pricing_type":"flat","regular_price":null,"sale_price":null,"discount":null,"discount_type":"sale_price","tiered_pricing_type":"fixed","percentage_rules":[],"fixed_rules":{"1":"8.19","5":"6.79","30":"5.89"},"minimum":200}},"tiered_pricing_percentage_rules":[],"tiered_pricing_maximum_quantity":null,"tiered_pricing_quantity_step":null,"_links":{"self":[{"href":"https:\/\/gretasexylingerie.com\/da\/wp-json\/wp\/v2\/product\/29580","targetHints":{"allow":["GET"]}}],"collection":[{"href":"https:\/\/gretasexylingerie.com\/da\/wp-json\/wp\/v2\/product"}],"about":[{"href":"https:\/\/gretasexylingerie.com\/da\/wp-json\/wp\/v2\/types\/product"}],"wp:featuredmedia":[{"embeddable":true,"href":"https:\/\/gretasexylingerie.com\/da\/wp-json\/wp\/v2\/media\/29586"}],"wp:attachment":[{"href":"https:\/\/gretasexylingerie.com\/da\/wp-json\/wp\/v2\/media?parent=29580"}],"wp:term":[{"taxonomy":"product_brand","embeddable":true,"href":"https:\/\/gretasexylingerie.com\/da\/wp-json\/wp\/v2\/product_brand?post=29580"},{"taxonomy":"product_cat","embeddable":true,"href":"https:\/\/gretasexylingerie.com\/da\/wp-json\/wp\/v2\/product_cat?post=29580"},{"taxonomy":"product_tag","embeddable":true,"href":"https:\/\/gretasexylingerie.com\/da\/wp-json\/wp\/v2\/product_tag?post=29580"}],"curies":[{"name":"wp","href":"https:\/\/api.w.org\/{rel}","templated":true}]}}