{"id":29542,"date":"2023-01-17T18:19:33","date_gmt":"2023-01-17T10:19:33","guid":{"rendered":"https:\/\/gretasexylingerie.com\/?post_type=product&#038;p=29542"},"modified":"2023-09-05T20:49:38","modified_gmt":"2023-09-05T12:49:38","slug":"ojenvippe-blonder-dyb-v-bodysuit","status":"publish","type":"product","link":"https:\/\/gretasexylingerie.com\/da\/products\/eyelash-lace-deep-v-bodysuit\/","title":{"rendered":"Eyelash Lace Deep V Bodysuit"},"content":{"rendered":"<p>Funktioner:<\/p>\n\n\n\n<p>1. Brug transparente blonder af h\u00f8j kvalitet, og brug sorte linjer som dekoration til at fremh\u00e6ve figuren.<br>2. Bagsiden bruger et krydsdesign, bred skulderremsdesign, komfortabel og sexet.<br>3. Justerbart taljedesign, ved hj\u00e6lp af h\u00f8jelastisk smalt net.<\/p>\n\n\n\n<figure class=\"wp-block-table is-style-stripes\"><table><tbody><tr><td colspan=\"4\">Site Chart (CM)<\/td><\/tr><tr><td>St\u00f8rrelse<\/td><td>Under Bust<\/td><td>Top L\u00e6ngde<\/td><td>Talje<\/td><\/tr><tr><td>S<\/td><td>64-74<\/td><td>72<\/td><td>70-80<\/td><\/tr><tr><td>M<\/td><td>68-78<\/td><td>73<\/td><td>74-84<\/td><\/tr><tr><td>L<\/td><td>72-82<\/td><td>74<\/td><td>78-88<\/td><\/tr><tr><td>XL<\/td><td>76-86<\/td><td>75<\/td><td>82-92<\/td><\/tr><tr><td colspan=\"4\">Sitediagram (INCH)<\/td><\/tr><tr><td>St\u00f8rrelse<\/td><td>Under Bust<\/td><td>Koph\u00f8jde<\/td><td>Talje<\/td><\/tr><tr><td>S<\/td><td>64-74<\/td><td>28.8<\/td><td>28-32<\/td><\/tr><tr><td>M<\/td><td>68-78<\/td><td>29.2<\/td><td>29.6-33.6<\/td><\/tr><tr><td>L<\/td><td>72-82<\/td><td>29.6<\/td><td>31.2-35.2<\/td><\/tr><tr><td>XL<\/td><td>76-86<\/td><td>30<\/td><td>32.8-36.8<\/td><\/tr><tr><td colspan=\"4\">Bem\u00e6rk: 1.Der kan v\u00e6re 1-2 cm afvigelse i forskellige st\u00f8rrelser, placeringer og str\u00e6k af stoffer. St\u00f8rrelsestabellen er kun til reference, der kan v\u00e6re lidt forskel p\u00e5, hvad du f\u00e5r. 2.Der er 3 slags elasticitet: h\u00f8j elasticitet (tosidet strakt), medium elasticitet (ensidig strakt) og ikke-elastisk (kan ikke str\u00e6kkes). 3. Farven kan v\u00e6re lysere eller m\u00f8rkere p\u00e5 grund af den forskellige pc-sk\u00e6rm. 4. Vask den i h\u00e5nden i 30 graders vand, h\u00e6ng den til t\u00f8rre i skygge, forbyd blegning. 5.Der er m\u00e5ske lidt forskel p\u00e5 detaljer og m\u00f8nster.<\/td><\/tr><\/tbody><\/table><\/figure>","protected":false},"excerpt":{"rendered":"<p>Smukt udformet \u00f8jenvippeblonde dyb V-bodysuit til at udstr\u00e5le din glamour. Lavet af gennemsigtige blonder af h\u00f8j kvalitet, dekoreret med \u00f8jenvipper, sorte striber, der viser din yndefulde figur, justerbar linning, dybt V-design, kryds-rygdesign.<\/p>","protected":false},"featured_media":29549,"template":"","meta":[],"product_brand":[],"product_cat":[371,370,367],"product_tag":[521,448,522,516,451,446],"class_list":{"0":"post-29542","1":"product","2":"type-product","3":"status-publish","4":"has-post-thumbnail","6":"product_cat-wholesale-sexy-lace-bodysuit","7":"product_cat-bodysuit","8":"product_cat-sexy-lingerie","9":"product_tag-deep-v-lingerie","10":"product_tag-wholesale-elegant-sexy-lingerie","11":"product_tag-eyelash-lingerie","12":"product_tag-lace-lingerie","13":"product_tag-wholesale-revealing-lingerie","14":"product_tag-wholesale-sexy-see-through-lingerie","15":"pa_color-black","16":"pa_cup-full-cup","17":"pa_size-wholesale-large-size-women-sexy-lingerie","18":"pa_size-wholesale-medium-size-women-sexy-lingerie","19":"pa_size-wholesale-small-size-sexy-lingerie","20":"pa_size-wholesale-extra-large-sexy-lingerie","22":"first","23":"instock","24":"taxable","25":"shipping-taxable","26":"purchasable","27":"product-type-variable"},"tiered_pricing_type":"fixed","tiered_pricing_fixed_rules":[],"tiered_pricing_product_settings":{"layout":"default","base_unit_name":{"singular":null,"plural":null},"default_variation":null},"tiered_pricing_minimum_quantity":null,"tiered_pricing_roles_data":{"default_wholesaler":{"product_id":29542,"role":"default_wholesaler","pricing_type":"flat","regular_price":null,"sale_price":null,"discount":null,"discount_type":"sale_price","tiered_pricing_type":"fixed","percentage_rules":[],"fixed_rules":{"2":"7.59","30":"6.49","500":"5.69"},"minimum":null},"dropshippinger":{"product_id":29542,"role":"dropshippinger","pricing_type":"flat","regular_price":null,"sale_price":null,"discount":null,"discount_type":"sale_price","tiered_pricing_type":"fixed","percentage_rules":[],"fixed_rules":{"1":"9.09","5":"7.59","20":"6.49"},"minimum":null}},"tiered_pricing_percentage_rules":[],"tiered_pricing_maximum_quantity":null,"tiered_pricing_quantity_step":null,"_links":{"self":[{"href":"https:\/\/gretasexylingerie.com\/da\/wp-json\/wp\/v2\/product\/29542","targetHints":{"allow":["GET"]}}],"collection":[{"href":"https:\/\/gretasexylingerie.com\/da\/wp-json\/wp\/v2\/product"}],"about":[{"href":"https:\/\/gretasexylingerie.com\/da\/wp-json\/wp\/v2\/types\/product"}],"wp:featuredmedia":[{"embeddable":true,"href":"https:\/\/gretasexylingerie.com\/da\/wp-json\/wp\/v2\/media\/29549"}],"wp:attachment":[{"href":"https:\/\/gretasexylingerie.com\/da\/wp-json\/wp\/v2\/media?parent=29542"}],"wp:term":[{"taxonomy":"product_brand","embeddable":true,"href":"https:\/\/gretasexylingerie.com\/da\/wp-json\/wp\/v2\/product_brand?post=29542"},{"taxonomy":"product_cat","embeddable":true,"href":"https:\/\/gretasexylingerie.com\/da\/wp-json\/wp\/v2\/product_cat?post=29542"},{"taxonomy":"product_tag","embeddable":true,"href":"https:\/\/gretasexylingerie.com\/da\/wp-json\/wp\/v2\/product_tag?post=29542"}],"curies":[{"name":"wp","href":"https:\/\/api.w.org\/{rel}","templated":true}]}}