{"id":29505,"date":"2023-01-17T16:28:22","date_gmt":"2023-01-17T08:28:22","guid":{"rendered":"https:\/\/gretasexylingerie.com\/?post_type=product&#038;p=29505"},"modified":"2023-12-09T16:17:26","modified_gmt":"2023-12-09T08:17:26","slug":"sort-bodysuit-i-mesh-med-stropper","status":"publish","type":"product","link":"https:\/\/gretasexylingerie.com\/da\/products\/black-strappy-mesh-bodysuit\/","title":{"rendered":"engros Black Strappy Mesh Bodysuit"},"content":{"rendered":"<p>Funktion:<\/p>\n\n\n\n<ol class=\"wp-block-list\">\n<li>Sort bl\u00f8dt mesh-stof \u00f8ger \u00e5ndbarheden og sexiness.<\/li>\n\n\n\n<li>Det justerbare b\u00e6lte kan justeres frit efter din kropstype.<\/li>\n\n\n\n<li>Bredt webbing design, slip din sk\u00f8nhed.<\/li>\n<\/ol>\n\n\n\n<figure class=\"wp-block-table is-style-stripes\"><table><tbody><tr><td colspan=\"4\">Site Chart (CM)<\/td><\/tr><tr><td>St\u00f8rrelse<\/td><td>Under Bust<\/td><td>Koph\u00f8jde<\/td><td>Talje<\/td><\/tr><tr><td>S<\/td><td>64-74<\/td><td>14<\/td><td>62-72<\/td><\/tr><tr><td>M<\/td><td>68-78<\/td><td>15<\/td><td>66-76<\/td><\/tr><tr><td>L<\/td><td>72-82<\/td><td>16<\/td><td>70-80<\/td><\/tr><tr><td>XL<\/td><td>76-86<\/td><td>17<\/td><td>74-84<\/td><\/tr><tr><td colspan=\"4\">Sitediagram (INCH)<\/td><\/tr><tr><td>St\u00f8rrelse<\/td><td>Under Bust<\/td><td>Koph\u00f8jde<\/td><td>Talje<\/td><\/tr><tr><td>S<\/td><td>64-74<\/td><td>5.6<\/td><td>24.8-28.8<\/td><\/tr><tr><td>M<\/td><td>68-78<\/td><td>6<\/td><td>26.4-30.4<\/td><\/tr><tr><td>L<\/td><td>72-82<\/td><td>6.4<\/td><td>28-32<\/td><\/tr><tr><td>XL<\/td><td>76-86<\/td><td>6.8<\/td><td>29.6-33.6<\/td><\/tr><tr><td colspan=\"4\">Bem\u00e6rk: 1.Der kan v\u00e6re 1-2 cm afvigelse i forskellige st\u00f8rrelser, placeringer og str\u00e6k af stoffer. St\u00f8rrelsestabellen er kun til reference, der kan v\u00e6re lidt forskel p\u00e5, hvad du f\u00e5r. 2.Der er 3 slags elasticitet: h\u00f8j elasticitet (tosidet strakt), medium elasticitet (ensidig strakt) og ikke-elastisk (kan ikke str\u00e6kkes). 3. Farven kan v\u00e6re lysere eller m\u00f8rkere p\u00e5 grund af den forskellige pc-sk\u00e6rm. 4. Vask den i h\u00e5nden i 30 graders vand, h\u00e6ng den til t\u00f8rre i skygge, forbyd blegning. 5.Der er m\u00e5ske lidt forskel p\u00e5 detaljer og m\u00f8nster.<\/td><\/tr><\/tbody><\/table><\/figure>","protected":false},"excerpt":{"rendered":"<p>S\u00e5dan en sexet sort Strappy Mesh-bodysuit! Det er et godt valg for dig at tage p\u00e5 date. Brug Wide Webbing som dekoration for bedre at afspejle din kropsform. Justerbart taljeb\u00e6lte, der giver dig mulighed for at tilpasse det til din situation. Det gennemsigtige bl\u00f8de mesh tilf\u00f8jer et lag af mystik til dig. Kom og g\u00e5 p\u00e5 opdagelse med dine k\u00e6re!<\/p>","protected":false},"featured_media":29515,"template":"","meta":[],"product_brand":[],"product_cat":[373,370,367],"product_tag":[452,448,518,973,451,446,504],"class_list":{"0":"post-29505","1":"product","2":"type-product","3":"status-publish","4":"has-post-thumbnail","6":"product_cat-wholesale-sexy-mesh-bodysuit","7":"product_cat-bodysuit","8":"product_cat-sexy-lingerie","9":"product_tag-wholesale-boudoir-lingerie","10":"product_tag-wholesale-elegant-sexy-lingerie","11":"product_tag-mesh-lingerie","12":"product_tag-oem","13":"product_tag-wholesale-revealing-lingerie","14":"product_tag-wholesale-sexy-see-through-lingerie","15":"product_tag-ultra-sexy","16":"pa_color-black","17":"pa_cup-wholesale-half-cup-women-sexy-lingerie","18":"pa_size-wholesale-large-size-women-sexy-lingerie","19":"pa_size-wholesale-medium-size-women-sexy-lingerie","20":"pa_size-wholesale-small-size-sexy-lingerie","21":"pa_size-wholesale-extra-large-sexy-lingerie","23":"first","24":"outofstock","25":"taxable","26":"shipping-taxable","27":"purchasable","28":"product-type-variable"},"tiered_pricing_type":"fixed","tiered_pricing_fixed_rules":[],"tiered_pricing_product_settings":{"layout":"default","base_unit_name":{"singular":null,"plural":null},"default_variation":{}},"tiered_pricing_minimum_quantity":null,"tiered_pricing_roles_data":{"default_wholesaler":{"product_id":29505,"role":"default_wholesaler","pricing_type":"flat","regular_price":null,"sale_price":null,"discount":null,"discount_type":"sale_price","tiered_pricing_type":"fixed","percentage_rules":[],"fixed_rules":{"2":"7.59","30":"6.49","500":"5.69"},"minimum":null},"dropshippinger":{"product_id":29505,"role":"dropshippinger","pricing_type":"flat","regular_price":null,"sale_price":null,"discount":null,"discount_type":"sale_price","tiered_pricing_type":"fixed","percentage_rules":[],"fixed_rules":{"1":"9.09","5":"7.59","20":"6.49"},"minimum":null}},"tiered_pricing_percentage_rules":[],"tiered_pricing_maximum_quantity":null,"tiered_pricing_quantity_step":null,"_links":{"self":[{"href":"https:\/\/gretasexylingerie.com\/da\/wp-json\/wp\/v2\/product\/29505","targetHints":{"allow":["GET"]}}],"collection":[{"href":"https:\/\/gretasexylingerie.com\/da\/wp-json\/wp\/v2\/product"}],"about":[{"href":"https:\/\/gretasexylingerie.com\/da\/wp-json\/wp\/v2\/types\/product"}],"wp:featuredmedia":[{"embeddable":true,"href":"https:\/\/gretasexylingerie.com\/da\/wp-json\/wp\/v2\/media\/29515"}],"wp:attachment":[{"href":"https:\/\/gretasexylingerie.com\/da\/wp-json\/wp\/v2\/media?parent=29505"}],"wp:term":[{"taxonomy":"product_brand","embeddable":true,"href":"https:\/\/gretasexylingerie.com\/da\/wp-json\/wp\/v2\/product_brand?post=29505"},{"taxonomy":"product_cat","embeddable":true,"href":"https:\/\/gretasexylingerie.com\/da\/wp-json\/wp\/v2\/product_cat?post=29505"},{"taxonomy":"product_tag","embeddable":true,"href":"https:\/\/gretasexylingerie.com\/da\/wp-json\/wp\/v2\/product_tag?post=29505"}],"curies":[{"name":"wp","href":"https:\/\/api.w.org\/{rel}","templated":true}]}}