{"id":29401,"date":"2023-01-13T16:48:36","date_gmt":"2023-01-13T08:48:36","guid":{"rendered":"https:\/\/gretasexylingerie.com\/?post_type=product&#038;p=29401"},"modified":"2023-09-05T20:49:34","modified_gmt":"2023-09-05T12:49:34","slug":"havfrue-bla-bryst-abent-skridt-bh-saet","status":"publish","type":"product","link":"https:\/\/gretasexylingerie.com\/da\/products\/mermaid-blue-breasts-open-crotch-bra-set\/","title":{"rendered":"Havfrue Blue Breasts Cupness BH-s\u00e6t"},"content":{"rendered":"<p>Funktioner:<\/p>\n\n\n\n<p>1. H\u00f8jelastisk smalv\u00e6vet b\u00e6ltedesign, krydsdesign kan bedre passe til kroppen.<br>2. Brystet og trusserne er lavet af bl\u00f8dt mesh og broderet med s\u00f8de sm\u00e5 blomster.<br>3. I-formede justerbare skulderstropper, aftageligt bryst, G-strengs trussedesign, meget sexet.<\/p>\n\n\n\n<figure class=\"wp-block-table is-style-stripes\"><table><tbody><tr><td colspan=\"4\">Site Chart (CM)<\/td><\/tr><tr><td>St\u00f8rrelse<\/td><td>Under Bust<\/td><td>Koph\u00f8jde<\/td><td>Talje<\/td><\/tr><tr><td>S<\/td><td>60-71<\/td><td><\/td><td>62-80<\/td><\/tr><tr><td>M<\/td><td>65-75<\/td><td><\/td><td>66-84<\/td><\/tr><tr><td>L<\/td><td>70-80<\/td><td><\/td><td>70-90<\/td><\/tr><tr><td>XL<\/td><td>73-85<\/td><td><\/td><td>74-94<\/td><\/tr><tr><td colspan=\"4\">Sitediagram (INCH)<\/td><\/tr><tr><td>St\u00f8rrelse<\/td><td>Under Bust<\/td><td>Koph\u00f8jde<\/td><td>Talje<\/td><\/tr><tr><td>S<\/td><td>24-28<\/td><td>0<\/td><td>24.8-32<\/td><\/tr><tr><td>M<\/td><td>26-30<\/td><td>0<\/td><td>26.4-33.6<\/td><\/tr><tr><td>L<\/td><td>27.6-31.6<\/td><td>0<\/td><td>28-36<\/td><\/tr><tr><td>XL<\/td><td>29.2-33.2<\/td><td>0<\/td><td>29.6-37.6<\/td><\/tr><tr><td colspan=\"4\">Bem\u00e6rk: 1.Der kan v\u00e6re 1-2 cm afvigelse i forskellige st\u00f8rrelser, placeringer og str\u00e6k af stoffer. St\u00f8rrelsestabellen er kun til reference, der kan v\u00e6re lidt forskel p\u00e5, hvad du f\u00e5r. 2.Der er 3 slags elasticitet: h\u00f8j elasticitet (tosidet strakt), medium elasticitet (ensidig strakt) og ikke-elastisk (kan ikke str\u00e6kkes). 3. Farven kan v\u00e6re lysere eller m\u00f8rkere p\u00e5 grund af den forskellige pc-sk\u00e6rm. 4. Vask den i h\u00e5nden i 30 graders vand, h\u00e6ng den til t\u00f8rre i skygge, forbyd blegning. 5.Der er m\u00e5ske lidt forskel p\u00e5 detaljer og m\u00f8nster.<\/td><\/tr><\/tbody><\/table><\/figure>","protected":false},"excerpt":{"rendered":"<p>Lad Mermaid Blue Breasts \u00e5bne skridt-bh-s\u00e6t ledsage dig gennem natten. H\u00f8jkvalitets smalle v\u00e6vede stropper, krydsdesign, klar gaze omkring trusser og bh&#039;er med smukt broderi, \u00e5ben sk\u00e5l og \u00e5bent skridt.<\/p>","protected":false},"featured_media":29402,"template":"","meta":[],"product_brand":[],"product_cat":[376,368,380,377,367],"product_tag":[452,451,446,509,504],"class_list":{"0":"post-29401","1":"product","2":"type-product","3":"status-publish","4":"has-post-thumbnail","6":"product_cat-wholesale-ultra-sexy-bra-panty-set","7":"product_cat-bra-panty-set","8":"product_cat-wholesale-harness-bra-and-panty-set","9":"product_cat-harness-lingerie","10":"product_cat-sexy-lingerie","11":"product_tag-wholesale-boudoir-lingerie","12":"product_tag-wholesale-revealing-lingerie","13":"product_tag-wholesale-sexy-see-through-lingerie","14":"product_tag-two-pcs-set","15":"product_tag-ultra-sexy","16":"pa_color-blue-women-sexy-lingerie","17":"pa_cup-wholesale-cupness-women-sexy-lingerie","18":"pa_size-wholesale-large-size-women-sexy-lingerie","19":"pa_size-wholesale-medium-size-women-sexy-lingerie","20":"pa_size-wholesale-small-size-sexy-lingerie","21":"pa_size-wholesale-extra-large-sexy-lingerie","23":"first","24":"instock","25":"taxable","26":"shipping-taxable","27":"purchasable","28":"product-type-variable"},"tiered_pricing_type":"fixed","tiered_pricing_fixed_rules":[],"tiered_pricing_product_settings":{"layout":"default","base_unit_name":{"singular":null,"plural":null},"default_variation":null},"tiered_pricing_minimum_quantity":null,"tiered_pricing_roles_data":{"default_wholesaler":{"product_id":29401,"role":"default_wholesaler","pricing_type":"flat","regular_price":null,"sale_price":null,"discount":null,"discount_type":"sale_price","tiered_pricing_type":"fixed","percentage_rules":[],"fixed_rules":{"2":"9.99","30":"8.49","500":"7.49"},"minimum":null},"dropshippinger":{"product_id":29401,"role":"dropshippinger","pricing_type":"flat","regular_price":null,"sale_price":null,"discount":null,"discount_type":"sale_price","tiered_pricing_type":"fixed","percentage_rules":[],"fixed_rules":{"1":"11.89","5":"9.99","20":"8.49"},"minimum":null}},"tiered_pricing_percentage_rules":[],"tiered_pricing_maximum_quantity":null,"tiered_pricing_quantity_step":null,"_links":{"self":[{"href":"https:\/\/gretasexylingerie.com\/da\/wp-json\/wp\/v2\/product\/29401","targetHints":{"allow":["GET"]}}],"collection":[{"href":"https:\/\/gretasexylingerie.com\/da\/wp-json\/wp\/v2\/product"}],"about":[{"href":"https:\/\/gretasexylingerie.com\/da\/wp-json\/wp\/v2\/types\/product"}],"wp:featuredmedia":[{"embeddable":true,"href":"https:\/\/gretasexylingerie.com\/da\/wp-json\/wp\/v2\/media\/29402"}],"wp:attachment":[{"href":"https:\/\/gretasexylingerie.com\/da\/wp-json\/wp\/v2\/media?parent=29401"}],"wp:term":[{"taxonomy":"product_brand","embeddable":true,"href":"https:\/\/gretasexylingerie.com\/da\/wp-json\/wp\/v2\/product_brand?post=29401"},{"taxonomy":"product_cat","embeddable":true,"href":"https:\/\/gretasexylingerie.com\/da\/wp-json\/wp\/v2\/product_cat?post=29401"},{"taxonomy":"product_tag","embeddable":true,"href":"https:\/\/gretasexylingerie.com\/da\/wp-json\/wp\/v2\/product_tag?post=29401"}],"curies":[{"name":"wp","href":"https:\/\/api.w.org\/{rel}","templated":true}]}}