{"id":29341,"date":"2023-01-13T15:21:44","date_gmt":"2023-01-13T07:21:44","guid":{"rendered":"https:\/\/gretasexylingerie.com\/?post_type=product&#038;p=29341"},"modified":"2023-09-05T20:49:32","modified_gmt":"2023-09-05T12:49:32","slug":"engros-titelside-sep-sitename","status":"publish","type":"product","link":"https:\/\/gretasexylingerie.com\/da\/products\/wholesale-title-page-sep-sitename\/","title":{"rendered":"Blonderremssyning Heavy Craft BH-s\u00e6t"},"content":{"rendered":"<p>Funktioner:<\/p>\n\n\n\n<p>1. Brug sort blomsterblonde af h\u00f8j kvalitet til at dekorere brystet og som trusse.<br>2. Brug Lime smalle flettede stropper som str\u00f8mpeb\u00e5nd, Halternecks skulderrem og benl\u00f8kker. Blandt dem har benringen, grimen og str\u00f8mpeb\u00e5ndet 3 lag.<br>3. Det st\u00e6rke kontrastfarvedesign giver folk en f\u00f8lelse af visuel p\u00e5virkning.<\/p>\n\n\n\n<p><\/p>\n\n\n\n<figure class=\"wp-block-table is-style-stripes\"><table><tbody><tr><td colspan=\"4\">Site Chart (CM)<\/td><\/tr><tr><td>St\u00f8rrelse<\/td><td>Under Bust<\/td><td>Koph\u00f8jde<\/td><td>Talje<\/td><\/tr><tr><td>S<\/td><td>64-74<\/td><td>15<\/td><td>66-67<\/td><\/tr><tr><td>M<\/td><td>68-78<\/td><td>16<\/td><td>70-80<\/td><\/tr><tr><td>L<\/td><td>72-82<\/td><td>17<\/td><td>75-84<\/td><\/tr><tr><td>XL<\/td><td>76-86<\/td><td>18<\/td><td>78-88<\/td><\/tr><tr><td colspan=\"4\">Sitediagram (INCH)<\/td><\/tr><tr><td>St\u00f8rrelse<\/td><td>Under Bust<\/td><td>Koph\u00f8jde<\/td><td>Talje<\/td><\/tr><tr><td>S<\/td><td>25.6-29.9<\/td><td>6<\/td><td>26.4-30.4<\/td><\/tr><tr><td>M<\/td><td>27.2-31.2<\/td><td>6.4<\/td><td>28-32<\/td><\/tr><tr><td>L<\/td><td>28.8-32.8<\/td><td>6.8<\/td><td>29.6-33.7<\/td><\/tr><tr><td>XL<\/td><td>30.4-34.4<\/td><td>7.2<\/td><td>31.2-35.2<\/td><\/tr><tr><td colspan=\"4\">Bem\u00e6rk: 1.Der kan v\u00e6re 1-2 cm afvigelse i forskellige st\u00f8rrelser, placeringer og str\u00e6k af stoffer. St\u00f8rrelsestabellen er kun til reference, der kan v\u00e6re lidt forskel p\u00e5, hvad du f\u00e5r. 2.Der er 3 slags elasticitet: h\u00f8j elasticitet (tosidet strakt), medium elasticitet (ensidig strakt) og ikke-elastisk (kan ikke str\u00e6kkes). 3. Farven kan v\u00e6re lysere eller m\u00f8rkere p\u00e5 grund af den forskellige pc-sk\u00e6rm. 4. Vask den i h\u00e5nden i 30 graders vand, h\u00e6ng den til t\u00f8rre i skygge, forbyd blegning. 5.Der er m\u00e5ske lidt forskel p\u00e5 detaljer og m\u00f8nster.<\/td><\/tr><\/tbody><\/table><\/figure>","protected":false},"excerpt":{"rendered":"<p>B\u00e6r det kontrasterende Heavy Craft BH-s\u00e6t med blonderems\u00f8m, og f\u00e5 ham til at stirre p\u00e5 dig. Med sorte blomsterblonde, vipper p\u00e5 brystet, brug af Lime&#039;s smalle flettede stropper til Halterneck, str\u00f8mpeb\u00e5nd, benl\u00f8kker, justerbare spaghettistropper.<\/p>","protected":false},"featured_media":29345,"template":"","meta":[],"product_brand":[],"product_cat":[376,368,374,369,367],"product_tag":[507,452,448,451,446,447,504],"class_list":{"0":"post-29341","1":"product","2":"type-product","3":"status-publish","4":"has-post-thumbnail","6":"product_cat-wholesale-ultra-sexy-bra-panty-set","7":"product_cat-bra-panty-set","8":"product_cat-wholesale-garter-belt-set","9":"product_cat-wholesale-lace-bra-and-panty-sets","10":"product_cat-sexy-lingerie","11":"product_tag-three-pcs-set","12":"product_tag-wholesale-boudoir-lingerie","13":"product_tag-wholesale-elegant-sexy-lingerie","14":"product_tag-wholesale-revealing-lingerie","15":"product_tag-wholesale-sexy-see-through-lingerie","16":"product_tag-wholesale-strappy-sexy-lingerie","17":"product_tag-ultra-sexy","18":"pa_color-black","19":"pa_cup-full-cup","20":"pa_size-wholesale-large-size-women-sexy-lingerie","21":"pa_size-wholesale-medium-size-women-sexy-lingerie","22":"pa_size-wholesale-small-size-sexy-lingerie","23":"pa_size-wholesale-extra-large-sexy-lingerie","25":"first","26":"instock","27":"taxable","28":"shipping-taxable","29":"purchasable","30":"product-type-variable"},"tiered_pricing_type":"fixed","tiered_pricing_fixed_rules":[],"tiered_pricing_product_settings":{"layout":"default","base_unit_name":{"singular":null,"plural":null},"default_variation":null},"tiered_pricing_minimum_quantity":null,"tiered_pricing_roles_data":{"default_wholesaler":{"product_id":29341,"role":"default_wholesaler","pricing_type":"flat","regular_price":null,"sale_price":null,"discount":null,"discount_type":"sale_price","tiered_pricing_type":"fixed","percentage_rules":[],"fixed_rules":{"2":"10.19","30":"8.79","500":"7.69"},"minimum":null},"dropshippinger":{"product_id":29341,"role":"dropshippinger","pricing_type":"flat","regular_price":null,"sale_price":null,"discount":null,"discount_type":"sale_price","tiered_pricing_type":"fixed","percentage_rules":[],"fixed_rules":{"1":"12.19","5":"10.19","20":"8.79"},"minimum":null}},"tiered_pricing_percentage_rules":[],"tiered_pricing_maximum_quantity":null,"tiered_pricing_quantity_step":null,"_links":{"self":[{"href":"https:\/\/gretasexylingerie.com\/da\/wp-json\/wp\/v2\/product\/29341","targetHints":{"allow":["GET"]}}],"collection":[{"href":"https:\/\/gretasexylingerie.com\/da\/wp-json\/wp\/v2\/product"}],"about":[{"href":"https:\/\/gretasexylingerie.com\/da\/wp-json\/wp\/v2\/types\/product"}],"wp:featuredmedia":[{"embeddable":true,"href":"https:\/\/gretasexylingerie.com\/da\/wp-json\/wp\/v2\/media\/29345"}],"wp:attachment":[{"href":"https:\/\/gretasexylingerie.com\/da\/wp-json\/wp\/v2\/media?parent=29341"}],"wp:term":[{"taxonomy":"product_brand","embeddable":true,"href":"https:\/\/gretasexylingerie.com\/da\/wp-json\/wp\/v2\/product_brand?post=29341"},{"taxonomy":"product_cat","embeddable":true,"href":"https:\/\/gretasexylingerie.com\/da\/wp-json\/wp\/v2\/product_cat?post=29341"},{"taxonomy":"product_tag","embeddable":true,"href":"https:\/\/gretasexylingerie.com\/da\/wp-json\/wp\/v2\/product_tag?post=29341"}],"curies":[{"name":"wp","href":"https:\/\/api.w.org\/{rel}","templated":true}]}}