{"id":29242,"date":"2023-01-12T14:47:27","date_gmt":"2023-01-12T06:47:27","guid":{"rendered":"https:\/\/gretasexylingerie.com\/?post_type=product&#038;p=29242"},"modified":"2024-04-03T12:08:23","modified_gmt":"2024-04-03T04:08:23","slug":"grime-blonde-bh-sexet-lingeri-saet","status":"publish","type":"product","link":"https:\/\/gretasexylingerie.com\/da\/products\/halter-lace-bra-sexy-lingerie-set\/","title":{"rendered":"Halter blonde bh sexet lingeri s\u00e6t"},"content":{"rendered":"<p><\/p>\n\n\n\n<ul class=\"wp-block-list\">\n<li>Blonder af h\u00f8j kvalitet, gennemsigtig og behagelig. Et smukt m\u00f8nster er tegnet ved hj\u00e6lp af tynde sorte linjer.<\/li>\n\n\n\n<li>H\u00e6ngende halsdesign, brug af justerbart tyndt v\u00e6vet b\u00e6lte og brug af blonder som dekoration. H\u00e6ngende nakke skulderrem design, nemmere at bruge og ikke let at falde af.<\/li>\n\n\n\n<li>\u00c5ben stil undert\u00f8jsdesign, ekstremt sexet. De vigtige dele er dekoreret med hvide blonder, og 4 par tynde v\u00e6vede b\u00e6lter bruges som b\u00e6ltet, hvilket er meget sexet.<\/li>\n<\/ul>\n\n\n\n<figure class=\"wp-block-table is-style-stripes\"><table><tbody><tr><td colspan=\"4\">Site Chart (CM)<\/td><\/tr><tr><td>St\u00f8rrelse<\/td><td>Under Bust<\/td><td>Koph\u00f8jde<\/td><td>Talje<\/td><\/tr><tr><td>S<\/td><td>66-67<\/td><td>14<\/td><td>64-74<\/td><\/tr><tr><td>M<\/td><td>70-80<\/td><td>15<\/td><td>68-78<\/td><\/tr><tr><td>L<\/td><td>75-84<\/td><td>16<\/td><td>72-82<\/td><\/tr><tr><td>XL<\/td><td>78-88<\/td><td>17<\/td><td>76-86<\/td><\/tr><tr><td colspan=\"4\">Sitediagram (INCH)<\/td><\/tr><tr><td>St\u00f8rrelse<\/td><td>Under Bust<\/td><td>Koph\u00f8jde<\/td><td>Talje<\/td><\/tr><tr><td>S<\/td><td>26.4-30.4<\/td><td>5.6<\/td><td>25.6-29.9<\/td><\/tr><tr><td>M<\/td><td>28-32<\/td><td>6<\/td><td>27.2-31.2<\/td><\/tr><tr><td>L<\/td><td>29.6-33.7<\/td><td>6.4<\/td><td>28.8-32.8<\/td><\/tr><tr><td>XL<\/td><td>31.2-35.2<\/td><td>6.8<\/td><td>30.4-34.4<\/td><\/tr><tr><td colspan=\"4\">Bem\u00e6rk: 1.Der kan v\u00e6re 1-2 cm afvigelse i forskellige st\u00f8rrelser, placeringer og str\u00e6k af stoffer. St\u00f8rrelsestabellen er kun til reference, der kan v\u00e6re lidt forskel p\u00e5, hvad du f\u00e5r. 2.Der er 3 slags elasticitet: h\u00f8j elasticitet (tosidet strakt), medium elasticitet (ensidig strakt) og ikke-elastisk (kan ikke str\u00e6kkes). 3. Farven kan v\u00e6re lysere eller m\u00f8rkere p\u00e5 grund af den forskellige pc-sk\u00e6rm. 4. Vask den i h\u00e5nden i 30 graders vand, h\u00e6ng den til t\u00f8rre i skygge, forbyd blegning. 5.Der er m\u00e5ske lidt forskel p\u00e5 detaljer og m\u00f8nster.<\/td><\/tr><\/tbody><\/table><\/figure>","protected":false},"excerpt":{"rendered":"<p>Lad din elskede fange dig med Halter Lace BH Sexet Lingeri S\u00e6t. Lavet af hvid blonde af h\u00f8j kvalitet, grime-bh med vipper, justerbare smalle racerformede skulderstropper, trusse med 4 tynde flettede stropper.<\/p>","protected":false},"featured_media":29246,"template":"","meta":[],"product_brand":[],"product_cat":[369,368,367],"product_tag":[448,446,447,509],"class_list":{"0":"post-29242","1":"product","2":"type-product","3":"status-publish","4":"has-post-thumbnail","6":"product_cat-wholesale-lace-bra-and-panty-sets","7":"product_cat-bra-panty-set","8":"product_cat-sexy-lingerie","9":"product_tag-wholesale-elegant-sexy-lingerie","10":"product_tag-wholesale-sexy-see-through-lingerie","11":"product_tag-wholesale-strappy-sexy-lingerie","12":"product_tag-two-pcs-set","13":"pa_color-white","14":"pa_cup-wholesale-half-cup-women-sexy-lingerie","15":"pa_size-wholesale-large-size-women-sexy-lingerie","16":"pa_size-wholesale-medium-size-women-sexy-lingerie","17":"pa_size-wholesale-small-size-sexy-lingerie","18":"pa_size-wholesale-extra-large-sexy-lingerie","20":"first","21":"instock","22":"taxable","23":"shipping-taxable","24":"purchasable","25":"product-type-variable"},"tiered_pricing_type":"fixed","tiered_pricing_fixed_rules":[],"tiered_pricing_product_settings":{"layout":"table","base_unit_name":{"singular":null,"plural":null},"default_variation":{}},"tiered_pricing_minimum_quantity":null,"tiered_pricing_roles_data":{"default_wholesaler":{"product_id":29242,"role":"default_wholesaler","pricing_type":"flat","regular_price":null,"sale_price":null,"discount":null,"discount_type":"sale_price","tiered_pricing_type":"fixed","percentage_rules":[],"fixed_rules":{"2":"6.59","30":"5.59","500":"4.89"},"minimum":null},"dropshippinger":{"product_id":29242,"role":"dropshippinger","pricing_type":"flat","regular_price":null,"sale_price":null,"discount":null,"discount_type":"sale_price","tiered_pricing_type":"fixed","percentage_rules":[],"fixed_rules":{"1":"7.89","5":"6.59","20":"5.59"},"minimum":null}},"tiered_pricing_percentage_rules":[],"tiered_pricing_maximum_quantity":null,"tiered_pricing_quantity_step":null,"_links":{"self":[{"href":"https:\/\/gretasexylingerie.com\/da\/wp-json\/wp\/v2\/product\/29242","targetHints":{"allow":["GET"]}}],"collection":[{"href":"https:\/\/gretasexylingerie.com\/da\/wp-json\/wp\/v2\/product"}],"about":[{"href":"https:\/\/gretasexylingerie.com\/da\/wp-json\/wp\/v2\/types\/product"}],"wp:featuredmedia":[{"embeddable":true,"href":"https:\/\/gretasexylingerie.com\/da\/wp-json\/wp\/v2\/media\/29246"}],"wp:attachment":[{"href":"https:\/\/gretasexylingerie.com\/da\/wp-json\/wp\/v2\/media?parent=29242"}],"wp:term":[{"taxonomy":"product_brand","embeddable":true,"href":"https:\/\/gretasexylingerie.com\/da\/wp-json\/wp\/v2\/product_brand?post=29242"},{"taxonomy":"product_cat","embeddable":true,"href":"https:\/\/gretasexylingerie.com\/da\/wp-json\/wp\/v2\/product_cat?post=29242"},{"taxonomy":"product_tag","embeddable":true,"href":"https:\/\/gretasexylingerie.com\/da\/wp-json\/wp\/v2\/product_tag?post=29242"}],"curies":[{"name":"wp","href":"https:\/\/api.w.org\/{rel}","templated":true}]}}