{"id":29177,"date":"2023-01-11T16:31:51","date_gmt":"2023-01-11T08:31:51","guid":{"rendered":"https:\/\/gretasexylingerie.com\/?post_type=product&#038;p=29177"},"modified":"2024-04-03T11:42:41","modified_gmt":"2024-04-03T03:42:41","slug":"dobbelt-skulderrem-6-delt-bh-trussesaet","status":"publish","type":"product","link":"https:\/\/gretasexylingerie.com\/da\/products\/double-shoulder-strap-6-piece-bra-panty-sets\/","title":{"rendered":"Dobbelt skulderstrop 6-delt bh-trusses\u00e6t"},"content":{"rendered":"<p>Funktioner:<br>1. Fem farver er tilg\u00e6ngelige, der er altid \u00e9n, der passer til dig.<br>2. Mesh stof, elastisk v\u00e6v, meget behageligt og luksuri\u00f8st.<br>3. Et komplet s\u00e6t tilbeh\u00f8r s\u00e5som halsring, str\u00f8mpeb\u00e5nd, benring osv., uden yderligere matchning.<\/p>\n\n\n\n<p>1. Alle vores produkter har tilstr\u00e6kkelig lagerbeholdning, velkommen til at afgive en ordre til enhver tid. Vi bekr\u00e6fter ordren inden for 24 timer efter du har afgivet ordren.<\/p>\n\n\n\n<p>2. Der er ingen MOQ-krav for alle vores lagerprodukter, og vi underst\u00f8tter blandet engros. N\u00e5r du har valgt en komplet SKU, vil systemet automatisk vise priserne svarende til forskellige m\u00e6ngder.<\/p>\n\n\n\n<p>3. Efter bekr\u00e6ftelse af ordren gennemf\u00f8rer vi normalt leveringen inden for 2-3 hverdage (undtagen helligdage eller andre s\u00e6rlige \u00e5rsager), du kan finde din ordre og spore dem i <a href=\"https:\/\/gretasexylingerie.com\/da\/kontakt-os\/\"><span class=\"s1\">Min konto<\/span><\/a>&nbsp;side.<\/p>\n\n\n\n<p>4. Vores standard forsendelsesmetode er med fly, hovedsageligt via Fedex, TNT, EMS, UPS, DHL eller andre logistikudbydere, afh\u00e6nger hovedsageligt af din ordre og adresse. Hvis du har brug for en mere \u00f8konomisk forsendelsesmetode eller har sp\u00f8rgsm\u00e5l om forsendelsesomkostninger, er du velkommen til at <a href=\"https:\/\/gretasexylingerie.com\/da\/min-konto\/\"><span class=\"s1\">kontakt os<\/span><\/a>.<\/p>\n\n\n\n<p>5. Vi betaler ikke importafgift for din ordre som standard. Du skal gennemf\u00f8re betalingen i henhold til kravene i dit land, n\u00e5r toldv\u00e6senet kontakter dig. Men hvis du har brug for det, bedes du venligst notere i ordren, at vi kan opkr\u00e6ve ekstra.<\/p>\n\n\n\n<p>6. Vores ordrer underst\u00f8tter returneringer, bes\u00f8g venligst vores <a href=\"https:\/\/gretasexylingerie.com\/da\/returpolitik\/\"><span class=\"s1\">returpolitik<\/span><\/a>&nbsp;for mere information.<\/p>\n\n\n\n<p>7. Hvis du har brug for at vide mere ofte stillede sp\u00f8rgsm\u00e5l, s\u00e5 bes\u00f8g venligst <a href=\"https:\/\/gretasexylingerie.com\/da\/kundehjaelp\/\"><span class=\"s1\">Kundehj\u00e6lp<\/span><\/a>.<\/p>\n\n\n\n<figure class=\"wp-block-table\"><table><tbody><tr><td colspan=\"4\">Site Chart (CM)<\/td><\/tr><tr><td>St\u00f8rrelse<\/td><td>Under Bust<\/td><td>Koph\u00f8jde<\/td><td>Talje<\/td><\/tr><tr><td>S<\/td><td>66-67<\/td><td>14<\/td><td>64-74<\/td><\/tr><tr><td>M<\/td><td>70-80<\/td><td>15<\/td><td>68-78<\/td><\/tr><tr><td>L<\/td><td>75-84<\/td><td>16<\/td><td>72-82<\/td><\/tr><tr><td>XL<\/td><td>78-88<\/td><td>17<\/td><td>76-86<\/td><\/tr><tr><td colspan=\"4\">Sitediagram (INCH)<\/td><\/tr><tr><td>St\u00f8rrelse<\/td><td>Under Bust<\/td><td>Koph\u00f8jde<\/td><td>Talje<\/td><\/tr><tr><td>S<\/td><td>26.4-30.4<\/td><td>5.6<\/td><td>25.6-29.9<\/td><\/tr><tr><td>M<\/td><td>28-32<\/td><td>6<\/td><td>27.2-31.2<\/td><\/tr><tr><td>L<\/td><td>29.6-33.7<\/td><td>6.4<\/td><td>28.8-32.8<\/td><\/tr><tr><td>XL<\/td><td>31.2-35.2<\/td><td>6.8<\/td><td>30.4-34.4<\/td><\/tr><tr><td colspan=\"4\">Bem\u00e6rk: 1.Der kan v\u00e6re 1-2 cm afvigelse i forskellige st\u00f8rrelser, placeringer og str\u00e6k af stoffer. St\u00f8rrelsestabellen er kun til reference, der kan v\u00e6re lidt forskel p\u00e5, hvad du f\u00e5r. 2.Der er 3 slags elasticitet: h\u00f8j elasticitet (tosidet strakt), medium elasticitet (ensidig strakt) og ikke-elastisk (kan ikke str\u00e6kkes). 3. Farven kan v\u00e6re lysere eller m\u00f8rkere p\u00e5 grund af den forskellige pc-sk\u00e6rm. 4. Vask den i h\u00e5nden i 30 graders vand, h\u00e6ng den til t\u00f8rre i skygge, forbyd blegning. 5.Der er m\u00e5ske lidt forskel p\u00e5 detaljer og m\u00f8nster.<\/td><\/tr><\/tbody><\/table><\/figure>","protected":false},"excerpt":{"rendered":"<p>Meget luksuri\u00f8st dobbelt skulderrem 6-delt bh-trusses\u00e6t! Dette lingeris\u00e6t har et komplet udvalg af lingeritilbeh\u00f8r! Bl\u00f8dt og \u00e5ndbart meshstof, f\u00e5s i 5 farver. Brug elastisk b\u00e5nd til trim og tilbeh\u00f8r.<\/p>","protected":false},"featured_media":29207,"template":"","meta":[],"product_brand":[],"product_cat":[368,374,369,367],"product_tag":[],"class_list":{"0":"post-29177","1":"product","2":"type-product","3":"status-publish","4":"has-post-thumbnail","6":"product_cat-bra-panty-set","7":"product_cat-wholesale-garter-belt-set","8":"product_cat-wholesale-lace-bra-and-panty-sets","9":"product_cat-sexy-lingerie","10":"pa_color-black","11":"pa_color-orange-red","12":"pa_color-sea-green-women-sexy-lingerie","13":"pa_cup-full-cup","14":"pa_size-wholesale-large-size-women-sexy-lingerie","15":"pa_size-wholesale-medium-size-women-sexy-lingerie","16":"pa_size-wholesale-small-size-sexy-lingerie","17":"pa_size-wholesale-extra-large-sexy-lingerie","19":"first","20":"instock","21":"taxable","22":"shipping-taxable","23":"purchasable","24":"product-type-variable"},"tiered_pricing_type":"fixed","tiered_pricing_fixed_rules":[],"tiered_pricing_product_settings":{"layout":"table","base_unit_name":{"singular":null,"plural":null},"default_variation":null},"tiered_pricing_minimum_quantity":null,"tiered_pricing_roles_data":{"default_wholesaler":{"product_id":29177,"role":"default_wholesaler","pricing_type":"flat","regular_price":null,"sale_price":null,"discount":null,"discount_type":"sale_price","tiered_pricing_type":"fixed","percentage_rules":[],"fixed_rules":{"2":"10.19","30":"8.79","500":"7.69"},"minimum":null},"dropshippinger":{"product_id":29177,"role":"dropshippinger","pricing_type":"flat","regular_price":null,"sale_price":null,"discount":null,"discount_type":"sale_price","tiered_pricing_type":"fixed","percentage_rules":[],"fixed_rules":{"1":"12.19","5":"10.19","20":"8.79"},"minimum":null}},"tiered_pricing_percentage_rules":[],"tiered_pricing_maximum_quantity":null,"tiered_pricing_quantity_step":null,"_links":{"self":[{"href":"https:\/\/gretasexylingerie.com\/da\/wp-json\/wp\/v2\/product\/29177","targetHints":{"allow":["GET"]}}],"collection":[{"href":"https:\/\/gretasexylingerie.com\/da\/wp-json\/wp\/v2\/product"}],"about":[{"href":"https:\/\/gretasexylingerie.com\/da\/wp-json\/wp\/v2\/types\/product"}],"wp:featuredmedia":[{"embeddable":true,"href":"https:\/\/gretasexylingerie.com\/da\/wp-json\/wp\/v2\/media\/29207"}],"wp:attachment":[{"href":"https:\/\/gretasexylingerie.com\/da\/wp-json\/wp\/v2\/media?parent=29177"}],"wp:term":[{"taxonomy":"product_brand","embeddable":true,"href":"https:\/\/gretasexylingerie.com\/da\/wp-json\/wp\/v2\/product_brand?post=29177"},{"taxonomy":"product_cat","embeddable":true,"href":"https:\/\/gretasexylingerie.com\/da\/wp-json\/wp\/v2\/product_cat?post=29177"},{"taxonomy":"product_tag","embeddable":true,"href":"https:\/\/gretasexylingerie.com\/da\/wp-json\/wp\/v2\/product_tag?post=29177"}],"curies":[{"name":"wp","href":"https:\/\/api.w.org\/{rel}","templated":true}]}}