{"id":28998,"date":"2023-01-10T11:54:47","date_gmt":"2023-01-10T03:54:47","guid":{"rendered":"https:\/\/gretasexylingerie.com\/?post_type=product&#038;p=28998"},"modified":"2024-04-03T11:15:47","modified_gmt":"2024-04-03T03:15:47","slug":"gennemsigtigt-mesh-polkaprikket-bh-saet","status":"publish","type":"product","link":"https:\/\/gretasexylingerie.com\/da\/products\/sheer-mesh-polka-dot-bra-set\/","title":{"rendered":"Sheer Mesh Polka Dot BH s\u00e6t"},"content":{"rendered":"<p>Funktioner:<\/p>\n\n\n\n<ol class=\"wp-block-list\">\n<li>Det elastiske mesh-b\u00e6ltedesign kan frit justere brystets st\u00f8rrelse.<\/li>\n\n\n\n<li>Gennemsigtigt plettet mesh-stof \u00f8ger komforten og fremh\u00e6ver sexighed.<br>At k\u00f8be 3 eller 4 produkter p\u00e5 \u00e9n gang er mere omkostningseffektivt.<\/li>\n<\/ol>\n\n\n\n<figure class=\"wp-block-table\"><table><tbody><tr><td colspan=\"4\">Site Chart (CM)<\/td><\/tr><tr><td>St\u00f8rrelse<\/td><td>Under Bust<\/td><td>Koph\u00f8jde<\/td><td>Talje<\/td><\/tr><tr><td>S<\/td><td>66-67<\/td><td>14<\/td><td>64-74<\/td><\/tr><tr><td>M<\/td><td>70-80<\/td><td>15<\/td><td>68-78<\/td><\/tr><tr><td>L<\/td><td>75-84<\/td><td>16<\/td><td>72-82<\/td><\/tr><tr><td>XL<\/td><td>78-88<\/td><td>17<\/td><td>76-86<\/td><\/tr><tr><td colspan=\"4\">Sitediagram (INCH)<\/td><\/tr><tr><td>St\u00f8rrelse<\/td><td>Under Bust<\/td><td>Koph\u00f8jde<\/td><td>Talje<\/td><\/tr><tr><td>S<\/td><td>26.4-30.4<\/td><td>5.6<\/td><td>25.6-29.9<\/td><\/tr><tr><td>M<\/td><td>28-32<\/td><td>6<\/td><td>27.2-31.2<\/td><\/tr><tr><td>L<\/td><td>29.6-33.7<\/td><td>6.4<\/td><td>28.8-32.8<\/td><\/tr><tr><td>XL<\/td><td>31.2-35.2<\/td><td>6.8<\/td><td>30.4-34.4<\/td><\/tr><\/tbody><\/table><\/figure>\n\n\n\n<p><\/p>\n\n\n\n<p>1. Alle vores produkter har tilstr\u00e6kkelig lagerbeholdning, velkommen til at afgive en ordre til enhver tid. Vi bekr\u00e6fter ordren inden for 24 timer efter du har afgivet ordren.<\/p>\n\n\n\n<p>2. Der er ingen MOQ-krav for alle vores lagerprodukter, og vi underst\u00f8tter blandet engros. N\u00e5r du har valgt en komplet SKU, vil systemet automatisk vise priserne svarende til forskellige m\u00e6ngder.<\/p>\n\n\n\n<p>3. Efter bekr\u00e6ftelse af ordren gennemf\u00f8rer vi normalt leveringen inden for 2-3 hverdage (undtagen helligdage eller andre s\u00e6rlige \u00e5rsager), du kan finde din ordre og spore dem i <a href=\"https:\/\/gretasexylingerie.com\/da\/kontakt-os\/\">Min konto<\/a>&nbsp;side.<\/p>\n\n\n\n<p>4. Vores standard forsendelsesmetode er med fly, hovedsageligt via Fedex, TNT, EMS, UPS, DHL eller andre logistikudbydere, afh\u00e6nger hovedsageligt af din ordre og adresse. Hvis du har brug for en mere \u00f8konomisk forsendelsesmetode eller har sp\u00f8rgsm\u00e5l om forsendelsesomkostninger, er du velkommen til at <a href=\"https:\/\/gretasexylingerie.com\/da\/min-konto\/\">kontakt os<\/a>.<\/p>\n\n\n\n<p>5. Vi betaler ikke importafgift for din ordre som standard. Du skal gennemf\u00f8re betalingen i henhold til kravene i dit land, n\u00e5r toldv\u00e6senet kontakter dig. Men hvis du har brug for det, bedes du venligst notere i ordren, at vi kan opkr\u00e6ve ekstra.<\/p>\n\n\n\n<p>6. Vores ordrer underst\u00f8tter returneringer, bes\u00f8g venligst vores <a href=\"https:\/\/gretasexylingerie.com\/da\/returpolitik\/\">returpolitik<\/a>&nbsp;for mere information.<\/p>\n\n\n\n<p>7. Hvis du har brug for at vide mere ofte stillede sp\u00f8rgsm\u00e5l, s\u00e5 bes\u00f8g venligst <a href=\"https:\/\/gretasexylingerie.com\/da\/kundehjaelp\/\">Kundehj\u00e6lp<\/a>.<\/p>","protected":false},"excerpt":{"rendered":"<p>Nydesignet Sheer Mesh Polka Dot BH-s\u00e6t! Brystet har et indviklet elastisk b\u00e5nddesign, der kan justeres efter behov for at fremh\u00e6ve din sk\u00f8nhed.<br \/>Det gennemsigtige plettede mesh-design tilf\u00f8jer mere fr\u00e6k dekoration og \u00f8ger komforten.<\/p>","protected":false},"featured_media":29010,"template":"","meta":[],"product_brand":[],"product_cat":[375,368,374,367,376],"product_tag":[452,448,451,446,447,504],"class_list":{"0":"post-28998","1":"product","2":"type-product","3":"status-publish","4":"has-post-thumbnail","6":"product_cat-whoelsale-sheer-bra-and-panty-sets","7":"product_cat-bra-panty-set","8":"product_cat-wholesale-garter-belt-set","9":"product_cat-sexy-lingerie","10":"product_cat-wholesale-ultra-sexy-bra-panty-set","11":"product_tag-wholesale-boudoir-lingerie","12":"product_tag-wholesale-elegant-sexy-lingerie","13":"product_tag-wholesale-revealing-lingerie","14":"product_tag-wholesale-sexy-see-through-lingerie","15":"product_tag-wholesale-strappy-sexy-lingerie","16":"product_tag-ultra-sexy","17":"pa_color-black","18":"pa_cup-wholesale-half-cup-women-sexy-lingerie","19":"pa_size-wholesale-large-size-women-sexy-lingerie","20":"pa_size-wholesale-medium-size-women-sexy-lingerie","21":"pa_size-wholesale-small-size-sexy-lingerie","22":"pa_size-wholesale-extra-large-sexy-lingerie","24":"first","25":"instock","26":"taxable","27":"shipping-taxable","28":"purchasable","29":"product-type-variable"},"tiered_pricing_type":"fixed","tiered_pricing_fixed_rules":[],"tiered_pricing_product_settings":{"layout":"table","base_unit_name":{"singular":null,"plural":null},"default_variation":null},"tiered_pricing_minimum_quantity":null,"tiered_pricing_roles_data":{"default_wholesaler":{"product_id":28998,"role":"default_wholesaler","pricing_type":"flat","regular_price":null,"sale_price":null,"discount":null,"discount_type":"sale_price","tiered_pricing_type":"fixed","percentage_rules":[],"fixed_rules":{"2":"9.39","30":"8.09","500":"7.09"},"minimum":null},"dropshippinger":{"product_id":28998,"role":"dropshippinger","pricing_type":"flat","regular_price":null,"sale_price":null,"discount":null,"discount_type":"sale_price","tiered_pricing_type":"fixed","percentage_rules":[],"fixed_rules":{"2":"11.29","5":"9.38","20":"8.09"},"minimum":null}},"tiered_pricing_percentage_rules":[],"tiered_pricing_maximum_quantity":null,"tiered_pricing_quantity_step":null,"_links":{"self":[{"href":"https:\/\/gretasexylingerie.com\/da\/wp-json\/wp\/v2\/product\/28998","targetHints":{"allow":["GET"]}}],"collection":[{"href":"https:\/\/gretasexylingerie.com\/da\/wp-json\/wp\/v2\/product"}],"about":[{"href":"https:\/\/gretasexylingerie.com\/da\/wp-json\/wp\/v2\/types\/product"}],"wp:featuredmedia":[{"embeddable":true,"href":"https:\/\/gretasexylingerie.com\/da\/wp-json\/wp\/v2\/media\/29010"}],"wp:attachment":[{"href":"https:\/\/gretasexylingerie.com\/da\/wp-json\/wp\/v2\/media?parent=28998"}],"wp:term":[{"taxonomy":"product_brand","embeddable":true,"href":"https:\/\/gretasexylingerie.com\/da\/wp-json\/wp\/v2\/product_brand?post=28998"},{"taxonomy":"product_cat","embeddable":true,"href":"https:\/\/gretasexylingerie.com\/da\/wp-json\/wp\/v2\/product_cat?post=28998"},{"taxonomy":"product_tag","embeddable":true,"href":"https:\/\/gretasexylingerie.com\/da\/wp-json\/wp\/v2\/product_tag?post=28998"}],"curies":[{"name":"wp","href":"https:\/\/api.w.org\/{rel}","templated":true}]}}